{"id":918,"date":"2024-09-10T14:57:00","date_gmt":"2024-09-10T14:57:00","guid":{"rendered":"https:\/\/bmdprekyba.lt\/?post_type=product&#038;p=918"},"modified":"2026-01-09T12:01:23","modified_gmt":"2026-01-09T12:01:23","slug":"sviestuvas-eye-ocean-3927c","status":"publish","type":"product","link":"https:\/\/bmdprekyba.lt\/en\/product\/sviestuvas-eye-ocean-3927c\/","title":{"rendered":"Skaitymo \u0161viestuvas Eyocean Sidabrinis"},"content":{"rendered":"<p>Skaitymo lempa EYOCEAN LED Sidabrinis , su reguliuojama spalvos temperatura ir ry\u0161kum\u0173 (3 re\u017eimai, 10 pritemdymo lygi\u0173), CE adapteris, 5W, u\u017espaudejas, sidabras<\/p>","protected":false},"excerpt":{"rendered":"<p>Skaitymo lempa EYOCEAN LED Sidabrinis , su reguliuojama spalvos temperatura ir ry\u0161kum\u0173 (3 re\u017eimai, 10 pritemdymo lygi\u0173), CE adapteris, 5W, u\u017espaudejas, sidabras<\/p>","protected":false},"featured_media":1112,"comment_status":"open","ping_status":"closed","template":"","meta":{"_acf_changed":false,"inline_featured_image":false},"product_brand":[],"product_cat":[50],"product_tag":[],"class_list":{"0":"post-918","1":"product","2":"type-product","3":"status-publish","4":"has-post-thumbnail","6":"product_cat-apsvietimas","8":"first","9":"instock","10":"taxable","11":"shipping-taxable","12":"purchasable","13":"product-type-simple"},"acf":[],"_links":{"self":[{"href":"https:\/\/bmdprekyba.lt\/en\/wp-json\/wp\/v2\/product\/918","targetHints":{"allow":["GET"]}}],"collection":[{"href":"https:\/\/bmdprekyba.lt\/en\/wp-json\/wp\/v2\/product"}],"about":[{"href":"https:\/\/bmdprekyba.lt\/en\/wp-json\/wp\/v2\/types\/product"}],"replies":[{"embeddable":true,"href":"https:\/\/bmdprekyba.lt\/en\/wp-json\/wp\/v2\/comments?post=918"}],"wp:featuredmedia":[{"embeddable":true,"href":"https:\/\/bmdprekyba.lt\/en\/wp-json\/wp\/v2\/media\/1112"}],"wp:attachment":[{"href":"https:\/\/bmdprekyba.lt\/en\/wp-json\/wp\/v2\/media?parent=918"}],"wp:term":[{"taxonomy":"product_brand","embeddable":true,"href":"https:\/\/bmdprekyba.lt\/en\/wp-json\/wp\/v2\/product_brand?post=918"},{"taxonomy":"product_cat","embeddable":true,"href":"https:\/\/bmdprekyba.lt\/en\/wp-json\/wp\/v2\/product_cat?post=918"},{"taxonomy":"product_tag","embeddable":true,"href":"https:\/\/bmdprekyba.lt\/en\/wp-json\/wp\/v2\/product_tag?post=918"}],"curies":[{"name":"wp","href":"https:\/\/api.w.org\/{rel}","templated":true}]}}