{"id":2858,"date":"2026-02-17T13:42:55","date_gmt":"2026-02-17T13:42:55","guid":{"rendered":"https:\/\/bmdprekyba.lt\/?post_type=product&#038;p=2858"},"modified":"2026-02-17T13:42:56","modified_gmt":"2026-02-17T13:42:56","slug":"bluetooth-car-adapter","status":"publish","type":"product","link":"https:\/\/bmdprekyba.lt\/en\/product\/bluetooth-car-adapter\/","title":{"rendered":"Bluetooth Car Adapter"},"content":{"rendered":"<h2 data-start=\"0\" data-end=\"60\">Bluetooth automobilinis adapteris su PD36W ir QC3.0 \ud83d\ude97\u26a1<\/h2>\n<p data-start=\"62\" data-end=\"191\">Modernus ir galingas <strong data-start=\"83\" data-end=\"109\">Bluetooth FM adapteris<\/strong> \u2013 patogiam vairavimui, greitam \u012fkrovimui ir kokybi\u0161kam garsui viename \u012frenginyje.<\/p>\n<h3 data-start=\"193\" data-end=\"216\">\u26a1 Greitas \u012fkrovimas<\/h3>\n<ul data-start=\"217\" data-end=\"325\">\n<li data-start=\"217\" data-end=\"243\">\n<p data-start=\"219\" data-end=\"243\"><strong data-start=\"219\" data-end=\"229\">USB-A:<\/strong> SCP \/ QC3.0<\/p>\n<\/li>\n<li data-start=\"244\" data-end=\"325\">\n<p data-start=\"246\" data-end=\"325\"><strong data-start=\"246\" data-end=\"257\">Type-C:<\/strong> PD 36W<br data-start=\"264\" data-end=\"267\" \/>Greitai ir saugiai \u012fkrauna telefonus bei kitus \u012frenginius.<\/p>\n<\/li>\n<\/ul>\n<h3 data-start=\"327\" data-end=\"353\">\ud83d\udcde Laisv\u0173 rank\u0173 \u012franga<\/h3>\n<ul data-start=\"354\" data-end=\"488\">\n<li data-start=\"354\" data-end=\"385\">\n<p data-start=\"356\" data-end=\"385\">Atsiliepti \/ baigti pokalb\u012f<\/p>\n<\/li>\n<li data-start=\"386\" data-end=\"402\">\n<p data-start=\"388\" data-end=\"402\">Play \/ Pause<\/p>\n<\/li>\n<li data-start=\"403\" data-end=\"423\">\n<p data-start=\"405\" data-end=\"423\">FM+ \/ kita daina<\/p>\n<\/li>\n<li data-start=\"424\" data-end=\"488\">\n<p data-start=\"426\" data-end=\"488\">Ilgas paspaudimas \u2013 garsas +<br data-start=\"454\" data-end=\"457\" \/>Patogus valdymas vienu mygtuku.<\/p>\n<\/li>\n<\/ul>\n<h3 data-start=\"490\" data-end=\"512\">\ud83c\udf08 LED ap\u0161vietimas<\/h3>\n<p data-start=\"513\" data-end=\"594\">Spalvotas LED ap\u0161vietimas suteikia stiling\u0105 ir modern\u0173 vaizd\u0105 automobilio salone.<\/p>\n<h3 data-start=\"596\" data-end=\"619\">\ud83d\udee0 Tvirtas dizainas<\/h3>\n<p data-start=\"620\" data-end=\"704\">Korpusas pagamintas i\u0161 <strong data-start=\"643\" data-end=\"660\">cinko lydinio<\/strong> \u2013 patvarus, atsparus kar\u0161\u010diui ir ilgaam\u017eis.<\/p>\n<p data-start=\"706\" data-end=\"767\" data-is-last-node=\"\" data-is-only-node=\"\"><strong data-start=\"706\" data-end=\"767\" data-is-last-node=\"\">Greitas \u012fkrovimas. Ai\u0161k\u016bs skambu\u010diai. Stilingas dizainas.<\/strong><\/p>","protected":false},"excerpt":{"rendered":"<p>Bluetooth automobilinis adapteris su PD36W ir QC3.0 \ud83d\ude97\u26a1 Modernus ir galingas Bluetooth FM adapteris \u2013 patogiam vairavimui, greitam \u012fkrovimui ir kokybi\u0161kam garsui viename \u012frenginyje. \u26a1 Greitas \u012fkrovimas USB-A: SCP \/ QC3.0 Type-C: PD 36WGreitai ir saugiai \u012fkrauna telefonus bei kitus \u012frenginius. \ud83d\udcde Laisv\u0173 rank\u0173 \u012franga Atsiliepti \/ baigti pokalb\u012f Play \/ Pause FM+ \/ kita [&hellip;]<\/p>\n","protected":false},"featured_media":2859,"comment_status":"open","ping_status":"closed","template":"","meta":{"_acf_changed":false,"inline_featured_image":false},"product_brand":[],"product_cat":[103,44],"product_tag":[],"class_list":{"0":"post-2858","1":"product","2":"type-product","3":"status-publish","4":"has-post-thumbnail","6":"product_cat-auto-ir-moto-prekes","7":"product_cat-elektronika","9":"first","10":"instock","11":"taxable","12":"shipping-taxable","13":"purchasable","14":"product-type-simple"},"acf":[],"_links":{"self":[{"href":"https:\/\/bmdprekyba.lt\/en\/wp-json\/wp\/v2\/product\/2858","targetHints":{"allow":["GET"]}}],"collection":[{"href":"https:\/\/bmdprekyba.lt\/en\/wp-json\/wp\/v2\/product"}],"about":[{"href":"https:\/\/bmdprekyba.lt\/en\/wp-json\/wp\/v2\/types\/product"}],"replies":[{"embeddable":true,"href":"https:\/\/bmdprekyba.lt\/en\/wp-json\/wp\/v2\/comments?post=2858"}],"wp:featuredmedia":[{"embeddable":true,"href":"https:\/\/bmdprekyba.lt\/en\/wp-json\/wp\/v2\/media\/2859"}],"wp:attachment":[{"href":"https:\/\/bmdprekyba.lt\/en\/wp-json\/wp\/v2\/media?parent=2858"}],"wp:term":[{"taxonomy":"product_brand","embeddable":true,"href":"https:\/\/bmdprekyba.lt\/en\/wp-json\/wp\/v2\/product_brand?post=2858"},{"taxonomy":"product_cat","embeddable":true,"href":"https:\/\/bmdprekyba.lt\/en\/wp-json\/wp\/v2\/product_cat?post=2858"},{"taxonomy":"product_tag","embeddable":true,"href":"https:\/\/bmdprekyba.lt\/en\/wp-json\/wp\/v2\/product_tag?post=2858"}],"curies":[{"name":"wp","href":"https:\/\/api.w.org\/{rel}","templated":true}]}}