{"id":2848,"date":"2026-02-06T08:36:18","date_gmt":"2026-02-06T08:36:18","guid":{"rendered":"https:\/\/bmdprekyba.lt\/?post_type=product&#038;p=2848"},"modified":"2026-02-06T08:40:44","modified_gmt":"2026-02-06T08:40:44","slug":"savigreziai-i-metala-42x19-mm","status":"publish","type":"product","link":"https:\/\/bmdprekyba.lt\/en\/product\/savigreziai-i-metala-42x19-mm\/","title":{"rendered":"Savigr\u0119\u017eiai \u012f metal\u0105 4,2\u00d719 mm 4 d\u0117\u017e."},"content":{"rendered":"<p>Savigr\u0119\u017eiai var\u017etai skirti metalo detali\u0173 tvirtinimui. Dydis <strong data-start=\"177\" data-end=\"190\" data-is-only-node=\"\">4,2\u00d719 mm<\/strong>, plok\u0161\u010dia galvut\u0117 u\u017etikrina lyg\u0173 pavir\u0161i\u0173, LYG baltai cinkuota danga <strong data-start=\"260\" data-end=\"268\">5 \u00b5m<\/strong> suteikia apsaug\u0105 nuo korozijos.<\/p>\n<p>Tinka vidaus ir lengviems i\u0161or\u0117s darbams.<\/p>\n<p>Parduodama tik pakuot\u0117mis: 4 d\u0117\u017eut\u0117s.<\/p>\n<p>Jei reikia kit\u0173 dyd\u017ei\u0173 ar kieki\u0173 \u2013 susisiekite, suderinsime.<\/p>","protected":false},"excerpt":{"rendered":"<p>Savigr\u0119\u017eiai var\u017etai skirti metalo detali\u0173 tvirtinimui. Dydis 4,2\u00d719 mm, plok\u0161\u010dia galvut\u0117 u\u017etikrina lyg\u0173 pavir\u0161i\u0173, LYG baltai cinkuota danga 5 \u00b5m suteikia apsaug\u0105 nuo korozijos. Tinka vidaus ir lengviems i\u0161or\u0117s darbams. Parduodama tik pakuot\u0117mis: 4 d\u0117\u017eut\u0117s. Jei reikia kit\u0173 dyd\u017ei\u0173 ar kieki\u0173 \u2013 susisiekite, suderinsime.<\/p>","protected":false},"featured_media":2849,"comment_status":"open","ping_status":"closed","template":"","meta":{"_acf_changed":false,"inline_featured_image":false},"product_brand":[],"product_cat":[108],"product_tag":[],"class_list":{"0":"post-2848","1":"product","2":"type-product","3":"status-publish","4":"has-post-thumbnail","6":"product_cat-viskas-statyboms","8":"first","9":"instock","10":"taxable","11":"shipping-taxable","12":"purchasable","13":"product-type-simple"},"acf":[],"_links":{"self":[{"href":"https:\/\/bmdprekyba.lt\/en\/wp-json\/wp\/v2\/product\/2848","targetHints":{"allow":["GET"]}}],"collection":[{"href":"https:\/\/bmdprekyba.lt\/en\/wp-json\/wp\/v2\/product"}],"about":[{"href":"https:\/\/bmdprekyba.lt\/en\/wp-json\/wp\/v2\/types\/product"}],"replies":[{"embeddable":true,"href":"https:\/\/bmdprekyba.lt\/en\/wp-json\/wp\/v2\/comments?post=2848"}],"wp:featuredmedia":[{"embeddable":true,"href":"https:\/\/bmdprekyba.lt\/en\/wp-json\/wp\/v2\/media\/2849"}],"wp:attachment":[{"href":"https:\/\/bmdprekyba.lt\/en\/wp-json\/wp\/v2\/media?parent=2848"}],"wp:term":[{"taxonomy":"product_brand","embeddable":true,"href":"https:\/\/bmdprekyba.lt\/en\/wp-json\/wp\/v2\/product_brand?post=2848"},{"taxonomy":"product_cat","embeddable":true,"href":"https:\/\/bmdprekyba.lt\/en\/wp-json\/wp\/v2\/product_cat?post=2848"},{"taxonomy":"product_tag","embeddable":true,"href":"https:\/\/bmdprekyba.lt\/en\/wp-json\/wp\/v2\/product_tag?post=2848"}],"curies":[{"name":"wp","href":"https:\/\/api.w.org\/{rel}","templated":true}]}}