{"id":2844,"date":"2026-02-06T08:26:10","date_gmt":"2026-02-06T08:26:10","guid":{"rendered":"https:\/\/bmdprekyba.lt\/?post_type=product&#038;p=2844"},"modified":"2026-02-06T08:41:22","modified_gmt":"2026-02-06T08:41:22","slug":"gkp-savisriegiai-i-medi-35x41-mm","status":"publish","type":"product","link":"https:\/\/bmdprekyba.lt\/en\/product\/gkp-savisriegiai-i-medi-35x41-mm\/","title":{"rendered":"GKP savisriegiai \u012f med\u012f 3,5\u00d741 mm 4 d\u0117\u017e."},"content":{"rendered":"<p>Fosforuoti savisriegiai GKP plok\u0161\u010di\u0173 tvirtinimui prie medini\u0173 konstrukcij\u0173. Dydis 3,5\u00d741 mm, atsparumas korozijai iki 48 val., a\u0161trus galas greitam ir patikimam montavimui. Tinka vidaus darbams.<\/p>\n<p><strong data-start=\"286\" data-end=\"384\" data-is-last-node=\"\" data-is-only-node=\"\">Parduodama pakuot\u0117mis: 4 d\u0117\u017eut\u0117s po 500 vnt.<\/strong><\/p>\n<p><strong data-start=\"286\" data-end=\"384\" data-is-last-node=\"\" data-is-only-node=\"\"> D\u0117l kit\u0173 dyd\u017ei\u0173 ra\u0161ykite el. pa\u0161tu \u2013 suderinsime.<\/strong><\/p>","protected":false},"excerpt":{"rendered":"<p>Fosforuoti savisriegiai GKP plok\u0161\u010di\u0173 tvirtinimui prie medini\u0173 konstrukcij\u0173. Dydis 3,5\u00d741 mm, atsparumas korozijai iki 48 val., a\u0161trus galas greitam ir patikimam montavimui. Tinka vidaus darbams. Parduodama pakuot\u0117mis: 4 d\u0117\u017eut\u0117s po 500 vnt. D\u0117l kit\u0173 dyd\u017ei\u0173 ra\u0161ykite el. pa\u0161tu \u2013 suderinsime.<\/p>","protected":false},"featured_media":2845,"comment_status":"open","ping_status":"closed","template":"","meta":{"_acf_changed":false,"inline_featured_image":false},"product_brand":[],"product_cat":[108],"product_tag":[],"class_list":{"0":"post-2844","1":"product","2":"type-product","3":"status-publish","4":"has-post-thumbnail","6":"product_cat-viskas-statyboms","8":"first","9":"instock","10":"taxable","11":"shipping-taxable","12":"purchasable","13":"product-type-simple"},"acf":[],"_links":{"self":[{"href":"https:\/\/bmdprekyba.lt\/en\/wp-json\/wp\/v2\/product\/2844","targetHints":{"allow":["GET"]}}],"collection":[{"href":"https:\/\/bmdprekyba.lt\/en\/wp-json\/wp\/v2\/product"}],"about":[{"href":"https:\/\/bmdprekyba.lt\/en\/wp-json\/wp\/v2\/types\/product"}],"replies":[{"embeddable":true,"href":"https:\/\/bmdprekyba.lt\/en\/wp-json\/wp\/v2\/comments?post=2844"}],"wp:featuredmedia":[{"embeddable":true,"href":"https:\/\/bmdprekyba.lt\/en\/wp-json\/wp\/v2\/media\/2845"}],"wp:attachment":[{"href":"https:\/\/bmdprekyba.lt\/en\/wp-json\/wp\/v2\/media?parent=2844"}],"wp:term":[{"taxonomy":"product_brand","embeddable":true,"href":"https:\/\/bmdprekyba.lt\/en\/wp-json\/wp\/v2\/product_brand?post=2844"},{"taxonomy":"product_cat","embeddable":true,"href":"https:\/\/bmdprekyba.lt\/en\/wp-json\/wp\/v2\/product_cat?post=2844"},{"taxonomy":"product_tag","embeddable":true,"href":"https:\/\/bmdprekyba.lt\/en\/wp-json\/wp\/v2\/product_tag?post=2844"}],"curies":[{"name":"wp","href":"https:\/\/api.w.org\/{rel}","templated":true}]}}