{"id":2841,"date":"2026-02-06T08:12:50","date_gmt":"2026-02-06T08:12:50","guid":{"rendered":"https:\/\/bmdprekyba.lt\/?post_type=product&#038;p=2841"},"modified":"2026-02-06T08:42:18","modified_gmt":"2026-02-06T08:42:18","slug":"gkp-savisriegiai-i-metala-35x32-mm","status":"publish","type":"product","link":"https:\/\/bmdprekyba.lt\/en\/product\/gkp-savisriegiai-i-metala-35x32-mm\/","title":{"rendered":"GKP savisriegiai \u012f metal\u0105 3,5\u00d732 mm 4 d\u0117\u017e."},"content":{"rendered":"<p>Fosforuoti savisriegiai GKP plok\u0161\u010di\u0173 tvirtinimui prie metalinio profilio. Dydis 3,5\u00d732 mm, atsparumas korozijai iki 48 val., a\u0161trus galas greitam ir tiksliam montavimui. Tinka vidaus darbams.<\/p>\n<p><strong data-start=\"290\" data-end=\"338\" data-is-last-node=\"\" data-is-only-node=\"\">Parduodama pakuot\u0117mis: 4 d\u0117\u017eut\u0117s po 500 vnt.<\/strong><\/p>\n<div class=\"flex flex-col text-sm pb-25\">\n<article class=\"text-token-text-primary w-full focus:outline-none [--shadow-height:45px] has-data-writing-block:pointer-events-none has-data-writing-block:-mt-(--shadow-height) has-data-writing-block:pt-(--shadow-height) [&amp;:has([data-writing-block])&gt;*]:pointer-events-auto scroll-mt-[calc(var(--header-height)+min(200px,max(70px,20svh)))]\" dir=\"auto\" tabindex=\"-1\" data-turn-id=\"request-WEB:2c197453-c81a-40af-85b5-eb1cfecfe0ba-4\" data-testid=\"conversation-turn-10\" data-scroll-anchor=\"true\" data-turn=\"assistant\">\n<div class=\"text-base my-auto mx-auto pb-10 [--thread-content-margin:--spacing(4)] @w-sm\/main:[--thread-content-margin:--spacing(6)] @w-lg\/main:[--thread-content-margin:--spacing(16)] px-(--thread-content-margin)\">\n<div class=\"[--thread-content-max-width:40rem] @w-lg\/main:[--thread-content-max-width:48rem] mx-auto max-w-(--thread-content-max-width) flex-1 group\/turn-messages focus-visible:outline-hidden relative flex w-full min-w-0 flex-col agent-turn\" tabindex=\"-1\">\n<div class=\"flex max-w-full flex-col grow\">\n<div class=\"min-h-8 text-message relative flex w-full flex-col items-end gap-2 text-start break-words whitespace-normal [.text-message+&amp;]:mt-1\" dir=\"auto\" data-message-author-role=\"assistant\" data-message-id=\"e7361793-d9bf-4f07-9002-e5a8018cc11d\" data-message-model-slug=\"gpt-5-2\">\n<div class=\"flex w-full flex-col gap-1 empty:hidden first:pt-[1px]\">\n<div class=\"markdown prose dark:prose-invert w-full wrap-break-word dark markdown-new-styling\">\n<p data-start=\"104\" data-end=\"411\" data-is-last-node=\"\" data-is-only-node=\"\"><strong data-start=\"313\" data-end=\"411\" data-is-last-node=\"\" data-is-only-node=\"\">D\u0117l kit\u0173 dyd\u017ei\u0173 ra\u0161ykite el. pa\u0161tu \u2013 suderinsime.<\/strong><\/p>\n<\/div>\n<\/div>\n<\/div>\n<\/div>\n<\/div>\n<\/div>\n<\/article>\n<\/div>\n","protected":false},"excerpt":{"rendered":"<p>Fosforuoti savisriegiai GKP plok\u0161\u010di\u0173 tvirtinimui prie metalinio profilio. Dydis 3,5\u00d732 mm, atsparumas korozijai iki 48 val., a\u0161trus galas greitam ir tiksliam montavimui. Tinka vidaus darbams. Parduodama pakuot\u0117mis: 4 d\u0117\u017eut\u0117s po 500 vnt. D\u0117l kit\u0173 dyd\u017ei\u0173 ra\u0161ykite el. pa\u0161tu \u2013 suderinsime.<\/p>","protected":false},"featured_media":2842,"comment_status":"open","ping_status":"closed","template":"","meta":{"_acf_changed":false,"inline_featured_image":false},"product_brand":[],"product_cat":[108],"product_tag":[],"class_list":{"0":"post-2841","1":"product","2":"type-product","3":"status-publish","4":"has-post-thumbnail","6":"product_cat-viskas-statyboms","8":"first","9":"instock","10":"taxable","11":"shipping-taxable","12":"purchasable","13":"product-type-simple"},"acf":[],"_links":{"self":[{"href":"https:\/\/bmdprekyba.lt\/en\/wp-json\/wp\/v2\/product\/2841","targetHints":{"allow":["GET"]}}],"collection":[{"href":"https:\/\/bmdprekyba.lt\/en\/wp-json\/wp\/v2\/product"}],"about":[{"href":"https:\/\/bmdprekyba.lt\/en\/wp-json\/wp\/v2\/types\/product"}],"replies":[{"embeddable":true,"href":"https:\/\/bmdprekyba.lt\/en\/wp-json\/wp\/v2\/comments?post=2841"}],"wp:featuredmedia":[{"embeddable":true,"href":"https:\/\/bmdprekyba.lt\/en\/wp-json\/wp\/v2\/media\/2842"}],"wp:attachment":[{"href":"https:\/\/bmdprekyba.lt\/en\/wp-json\/wp\/v2\/media?parent=2841"}],"wp:term":[{"taxonomy":"product_brand","embeddable":true,"href":"https:\/\/bmdprekyba.lt\/en\/wp-json\/wp\/v2\/product_brand?post=2841"},{"taxonomy":"product_cat","embeddable":true,"href":"https:\/\/bmdprekyba.lt\/en\/wp-json\/wp\/v2\/product_cat?post=2841"},{"taxonomy":"product_tag","embeddable":true,"href":"https:\/\/bmdprekyba.lt\/en\/wp-json\/wp\/v2\/product_tag?post=2841"}],"curies":[{"name":"wp","href":"https:\/\/api.w.org\/{rel}","templated":true}]}}