{"id":2838,"date":"2026-02-05T09:59:11","date_gmt":"2026-02-05T09:59:11","guid":{"rendered":"https:\/\/bmdprekyba.lt\/?post_type=product&#038;p=2838"},"modified":"2026-02-05T09:59:12","modified_gmt":"2026-02-05T09:59:12","slug":"preciva-300-mm-kombinuotas-kampaini","status":"publish","type":"product","link":"https:\/\/bmdprekyba.lt\/en\/product\/preciva-300-mm-kombinuotas-kampaini\/","title":{"rendered":"Preciva 300 mm kombinuotas kampaini"},"content":{"rendered":"<p><strong data-start=\"163\" data-end=\"195\">300 mm kombinuotas kampainis<\/strong> yra universalus \u017eym\u0117jimo ir matavimo \u012frankis medienos apdirbimui ar \u201epasidaryk pats\u201c darbams. Jis padeda tiksliai pa\u017eym\u0117ti <strong data-start=\"319\" data-end=\"340\">90\u00b0 ir 45\u00b0 kampus<\/strong>, atlikti br\u0117\u017einius ir matavimus, tod\u0117l idealiai tinka staliaus, konstrukcij\u0173 ar nam\u0173 projektams. Pagamintas i\u0161 patvaraus aliuminio lydinio, \u0161is \u0161ablonas yra lengvas ir prakti\u0161kas naudoti.<\/p>","protected":false},"excerpt":{"rendered":"<p>300 mm kombinuotas kampainis yra universalus \u017eym\u0117jimo ir matavimo \u012frankis medienos apdirbimui ar \u201epasidaryk pats\u201c darbams. Jis padeda tiksliai pa\u017eym\u0117ti 90\u00b0 ir 45\u00b0 kampus, atlikti br\u0117\u017einius ir matavimus, tod\u0117l idealiai tinka staliaus, konstrukcij\u0173 ar nam\u0173 projektams. Pagamintas i\u0161 patvaraus aliuminio lydinio, \u0161is \u0161ablonas yra lengvas ir prakti\u0161kas naudoti.<\/p>","protected":false},"featured_media":2839,"comment_status":"open","ping_status":"closed","template":"","meta":{"_acf_changed":false,"inline_featured_image":false},"product_brand":[],"product_cat":[79,106],"product_tag":[],"class_list":{"0":"post-2838","1":"product","2":"type-product","3":"status-publish","4":"has-post-thumbnail","6":"product_cat-irankiai","7":"product_cat-sodo-prekes","9":"first","10":"instock","11":"taxable","12":"shipping-taxable","13":"purchasable","14":"product-type-simple"},"acf":[],"_links":{"self":[{"href":"https:\/\/bmdprekyba.lt\/en\/wp-json\/wp\/v2\/product\/2838","targetHints":{"allow":["GET"]}}],"collection":[{"href":"https:\/\/bmdprekyba.lt\/en\/wp-json\/wp\/v2\/product"}],"about":[{"href":"https:\/\/bmdprekyba.lt\/en\/wp-json\/wp\/v2\/types\/product"}],"replies":[{"embeddable":true,"href":"https:\/\/bmdprekyba.lt\/en\/wp-json\/wp\/v2\/comments?post=2838"}],"wp:featuredmedia":[{"embeddable":true,"href":"https:\/\/bmdprekyba.lt\/en\/wp-json\/wp\/v2\/media\/2839"}],"wp:attachment":[{"href":"https:\/\/bmdprekyba.lt\/en\/wp-json\/wp\/v2\/media?parent=2838"}],"wp:term":[{"taxonomy":"product_brand","embeddable":true,"href":"https:\/\/bmdprekyba.lt\/en\/wp-json\/wp\/v2\/product_brand?post=2838"},{"taxonomy":"product_cat","embeddable":true,"href":"https:\/\/bmdprekyba.lt\/en\/wp-json\/wp\/v2\/product_cat?post=2838"},{"taxonomy":"product_tag","embeddable":true,"href":"https:\/\/bmdprekyba.lt\/en\/wp-json\/wp\/v2\/product_tag?post=2838"}],"curies":[{"name":"wp","href":"https:\/\/api.w.org\/{rel}","templated":true}]}}