{"id":2835,"date":"2026-02-05T09:56:42","date_gmt":"2026-02-05T09:56:42","guid":{"rendered":"https:\/\/bmdprekyba.lt\/?post_type=product&#038;p=2835"},"modified":"2026-02-05T09:56:42","modified_gmt":"2026-02-05T09:56:42","slug":"metalo-detektorius-sunpow","status":"publish","type":"product","link":"https:\/\/bmdprekyba.lt\/en\/product\/metalo-detektorius-sunpow\/","title":{"rendered":"Metalo detektorius SUNPOW"},"content":{"rendered":"<p>Patikimas <strong data-start=\"147\" data-end=\"188\">vandeniui atsparus metalo detektorius<\/strong> su <strong data-start=\"192\" data-end=\"217\">8 coli\u0173 paie\u0161kos rite<\/strong> u\u017etikrina didesn\u012f tikslum\u0105 ie\u0161kant metalini\u0173 objekt\u0173. Ergonomi\u0161kas dizainas ir tvirta juoda konstrukcija leid\u017eia patogiai naudoti \u012fvairiose s\u0105lygose, tiek sausumoje, tiek vandenyje.<\/p>","protected":false},"excerpt":{"rendered":"<p>Patikimas vandeniui atsparus metalo detektorius su 8 coli\u0173 paie\u0161kos rite u\u017etikrina didesn\u012f tikslum\u0105 ie\u0161kant metalini\u0173 objekt\u0173. Ergonomi\u0161kas dizainas ir tvirta juoda konstrukcija leid\u017eia patogiai naudoti \u012fvairiose s\u0105lygose, tiek sausumoje, tiek vandenyje.<\/p>","protected":false},"featured_media":2837,"comment_status":"open","ping_status":"closed","template":"","meta":{"_acf_changed":false,"inline_featured_image":false},"product_brand":[],"product_cat":[15,44,79,106,102],"product_tag":[],"class_list":{"0":"post-2835","1":"product","2":"type-product","3":"status-publish","4":"has-post-thumbnail","6":"product_cat-be-kategorijos","7":"product_cat-elektronika","8":"product_cat-irankiai","9":"product_cat-sodo-prekes","10":"product_cat-sporto-ir-turizmo-prekes","12":"first","13":"instock","14":"taxable","15":"shipping-taxable","16":"purchasable","17":"product-type-simple"},"acf":[],"_links":{"self":[{"href":"https:\/\/bmdprekyba.lt\/en\/wp-json\/wp\/v2\/product\/2835","targetHints":{"allow":["GET"]}}],"collection":[{"href":"https:\/\/bmdprekyba.lt\/en\/wp-json\/wp\/v2\/product"}],"about":[{"href":"https:\/\/bmdprekyba.lt\/en\/wp-json\/wp\/v2\/types\/product"}],"replies":[{"embeddable":true,"href":"https:\/\/bmdprekyba.lt\/en\/wp-json\/wp\/v2\/comments?post=2835"}],"wp:featuredmedia":[{"embeddable":true,"href":"https:\/\/bmdprekyba.lt\/en\/wp-json\/wp\/v2\/media\/2837"}],"wp:attachment":[{"href":"https:\/\/bmdprekyba.lt\/en\/wp-json\/wp\/v2\/media?parent=2835"}],"wp:term":[{"taxonomy":"product_brand","embeddable":true,"href":"https:\/\/bmdprekyba.lt\/en\/wp-json\/wp\/v2\/product_brand?post=2835"},{"taxonomy":"product_cat","embeddable":true,"href":"https:\/\/bmdprekyba.lt\/en\/wp-json\/wp\/v2\/product_cat?post=2835"},{"taxonomy":"product_tag","embeddable":true,"href":"https:\/\/bmdprekyba.lt\/en\/wp-json\/wp\/v2\/product_tag?post=2835"}],"curies":[{"name":"wp","href":"https:\/\/api.w.org\/{rel}","templated":true}]}}