{"id":2832,"date":"2026-02-05T09:52:13","date_gmt":"2026-02-05T09:52:13","guid":{"rendered":"https:\/\/bmdprekyba.lt\/?post_type=product&#038;p=2832"},"modified":"2026-02-05T09:52:13","modified_gmt":"2026-02-05T09:52:13","slug":"rommisie-4k-hdmi-kabelis-12-m","status":"publish","type":"product","link":"https:\/\/bmdprekyba.lt\/en\/product\/rommisie-4k-hdmi-kabelis-12-m\/","title":{"rendered":"Rommisie 4K HDMI kabelis 12 m"},"content":{"rendered":"<p>Auk\u0161tos kokyb\u0117s <strong data-start=\"145\" data-end=\"164\">4K HDMI kabelis<\/strong> u\u017etikrina skland\u0173 ir greit\u0105 vaizdo bei garso perdavim\u0105. <strong data-start=\"221\" data-end=\"244\">Paauksuotos jungtys<\/strong> gerina signalo kokyb\u0119, o 12 metr\u0173 ilgis leid\u017eia patogiai prijungti \u012frenginius. Stilingos <strong data-start=\"334\" data-end=\"352\">juodos jungtys<\/strong> der\u0117s prie bet kokios \u012frangos.<\/p>","protected":false},"excerpt":{"rendered":"<p>Auk\u0161tos kokyb\u0117s 4K HDMI kabelis u\u017etikrina skland\u0173 ir greit\u0105 vaizdo bei garso perdavim\u0105. Paauksuotos jungtys gerina signalo kokyb\u0119, o 12 metr\u0173 ilgis leid\u017eia patogiai prijungti \u012frenginius. Stilingos juodos jungtys der\u0117s prie bet kokios \u012frangos.<\/p>","protected":false},"featured_media":2833,"comment_status":"open","ping_status":"closed","template":"","meta":{"_acf_changed":false,"inline_featured_image":false},"product_brand":[],"product_cat":[15,44],"product_tag":[],"class_list":{"0":"post-2832","1":"product","2":"type-product","3":"status-publish","4":"has-post-thumbnail","6":"product_cat-be-kategorijos","7":"product_cat-elektronika","9":"first","10":"instock","11":"taxable","12":"shipping-taxable","13":"purchasable","14":"product-type-simple"},"acf":[],"_links":{"self":[{"href":"https:\/\/bmdprekyba.lt\/en\/wp-json\/wp\/v2\/product\/2832","targetHints":{"allow":["GET"]}}],"collection":[{"href":"https:\/\/bmdprekyba.lt\/en\/wp-json\/wp\/v2\/product"}],"about":[{"href":"https:\/\/bmdprekyba.lt\/en\/wp-json\/wp\/v2\/types\/product"}],"replies":[{"embeddable":true,"href":"https:\/\/bmdprekyba.lt\/en\/wp-json\/wp\/v2\/comments?post=2832"}],"wp:featuredmedia":[{"embeddable":true,"href":"https:\/\/bmdprekyba.lt\/en\/wp-json\/wp\/v2\/media\/2833"}],"wp:attachment":[{"href":"https:\/\/bmdprekyba.lt\/en\/wp-json\/wp\/v2\/media?parent=2832"}],"wp:term":[{"taxonomy":"product_brand","embeddable":true,"href":"https:\/\/bmdprekyba.lt\/en\/wp-json\/wp\/v2\/product_brand?post=2832"},{"taxonomy":"product_cat","embeddable":true,"href":"https:\/\/bmdprekyba.lt\/en\/wp-json\/wp\/v2\/product_cat?post=2832"},{"taxonomy":"product_tag","embeddable":true,"href":"https:\/\/bmdprekyba.lt\/en\/wp-json\/wp\/v2\/product_tag?post=2832"}],"curies":[{"name":"wp","href":"https:\/\/api.w.org\/{rel}","templated":true}]}}