{"id":2828,"date":"2026-02-05T09:48:56","date_gmt":"2026-02-05T09:48:56","guid":{"rendered":"https:\/\/bmdprekyba.lt\/?post_type=product&#038;p=2828"},"modified":"2026-02-05T09:48:56","modified_gmt":"2026-02-05T09:48:56","slug":"vitafit-virtuves-svarstykles-3-kg","status":"publish","type":"product","link":"https:\/\/bmdprekyba.lt\/en\/product\/vitafit-virtuves-svarstykles-3-kg\/","title":{"rendered":"Vitafit virtuv\u0117s svarstykl\u0117s 3 kg"},"content":{"rendered":"<p>Tikslios <strong data-start=\"142\" data-end=\"179\">skaitmenin\u0117s virtuv\u0117s svarstykl\u0117s<\/strong> sveria iki <strong data-start=\"191\" data-end=\"199\">3 kg<\/strong> su <strong data-start=\"203\" data-end=\"221\">0,1 g tikslumu<\/strong>. Ai\u0161kus <strong data-start=\"230\" data-end=\"245\" data-is-only-node=\"\">LCD ekranas<\/strong> ir patogi <strong data-start=\"256\" data-end=\"277\">taravimo funkcija<\/strong> leid\u017eia lengvai matuoti ingredientus. Eleganti\u0161ka <strong data-start=\"328\" data-end=\"348\">sidabrin\u0117 spalva<\/strong> puikiai dera bet kurioje virtuv\u0117je.<\/p>","protected":false},"excerpt":{"rendered":"<p>Tikslios skaitmenin\u0117s virtuv\u0117s svarstykl\u0117s sveria iki 3 kg su 0,1 g tikslumu. Ai\u0161kus LCD ekranas ir patogi taravimo funkcija leid\u017eia lengvai matuoti ingredientus. Eleganti\u0161ka sidabrin\u0117 spalva puikiai dera bet kurioje virtuv\u0117je.<\/p>","protected":false},"featured_media":2829,"comment_status":"open","ping_status":"closed","template":"","meta":{"_acf_changed":false,"inline_featured_image":false},"product_brand":[],"product_cat":[44,79],"product_tag":[],"class_list":{"0":"post-2828","1":"product","2":"type-product","3":"status-publish","4":"has-post-thumbnail","6":"product_cat-elektronika","7":"product_cat-irankiai","9":"first","10":"instock","11":"taxable","12":"shipping-taxable","13":"purchasable","14":"product-type-simple"},"acf":[],"_links":{"self":[{"href":"https:\/\/bmdprekyba.lt\/en\/wp-json\/wp\/v2\/product\/2828","targetHints":{"allow":["GET"]}}],"collection":[{"href":"https:\/\/bmdprekyba.lt\/en\/wp-json\/wp\/v2\/product"}],"about":[{"href":"https:\/\/bmdprekyba.lt\/en\/wp-json\/wp\/v2\/types\/product"}],"replies":[{"embeddable":true,"href":"https:\/\/bmdprekyba.lt\/en\/wp-json\/wp\/v2\/comments?post=2828"}],"wp:featuredmedia":[{"embeddable":true,"href":"https:\/\/bmdprekyba.lt\/en\/wp-json\/wp\/v2\/media\/2829"}],"wp:attachment":[{"href":"https:\/\/bmdprekyba.lt\/en\/wp-json\/wp\/v2\/media?parent=2828"}],"wp:term":[{"taxonomy":"product_brand","embeddable":true,"href":"https:\/\/bmdprekyba.lt\/en\/wp-json\/wp\/v2\/product_brand?post=2828"},{"taxonomy":"product_cat","embeddable":true,"href":"https:\/\/bmdprekyba.lt\/en\/wp-json\/wp\/v2\/product_cat?post=2828"},{"taxonomy":"product_tag","embeddable":true,"href":"https:\/\/bmdprekyba.lt\/en\/wp-json\/wp\/v2\/product_tag?post=2828"}],"curies":[{"name":"wp","href":"https:\/\/api.w.org\/{rel}","templated":true}]}}