{"id":2825,"date":"2026-02-05T09:45:14","date_gmt":"2026-02-05T09:45:14","guid":{"rendered":"https:\/\/bmdprekyba.lt\/?post_type=product&#038;p=2825"},"modified":"2026-02-05T09:45:14","modified_gmt":"2026-02-05T09:45:14","slug":"kodine-dviracio-spyna-4-skaitmenu","status":"publish","type":"product","link":"https:\/\/bmdprekyba.lt\/en\/product\/kodine-dviracio-spyna-4-skaitmenu\/","title":{"rendered":"Kodin\u0117 dvira\u010dio spyna 4 skaitmen\u0173"},"content":{"rendered":"<p>Patikima <strong data-start=\"229\" data-end=\"257\">4 skaitmen\u0173 kodin\u0117 spyna<\/strong>, tinkanti dvira\u010diams, motociklams ar paspirtukams. Kompakti\u0161ka ir <strong data-start=\"324\" data-end=\"342\">patogi naudoti<\/strong>, juoda spalva suteikia diskreti\u0161k\u0105, modern\u0173 dizain\u0105, o saugus u\u017eraktas apsaugo j\u016bs\u0173 transporto priemon\u0119 kasdien.<\/p>","protected":false},"excerpt":{"rendered":"<p>Patikima 4 skaitmen\u0173 kodin\u0117 spyna, tinkanti dvira\u010diams, motociklams ar paspirtukams. Kompakti\u0161ka ir patogi naudoti, juoda spalva suteikia diskreti\u0161k\u0105, modern\u0173 dizain\u0105, o saugus u\u017eraktas apsaugo j\u016bs\u0173 transporto priemon\u0119 kasdien.<\/p>","protected":false},"featured_media":2826,"comment_status":"open","ping_status":"closed","template":"","meta":{"_acf_changed":false,"inline_featured_image":false},"product_brand":[],"product_cat":[103,79,102],"product_tag":[],"class_list":{"0":"post-2825","1":"product","2":"type-product","3":"status-publish","4":"has-post-thumbnail","6":"product_cat-auto-ir-moto-prekes","7":"product_cat-irankiai","8":"product_cat-sporto-ir-turizmo-prekes","10":"first","11":"instock","12":"taxable","13":"shipping-taxable","14":"purchasable","15":"product-type-simple"},"acf":[],"_links":{"self":[{"href":"https:\/\/bmdprekyba.lt\/en\/wp-json\/wp\/v2\/product\/2825","targetHints":{"allow":["GET"]}}],"collection":[{"href":"https:\/\/bmdprekyba.lt\/en\/wp-json\/wp\/v2\/product"}],"about":[{"href":"https:\/\/bmdprekyba.lt\/en\/wp-json\/wp\/v2\/types\/product"}],"replies":[{"embeddable":true,"href":"https:\/\/bmdprekyba.lt\/en\/wp-json\/wp\/v2\/comments?post=2825"}],"wp:featuredmedia":[{"embeddable":true,"href":"https:\/\/bmdprekyba.lt\/en\/wp-json\/wp\/v2\/media\/2826"}],"wp:attachment":[{"href":"https:\/\/bmdprekyba.lt\/en\/wp-json\/wp\/v2\/media?parent=2825"}],"wp:term":[{"taxonomy":"product_brand","embeddable":true,"href":"https:\/\/bmdprekyba.lt\/en\/wp-json\/wp\/v2\/product_brand?post=2825"},{"taxonomy":"product_cat","embeddable":true,"href":"https:\/\/bmdprekyba.lt\/en\/wp-json\/wp\/v2\/product_cat?post=2825"},{"taxonomy":"product_tag","embeddable":true,"href":"https:\/\/bmdprekyba.lt\/en\/wp-json\/wp\/v2\/product_tag?post=2825"}],"curies":[{"name":"wp","href":"https:\/\/api.w.org\/{rel}","templated":true}]}}