{"id":2822,"date":"2026-02-05T09:40:24","date_gmt":"2026-02-05T09:40:24","guid":{"rendered":"https:\/\/bmdprekyba.lt\/?post_type=product&#038;p=2822"},"modified":"2026-02-05T09:40:25","modified_gmt":"2026-02-05T09:40:25","slug":"vitafit-kisenines-svarstykles-500-g","status":"publish","type":"product","link":"https:\/\/bmdprekyba.lt\/en\/product\/vitafit-kisenines-svarstykles-500-g\/","title":{"rendered":"Vitafit ki\u0161enin\u0117s svarstykl\u0117s 500 g"},"content":{"rendered":"<p><strong data-start=\"76\" data-end=\"122\">Vitafit skaitmenin\u0117s ki\u0161enin\u0117s svarstykl\u0117s<\/strong> skirtos tiksliam smulki\u0173 daikt\u0173 sv\u0117rimui. Jos sveria iki <strong data-start=\"180\" data-end=\"189\">500 g<\/strong> su <strong data-start=\"193\" data-end=\"212\">0,01 g tikslumu<\/strong>, tod\u0117l puikiai tinka papuo\u0161alams, prieskoniams ar kitiems smulkiems ingredientams. Ai\u0161kus <strong data-start=\"303\" data-end=\"318\">LCD ekranas<\/strong> leid\u017eia lengvai matyti rodmenis, o kompakti\u0161kas dizainas patogus naudoti ir laikyti.<\/p>","protected":false},"excerpt":{"rendered":"<p>Vitafit skaitmenin\u0117s ki\u0161enin\u0117s svarstykl\u0117s skirtos tiksliam smulki\u0173 daikt\u0173 sv\u0117rimui. Jos sveria iki 500 g su 0,01 g tikslumu, tod\u0117l puikiai tinka papuo\u0161alams, prieskoniams ar kitiems smulkiems ingredientams. Ai\u0161kus LCD ekranas leid\u017eia lengvai matyti rodmenis, o kompakti\u0161kas dizainas patogus naudoti ir laikyti.<\/p>","protected":false},"featured_media":2823,"comment_status":"open","ping_status":"closed","template":"","meta":{"_acf_changed":false,"inline_featured_image":false},"product_brand":[],"product_cat":[44,79],"product_tag":[],"class_list":{"0":"post-2822","1":"product","2":"type-product","3":"status-publish","4":"has-post-thumbnail","6":"product_cat-elektronika","7":"product_cat-irankiai","9":"first","10":"instock","11":"taxable","12":"shipping-taxable","13":"purchasable","14":"product-type-simple"},"acf":[],"_links":{"self":[{"href":"https:\/\/bmdprekyba.lt\/en\/wp-json\/wp\/v2\/product\/2822","targetHints":{"allow":["GET"]}}],"collection":[{"href":"https:\/\/bmdprekyba.lt\/en\/wp-json\/wp\/v2\/product"}],"about":[{"href":"https:\/\/bmdprekyba.lt\/en\/wp-json\/wp\/v2\/types\/product"}],"replies":[{"embeddable":true,"href":"https:\/\/bmdprekyba.lt\/en\/wp-json\/wp\/v2\/comments?post=2822"}],"wp:featuredmedia":[{"embeddable":true,"href":"https:\/\/bmdprekyba.lt\/en\/wp-json\/wp\/v2\/media\/2823"}],"wp:attachment":[{"href":"https:\/\/bmdprekyba.lt\/en\/wp-json\/wp\/v2\/media?parent=2822"}],"wp:term":[{"taxonomy":"product_brand","embeddable":true,"href":"https:\/\/bmdprekyba.lt\/en\/wp-json\/wp\/v2\/product_brand?post=2822"},{"taxonomy":"product_cat","embeddable":true,"href":"https:\/\/bmdprekyba.lt\/en\/wp-json\/wp\/v2\/product_cat?post=2822"},{"taxonomy":"product_tag","embeddable":true,"href":"https:\/\/bmdprekyba.lt\/en\/wp-json\/wp\/v2\/product_tag?post=2822"}],"curies":[{"name":"wp","href":"https:\/\/api.w.org\/{rel}","templated":true}]}}