{"id":2819,"date":"2026-02-05T09:35:50","date_gmt":"2026-02-05T09:35:50","guid":{"rendered":"https:\/\/bmdprekyba.lt\/?post_type=product&#038;p=2819"},"modified":"2026-02-05T09:40:42","modified_gmt":"2026-02-05T09:40:42","slug":"vitafit-15-kg-svarstykles","status":"publish","type":"product","link":"https:\/\/bmdprekyba.lt\/en\/product\/vitafit-15-kg-svarstykles\/","title":{"rendered":"Vitafit 15 kg svarstykl\u0117s"},"content":{"rendered":"<p><strong data-start=\"57\" data-end=\"102\">Vitafit skaitmenin\u0117s virtuv\u0117s svarstykl\u0117s<\/strong> leid\u017eia tiksliai sverti iki <strong data-start=\"131\" data-end=\"140\">15 kg<\/strong> su <strong data-start=\"144\" data-end=\"169\">1 g \/ 0,1 oz tikslumu<\/strong>, tod\u0117l puikiai tinka kepimui ir kasdieniam maisto gaminimui. Ry\u0161kus <strong data-start=\"238\" data-end=\"253\">LED ekranas<\/strong> u\u017etikrina ai\u0161k\u0173 rodmen\u0173 matym\u0105, o patogi taros funkcija leid\u017eia sverti produktus tiesiai inde. Stilinga <strong data-start=\"358\" data-end=\"375\" data-is-only-node=\"\">m\u0117lyna spalva<\/strong> suteikia virtuvei i\u0161skirtinumo.<\/p>","protected":false},"excerpt":{"rendered":"<p>Vitafit skaitmenin\u0117s virtuv\u0117s svarstykl\u0117s leid\u017eia tiksliai sverti iki 15 kg su 1 g \/ 0,1 oz tikslumu, tod\u0117l puikiai tinka kepimui ir kasdieniam maisto gaminimui. Ry\u0161kus LED ekranas u\u017etikrina ai\u0161k\u0173 rodmen\u0173 matym\u0105, o patogi taros funkcija leid\u017eia sverti produktus tiesiai inde. Stilinga m\u0117lyna spalva suteikia virtuvei i\u0161skirtinumo.<\/p>","protected":false},"featured_media":2820,"comment_status":"open","ping_status":"closed","template":"","meta":{"_acf_changed":false,"inline_featured_image":false},"product_brand":[],"product_cat":[44,79],"product_tag":[],"class_list":{"0":"post-2819","1":"product","2":"type-product","3":"status-publish","4":"has-post-thumbnail","6":"product_cat-elektronika","7":"product_cat-irankiai","9":"first","10":"instock","11":"taxable","12":"shipping-taxable","13":"purchasable","14":"product-type-simple"},"acf":[],"_links":{"self":[{"href":"https:\/\/bmdprekyba.lt\/en\/wp-json\/wp\/v2\/product\/2819","targetHints":{"allow":["GET"]}}],"collection":[{"href":"https:\/\/bmdprekyba.lt\/en\/wp-json\/wp\/v2\/product"}],"about":[{"href":"https:\/\/bmdprekyba.lt\/en\/wp-json\/wp\/v2\/types\/product"}],"replies":[{"embeddable":true,"href":"https:\/\/bmdprekyba.lt\/en\/wp-json\/wp\/v2\/comments?post=2819"}],"wp:featuredmedia":[{"embeddable":true,"href":"https:\/\/bmdprekyba.lt\/en\/wp-json\/wp\/v2\/media\/2820"}],"wp:attachment":[{"href":"https:\/\/bmdprekyba.lt\/en\/wp-json\/wp\/v2\/media?parent=2819"}],"wp:term":[{"taxonomy":"product_brand","embeddable":true,"href":"https:\/\/bmdprekyba.lt\/en\/wp-json\/wp\/v2\/product_brand?post=2819"},{"taxonomy":"product_cat","embeddable":true,"href":"https:\/\/bmdprekyba.lt\/en\/wp-json\/wp\/v2\/product_cat?post=2819"},{"taxonomy":"product_tag","embeddable":true,"href":"https:\/\/bmdprekyba.lt\/en\/wp-json\/wp\/v2\/product_tag?post=2819"}],"curies":[{"name":"wp","href":"https:\/\/api.w.org\/{rel}","templated":true}]}}