{"id":2816,"date":"2026-02-05T09:32:42","date_gmt":"2026-02-05T09:32:42","guid":{"rendered":"https:\/\/bmdprekyba.lt\/?post_type=product&#038;p=2816"},"modified":"2026-02-05T09:41:03","modified_gmt":"2026-02-05T09:41:03","slug":"virtuves-svarstykles-vitafit-10-kg","status":"publish","type":"product","link":"https:\/\/bmdprekyba.lt\/en\/product\/virtuves-svarstykles-vitafit-10-kg\/","title":{"rendered":"Virtuv\u0117s svarstykl\u0117s &#8222;Vitafit&#8221; 10 kg"},"content":{"rendered":"<p><strong data-start=\"69\" data-end=\"114\">Vitafit skaitmenin\u0117s virtuv\u0117s svarstykl\u0117s<\/strong> u\u017etikrina tiksl\u0173 sv\u0117rim\u0105 iki <strong data-start=\"144\" data-end=\"153\">10 kg<\/strong> su <strong data-start=\"157\" data-end=\"173\">1 g tikslumu<\/strong>. Ry\u0161kus <strong data-start=\"182\" data-end=\"197\">LED ekranas<\/strong> ir patogi <strong data-start=\"208\" data-end=\"226\" data-is-only-node=\"\">taros funkcija<\/strong> leid\u017eia lengvai sverti ingredientus kasdieniam maisto gaminimui. Minimalistinis juodas dizainas puikiai tiks bet kuriai virtuvei.<\/p>","protected":false},"excerpt":{"rendered":"<p>Vitafit skaitmenin\u0117s virtuv\u0117s svarstykl\u0117s u\u017etikrina tiksl\u0173 sv\u0117rim\u0105 iki 10 kg su 1 g tikslumu. Ry\u0161kus LED ekranas ir patogi taros funkcija leid\u017eia lengvai sverti ingredientus kasdieniam maisto gaminimui. Minimalistinis juodas dizainas puikiai tiks bet kuriai virtuvei.<\/p>","protected":false},"featured_media":2817,"comment_status":"open","ping_status":"closed","template":"","meta":{"_acf_changed":false,"inline_featured_image":false},"product_brand":[],"product_cat":[44,79],"product_tag":[],"class_list":{"0":"post-2816","1":"product","2":"type-product","3":"status-publish","4":"has-post-thumbnail","6":"product_cat-elektronika","7":"product_cat-irankiai","9":"first","10":"instock","11":"taxable","12":"shipping-taxable","13":"purchasable","14":"product-type-simple"},"acf":[],"_links":{"self":[{"href":"https:\/\/bmdprekyba.lt\/en\/wp-json\/wp\/v2\/product\/2816","targetHints":{"allow":["GET"]}}],"collection":[{"href":"https:\/\/bmdprekyba.lt\/en\/wp-json\/wp\/v2\/product"}],"about":[{"href":"https:\/\/bmdprekyba.lt\/en\/wp-json\/wp\/v2\/types\/product"}],"replies":[{"embeddable":true,"href":"https:\/\/bmdprekyba.lt\/en\/wp-json\/wp\/v2\/comments?post=2816"}],"wp:featuredmedia":[{"embeddable":true,"href":"https:\/\/bmdprekyba.lt\/en\/wp-json\/wp\/v2\/media\/2817"}],"wp:attachment":[{"href":"https:\/\/bmdprekyba.lt\/en\/wp-json\/wp\/v2\/media?parent=2816"}],"wp:term":[{"taxonomy":"product_brand","embeddable":true,"href":"https:\/\/bmdprekyba.lt\/en\/wp-json\/wp\/v2\/product_brand?post=2816"},{"taxonomy":"product_cat","embeddable":true,"href":"https:\/\/bmdprekyba.lt\/en\/wp-json\/wp\/v2\/product_cat?post=2816"},{"taxonomy":"product_tag","embeddable":true,"href":"https:\/\/bmdprekyba.lt\/en\/wp-json\/wp\/v2\/product_tag?post=2816"}],"curies":[{"name":"wp","href":"https:\/\/api.w.org\/{rel}","templated":true}]}}