{"id":2775,"date":"2026-01-14T07:19:09","date_gmt":"2026-01-14T07:19:09","guid":{"rendered":"https:\/\/bmdprekyba.lt\/?post_type=product&#038;p=2775"},"modified":"2026-01-22T10:32:29","modified_gmt":"2026-01-22T10:32:29","slug":"bekontaktis-lazerinis-termometras","status":"publish","type":"product","link":"https:\/\/bmdprekyba.lt\/en\/product\/bekontaktis-lazerinis-termometras\/","title":{"rendered":"Bekontaktis lazerinis termometras"},"content":{"rendered":"<h3 data-start=\"116\" data-end=\"169\"><strong data-start=\"120\" data-end=\"167\">Bekontaktis lazerinis termometras SOVARCATE<\/strong><\/h3>\n<p data-start=\"171\" data-end=\"392\">Tikslus ir patogus <strong data-start=\"190\" data-end=\"215\">lazerinis termometras<\/strong> leid\u017eia greitai pamatuoti temperat\u016br\u0105 be kontakto. Tinka naudojimui virtuv\u0117je, kepimui, virimui ar \u0161aldikliams \u2013 galite matuoti pavir\u0161iaus temperat\u016br\u0105 saugiai ir higieni\u0161kai.<\/p>\n<p data-start=\"394\" data-end=\"658\">Termometro <strong data-start=\"405\" data-end=\"456\">reguliuojamas infraraudon\u0173j\u0173 spinduli\u0173 jutiklis<\/strong> u\u017etikrina patikimus rezultatus nuo labai \u017eemos iki labai auk\u0161tos temperat\u016bros. Pridedamas papildomas <strong data-start=\"558\" data-end=\"579\">m\u0117sos termometras<\/strong>, kad patikrintum\u0117te tiksl\u0173 maisto vid\u0173, u\u017etikrinant tobul\u0105 kepim\u0105 ar virim\u0105.<\/p>\n<p data-start=\"660\" data-end=\"690\"><strong data-start=\"660\" data-end=\"688\">Pagrindiniai privalumai:<\/strong><\/p>\n<ul data-start=\"691\" data-end=\"898\">\n<li data-start=\"691\" data-end=\"731\">\n<p data-start=\"693\" data-end=\"731\">Bekontaktis ir higieni\u0161kas matavimas<\/p>\n<\/li>\n<li data-start=\"732\" data-end=\"766\">\n<p data-start=\"734\" data-end=\"766\">Platus temperat\u016bros diapazonas<\/p>\n<\/li>\n<li data-start=\"767\" data-end=\"812\">\n<p data-start=\"769\" data-end=\"812\">Tikslus infraraudon\u0173j\u0173 spinduli\u0173 jutiklis<\/p>\n<\/li>\n<li data-start=\"813\" data-end=\"855\">\n<p data-start=\"815\" data-end=\"855\">Tinka pavir\u0161iams, maistui, \u0161aldikliams<\/p>\n<\/li>\n<li data-start=\"856\" data-end=\"898\">\n<p data-start=\"858\" data-end=\"898\">Komplekte pridedamas m\u0117sos termometras<\/p>\n<\/li>\n<\/ul>","protected":false},"excerpt":{"rendered":"<p>Bekontaktis lazerinis termometras SOVARCATE Tikslus ir patogus lazerinis termometras leid\u017eia greitai pamatuoti temperat\u016br\u0105 be kontakto. Tinka naudojimui virtuv\u0117je, kepimui, virimui ar \u0161aldikliams \u2013 galite matuoti pavir\u0161iaus temperat\u016br\u0105 saugiai ir higieni\u0161kai. Termometro reguliuojamas infraraudon\u0173j\u0173 spinduli\u0173 jutiklis u\u017etikrina patikimus rezultatus nuo labai \u017eemos iki labai auk\u0161tos temperat\u016bros. Pridedamas papildomas m\u0117sos termometras, kad patikrintum\u0117te tiksl\u0173 maisto vid\u0173, u\u017etikrinant [&hellip;]<\/p>\n","protected":false},"featured_media":2776,"comment_status":"open","ping_status":"closed","template":"","meta":{"_acf_changed":false,"inline_featured_image":false},"product_brand":[],"product_cat":[44,79],"product_tag":[],"class_list":{"0":"post-2775","1":"product","2":"type-product","3":"status-publish","4":"has-post-thumbnail","6":"product_cat-elektronika","7":"product_cat-irankiai","9":"first","10":"instock","11":"taxable","12":"shipping-taxable","13":"purchasable","14":"product-type-simple"},"acf":[],"_links":{"self":[{"href":"https:\/\/bmdprekyba.lt\/en\/wp-json\/wp\/v2\/product\/2775","targetHints":{"allow":["GET"]}}],"collection":[{"href":"https:\/\/bmdprekyba.lt\/en\/wp-json\/wp\/v2\/product"}],"about":[{"href":"https:\/\/bmdprekyba.lt\/en\/wp-json\/wp\/v2\/types\/product"}],"replies":[{"embeddable":true,"href":"https:\/\/bmdprekyba.lt\/en\/wp-json\/wp\/v2\/comments?post=2775"}],"wp:featuredmedia":[{"embeddable":true,"href":"https:\/\/bmdprekyba.lt\/en\/wp-json\/wp\/v2\/media\/2776"}],"wp:attachment":[{"href":"https:\/\/bmdprekyba.lt\/en\/wp-json\/wp\/v2\/media?parent=2775"}],"wp:term":[{"taxonomy":"product_brand","embeddable":true,"href":"https:\/\/bmdprekyba.lt\/en\/wp-json\/wp\/v2\/product_brand?post=2775"},{"taxonomy":"product_cat","embeddable":true,"href":"https:\/\/bmdprekyba.lt\/en\/wp-json\/wp\/v2\/product_cat?post=2775"},{"taxonomy":"product_tag","embeddable":true,"href":"https:\/\/bmdprekyba.lt\/en\/wp-json\/wp\/v2\/product_tag?post=2775"}],"curies":[{"name":"wp","href":"https:\/\/api.w.org\/{rel}","templated":true}]}}