{"id":2772,"date":"2026-01-14T07:15:07","date_gmt":"2026-01-14T07:15:07","guid":{"rendered":"https:\/\/bmdprekyba.lt\/?post_type=product&#038;p=2772"},"modified":"2026-01-14T07:19:51","modified_gmt":"2026-01-14T07:19:51","slug":"kelioninis-krepsys-su-pompa","status":"publish","type":"product","link":"https:\/\/bmdprekyba.lt\/en\/product\/kelioninis-krepsys-su-pompa\/","title":{"rendered":"Kelioninis krep\u0161ys su pompa"},"content":{"rendered":"<h3 data-start=\"99\" data-end=\"144\"><strong data-start=\"103\" data-end=\"142\">Patogus kelioninis krep\u0161ys su pompa<\/strong><\/h3>\n<p data-start=\"145\" data-end=\"384\">Lengvas ir prakti\u0161kas <strong data-start=\"167\" data-end=\"209\">kelioninis krep\u0161ys su integruota pompa<\/strong> \u2013 puikus sprendimas tiek kelion\u0117ms, tiek i\u0161vykoms gamtoje. Speciali konstrukcija leid\u017eia greitai suspausti ar prip\u016bsti krep\u0161io turin\u012f, tod\u0117l viskas lieka tvarkingai sud\u0117ta.<\/p>\n<p data-start=\"386\" data-end=\"644\">Krep\u0161ys pagamintas i\u0161 tvirto ir atsparaus med\u017eiagos, o ry\u0161ki <strong data-start=\"447\" data-end=\"464\">m\u0117lyna spalva<\/strong> suteikia modern\u0173 ir stiling\u0105 \u012fvaizd\u012f. Kompakti\u0161kas dydis ir patogios rankenos leid\u017eia patogiai ne\u0161iotis kelion\u0117je ar transportuoti daiktus namuose, sporto sal\u0117je ar papl\u016bdimyje.<\/p>\n<p data-start=\"646\" data-end=\"676\"><strong data-start=\"646\" data-end=\"674\">Pagrindiniai privalumai:<\/strong><\/p>\n<ul data-start=\"677\" data-end=\"846\">\n<li data-start=\"677\" data-end=\"717\">\n<p data-start=\"679\" data-end=\"717\">Integruota pompa tvarkingam turiniui<\/p>\n<\/li>\n<li data-start=\"718\" data-end=\"741\">\n<p data-start=\"720\" data-end=\"741\">Lengvas ir patvarus<\/p>\n<\/li>\n<li data-start=\"742\" data-end=\"767\">\n<p data-start=\"744\" data-end=\"767\">Moderni m\u0117lyna spalva<\/p>\n<\/li>\n<li data-start=\"768\" data-end=\"800\">\n<p data-start=\"770\" data-end=\"800\">Patogios rankenos ne\u0161iojimui<\/p>\n<\/li>\n<li data-start=\"801\" data-end=\"846\">\n<p data-start=\"803\" data-end=\"846\">Idealiai tinka kelion\u0117ms ir laisvalaikiui<\/p>\n<\/li>\n<\/ul>","protected":false},"excerpt":{"rendered":"<h3 data-start=\"99\" data-end=\"144\"><strong data-start=\"103\" data-end=\"142\">Patogus kelioninis krep\u0161ys su pompa<\/strong><\/h3>\n<p data-start=\"145\" data-end=\"384\">Lengvas ir prakti\u0161kas <strong data-start=\"167\" data-end=\"209\">kelioninis krep\u0161ys su integruota pompa<\/strong> \u2013 puikus sprendimas tiek kelion\u0117ms, tiek i\u0161vykoms gamtoje. Speciali konstrukcija leid\u017eia greitai suspausti ar prip\u016bsti krep\u0161io turin\u012f, tod\u0117l viskas lieka tvarkingai sud\u0117ta.<\/p>\n<p data-start=\"386\" data-end=\"644\">Krep\u0161ys pagamintas i\u0161 tvirto ir atsparaus med\u017eiagos, o ry\u0161ki <strong data-start=\"447\" data-end=\"464\">m\u0117lyna spalva<\/strong> suteikia modern\u0173 ir stiling\u0105 \u012fvaizd\u012f. Kompakti\u0161kas dydis ir patogios rankenos leid\u017eia patogiai ne\u0161iotis kelion\u0117je ar transportuoti daiktus namuose, sporto sal\u0117je ar papl\u016bdimyje.<\/p>\n<p data-start=\"646\" data-end=\"676\"><strong data-start=\"646\" data-end=\"674\">Pagrindiniai privalumai:<\/strong><\/p>\n<ul data-start=\"677\" data-end=\"846\">\n<li data-start=\"677\" data-end=\"717\">\n<p data-start=\"679\" data-end=\"717\">Integruota pompa tvarkingam turiniui<\/p>\n<\/li>\n<li data-start=\"718\" data-end=\"741\">\n<p data-start=\"720\" data-end=\"741\">Lengvas ir patvarus<\/p>\n<\/li>\n<li data-start=\"742\" data-end=\"767\">\n<p data-start=\"744\" data-end=\"767\">Moderni m\u0117lyna spalva<\/p>\n<\/li>\n<li data-start=\"768\" data-end=\"800\">\n<p data-start=\"770\" data-end=\"800\">Patogios rankenos ne\u0161iojimui<\/p>\n<\/li>\n<li data-start=\"801\" data-end=\"846\">\n<p data-start=\"803\" data-end=\"846\">Idealiai tinka kelion\u0117ms ir laisvalaikiui<\/p>\n<\/li>\n<\/ul>","protected":false},"featured_media":2773,"comment_status":"open","ping_status":"closed","template":"","meta":{"_acf_changed":false,"inline_featured_image":false},"product_brand":[],"product_cat":[101,102],"product_tag":[],"class_list":{"0":"post-2772","1":"product","2":"type-product","3":"status-publish","4":"has-post-thumbnail","6":"product_cat-drabuziai-batai","7":"product_cat-sporto-ir-turizmo-prekes","9":"first","10":"instock","11":"taxable","12":"shipping-taxable","13":"purchasable","14":"product-type-simple"},"acf":[],"_links":{"self":[{"href":"https:\/\/bmdprekyba.lt\/en\/wp-json\/wp\/v2\/product\/2772","targetHints":{"allow":["GET"]}}],"collection":[{"href":"https:\/\/bmdprekyba.lt\/en\/wp-json\/wp\/v2\/product"}],"about":[{"href":"https:\/\/bmdprekyba.lt\/en\/wp-json\/wp\/v2\/types\/product"}],"replies":[{"embeddable":true,"href":"https:\/\/bmdprekyba.lt\/en\/wp-json\/wp\/v2\/comments?post=2772"}],"wp:featuredmedia":[{"embeddable":true,"href":"https:\/\/bmdprekyba.lt\/en\/wp-json\/wp\/v2\/media\/2773"}],"wp:attachment":[{"href":"https:\/\/bmdprekyba.lt\/en\/wp-json\/wp\/v2\/media?parent=2772"}],"wp:term":[{"taxonomy":"product_brand","embeddable":true,"href":"https:\/\/bmdprekyba.lt\/en\/wp-json\/wp\/v2\/product_brand?post=2772"},{"taxonomy":"product_cat","embeddable":true,"href":"https:\/\/bmdprekyba.lt\/en\/wp-json\/wp\/v2\/product_cat?post=2772"},{"taxonomy":"product_tag","embeddable":true,"href":"https:\/\/bmdprekyba.lt\/en\/wp-json\/wp\/v2\/product_tag?post=2772"}],"curies":[{"name":"wp","href":"https:\/\/api.w.org\/{rel}","templated":true}]}}