{"id":2769,"date":"2026-01-14T07:10:05","date_gmt":"2026-01-14T07:10:05","guid":{"rendered":"https:\/\/bmdprekyba.lt\/?post_type=product&#038;p=2769"},"modified":"2026-01-14T07:15:34","modified_gmt":"2026-01-14T07:15:34","slug":"uv-vabzdziu-naikinimo-lempa-20w","status":"publish","type":"product","link":"https:\/\/bmdprekyba.lt\/en\/product\/uv-vabzdziu-naikinimo-lempa-20w\/","title":{"rendered":"UV Vabzd\u017ei\u0173 Naikinimo Lempa 20W"},"content":{"rendered":"<h3 data-start=\"128\" data-end=\"177\"><strong data-start=\"132\" data-end=\"177\">Efektyvi apsauga nuo skraidan\u010di\u0173 vabzd\u017ei\u0173<\/strong><\/h3>\n<p data-start=\"178\" data-end=\"417\">Auk\u0161tos kokyb\u0117s <strong data-start=\"194\" data-end=\"235\">elektrin\u0117 UV vabzd\u017ei\u0173 naikinimo lempa<\/strong> padeda greitai ir saugiai atsikratyti uod\u0173, musi\u0173, vapsv\u0173 bei kit\u0173 skraidan\u010di\u0173 vabzd\u017ei\u0173. Atviras dizainas u\u017etikrina plat\u0173 veikimo plot\u0105, o UV \u0161viesa efektyviai pritraukia vabzd\u017eius.<\/p>\n<p data-start=\"419\" data-end=\"685\">Vabzd\u017eiai sunaikinami <strong data-start=\"441\" data-end=\"465\">be chemini\u0173 med\u017eiag\u0173<\/strong> \u2013 tik elektros pagalba, tod\u0117l sprendimas yra <strong data-start=\"511\" data-end=\"536\">ekologi\u0161kas ir saugus<\/strong> \u017emon\u0117ms bei aplinkai. Nuimama surinkimo d\u0117\u017eut\u0117 leid\u017eia lengvai palaikyti \u0161var\u0105, o patogus pakabinimo kabliukas suteikia daugiau montavimo galimybi\u0173.<\/p>\n<p data-start=\"687\" data-end=\"750\">Puikiai tinka naudoti <strong data-start=\"709\" data-end=\"749\">namuose, terasoje, sode ar kelion\u0117se<\/strong>.<\/p>","protected":false},"excerpt":{"rendered":"<p>Efektyvi apsauga nuo skraidan\u010di\u0173 vabzd\u017ei\u0173 Auk\u0161tos kokyb\u0117s elektrin\u0117 UV vabzd\u017ei\u0173 naikinimo lempa padeda greitai ir saugiai atsikratyti uod\u0173, musi\u0173, vapsv\u0173 bei kit\u0173 skraidan\u010di\u0173 vabzd\u017ei\u0173. Atviras dizainas u\u017etikrina plat\u0173 veikimo plot\u0105, o UV \u0161viesa efektyviai pritraukia vabzd\u017eius. Vabzd\u017eiai sunaikinami be chemini\u0173 med\u017eiag\u0173 \u2013 tik elektros pagalba, tod\u0117l sprendimas yra ekologi\u0161kas ir saugus \u017emon\u0117ms bei aplinkai. Nuimama [&hellip;]<\/p>\n","protected":false},"featured_media":2770,"comment_status":"open","ping_status":"closed","template":"","meta":{"_acf_changed":false,"inline_featured_image":false},"product_brand":[],"product_cat":[74,106],"product_tag":[],"class_list":{"0":"post-2769","1":"product","2":"type-product","3":"status-publish","4":"has-post-thumbnail","6":"product_cat-namu-interjeras","7":"product_cat-sodo-prekes","9":"first","10":"instock","11":"taxable","12":"shipping-taxable","13":"purchasable","14":"product-type-simple"},"acf":[],"_links":{"self":[{"href":"https:\/\/bmdprekyba.lt\/en\/wp-json\/wp\/v2\/product\/2769","targetHints":{"allow":["GET"]}}],"collection":[{"href":"https:\/\/bmdprekyba.lt\/en\/wp-json\/wp\/v2\/product"}],"about":[{"href":"https:\/\/bmdprekyba.lt\/en\/wp-json\/wp\/v2\/types\/product"}],"replies":[{"embeddable":true,"href":"https:\/\/bmdprekyba.lt\/en\/wp-json\/wp\/v2\/comments?post=2769"}],"wp:featuredmedia":[{"embeddable":true,"href":"https:\/\/bmdprekyba.lt\/en\/wp-json\/wp\/v2\/media\/2770"}],"wp:attachment":[{"href":"https:\/\/bmdprekyba.lt\/en\/wp-json\/wp\/v2\/media?parent=2769"}],"wp:term":[{"taxonomy":"product_brand","embeddable":true,"href":"https:\/\/bmdprekyba.lt\/en\/wp-json\/wp\/v2\/product_brand?post=2769"},{"taxonomy":"product_cat","embeddable":true,"href":"https:\/\/bmdprekyba.lt\/en\/wp-json\/wp\/v2\/product_cat?post=2769"},{"taxonomy":"product_tag","embeddable":true,"href":"https:\/\/bmdprekyba.lt\/en\/wp-json\/wp\/v2\/product_tag?post=2769"}],"curies":[{"name":"wp","href":"https:\/\/api.w.org\/{rel}","templated":true}]}}