{"id":2766,"date":"2026-01-14T07:04:40","date_gmt":"2026-01-14T07:04:40","guid":{"rendered":"https:\/\/bmdprekyba.lt\/?post_type=product&#038;p=2766"},"modified":"2026-01-14T07:04:40","modified_gmt":"2026-01-14T07:04:40","slug":"skaitmenines-zvejybos-svarstykles-50-kg-lcd-zalios","status":"publish","type":"product","link":"https:\/\/bmdprekyba.lt\/en\/product\/skaitmenines-zvejybos-svarstykles-50-kg-lcd-zalios\/","title":{"rendered":"Skaitmenin\u0117s \u017evejybos svarstykl\u0117s 50 kg (LCD, \u017ealios)"},"content":{"rendered":"<h2 data-start=\"95\" data-end=\"153\"><strong data-start=\"98\" data-end=\"153\">Skaitmenin\u0117s pakabinamos svarstykl\u0117s 50 kg \/ 110 lb<\/strong><\/h2>\n<h3 data-start=\"155\" data-end=\"190\"><strong data-start=\"159\" data-end=\"190\">Tikslus ir patogus sv\u0117rimas<\/strong><\/h3>\n<p data-start=\"191\" data-end=\"413\">Patikimos <strong data-start=\"201\" data-end=\"260\">skaitmenin\u0117s pakabinamos svarstykl\u0117s iki 50 kg (110 lb)<\/strong> puikiai tinka \u017evejybai, baga\u017eo, siunt\u0173 ar kit\u0173 daikt\u0173 sv\u0117rimui. Elektroninis matavimas u\u017etikrina greitus ir tikslius rezultatus bet kurioje situacijoje.<\/p>\n<h3 data-start=\"415\" data-end=\"443\"><strong data-start=\"419\" data-end=\"443\">Universalus dizainas<\/strong><\/h3>\n<p data-start=\"444\" data-end=\"598\">Tvirtas kabliukas leid\u017eia saugiai pakabinti sv\u0117rim\u0105, o kompakti\u0161kas dydis daro \u0161ias svarstykles patogias ne\u0161iotis kelion\u0117se, \u017evejyboje ar naudoti namuose.<\/p>\n<h3 data-start=\"600\" data-end=\"631\"><strong data-start=\"604\" data-end=\"631\">Pagrindiniai privalumai<\/strong><\/h3>\n<p data-start=\"632\" data-end=\"801\">\u2714 Maksimali apkrova \u2013 50 kg \/ 110 lb<br data-start=\"668\" data-end=\"671\" \/>\u2714 Ai\u0161kus skaitmeninis ekranas<br data-start=\"700\" data-end=\"703\" \/>\u2714 Patogus pakabinamas dizainas<br data-start=\"733\" data-end=\"736\" \/>\u2714 Tinka \u017evejybai, baga\u017eui ir siuntoms<br data-start=\"773\" data-end=\"776\" \/>\u2714 Lengvos ir ne\u0161iojamos<\/p>\n<h3 data-start=\"803\" data-end=\"828\"><strong data-start=\"807\" data-end=\"828\">Technin\u0117s savyb\u0117s<\/strong><\/h3>\n<ul data-start=\"829\" data-end=\"955\">\n<li data-start=\"829\" data-end=\"876\">\n<p data-start=\"831\" data-end=\"876\">Tipas: skaitmenin\u0117s pakabinamos svarstykl\u0117s<\/p>\n<\/li>\n<li data-start=\"877\" data-end=\"914\">\n<p data-start=\"879\" data-end=\"914\">Maksimalus svoris: 50 kg \/ 110 lb<\/p>\n<\/li>\n<li data-start=\"915\" data-end=\"955\">\n<p data-start=\"917\" data-end=\"955\">Naudojimas: \u017evejyba, baga\u017eas, pa\u0161tas<\/p>\n<\/li>\n<\/ul>","protected":false},"excerpt":{"rendered":"<p>Skaitmenin\u0117s pakabinamos svarstykl\u0117s 50 kg \/ 110 lb Tikslus ir patogus sv\u0117rimas Patikimos skaitmenin\u0117s pakabinamos svarstykl\u0117s iki 50 kg (110 lb) puikiai tinka \u017evejybai, baga\u017eo, siunt\u0173 ar kit\u0173 daikt\u0173 sv\u0117rimui. Elektroninis matavimas u\u017etikrina greitus ir tikslius rezultatus bet kurioje situacijoje. Universalus dizainas Tvirtas kabliukas leid\u017eia saugiai pakabinti sv\u0117rim\u0105, o kompakti\u0161kas dydis daro \u0161ias svarstykles patogias [&hellip;]<\/p>\n","protected":false},"featured_media":2767,"comment_status":"open","ping_status":"closed","template":"","meta":{"_acf_changed":false,"inline_featured_image":false},"product_brand":[],"product_cat":[44,106,102],"product_tag":[],"class_list":{"0":"post-2766","1":"product","2":"type-product","3":"status-publish","4":"has-post-thumbnail","6":"product_cat-elektronika","7":"product_cat-sodo-prekes","8":"product_cat-sporto-ir-turizmo-prekes","10":"first","11":"instock","12":"taxable","13":"shipping-taxable","14":"purchasable","15":"product-type-simple"},"acf":[],"_links":{"self":[{"href":"https:\/\/bmdprekyba.lt\/en\/wp-json\/wp\/v2\/product\/2766","targetHints":{"allow":["GET"]}}],"collection":[{"href":"https:\/\/bmdprekyba.lt\/en\/wp-json\/wp\/v2\/product"}],"about":[{"href":"https:\/\/bmdprekyba.lt\/en\/wp-json\/wp\/v2\/types\/product"}],"replies":[{"embeddable":true,"href":"https:\/\/bmdprekyba.lt\/en\/wp-json\/wp\/v2\/comments?post=2766"}],"wp:featuredmedia":[{"embeddable":true,"href":"https:\/\/bmdprekyba.lt\/en\/wp-json\/wp\/v2\/media\/2767"}],"wp:attachment":[{"href":"https:\/\/bmdprekyba.lt\/en\/wp-json\/wp\/v2\/media?parent=2766"}],"wp:term":[{"taxonomy":"product_brand","embeddable":true,"href":"https:\/\/bmdprekyba.lt\/en\/wp-json\/wp\/v2\/product_brand?post=2766"},{"taxonomy":"product_cat","embeddable":true,"href":"https:\/\/bmdprekyba.lt\/en\/wp-json\/wp\/v2\/product_cat?post=2766"},{"taxonomy":"product_tag","embeddable":true,"href":"https:\/\/bmdprekyba.lt\/en\/wp-json\/wp\/v2\/product_tag?post=2766"}],"curies":[{"name":"wp","href":"https:\/\/api.w.org\/{rel}","templated":true}]}}