{"id":2604,"date":"2025-12-05T11:37:26","date_gmt":"2025-12-05T11:37:26","guid":{"rendered":"https:\/\/bmdprekyba.lt\/?post_type=product&#038;p=2604"},"modified":"2026-01-09T12:01:21","modified_gmt":"2026-01-09T12:01:21","slug":"izeeker-projektorius-ekranas","status":"publish","type":"product","link":"https:\/\/bmdprekyba.lt\/en\/product\/izeeker-projektorius-ekranas\/","title":{"rendered":"iZEEKER projektorius + ekranas"},"content":{"rendered":"<p data-start=\"123\" data-end=\"297\"><strong data-start=\"123\" data-end=\"162\">iZEEKER Mini Bluetooth projektorius<\/strong> parduodamas <strong data-start=\"175\" data-end=\"221\">kartu su ne\u0161iojamu 120&#8243; projekciniu ekranu<\/strong>, tod\u0117l nam\u0173 kino teatr\u0105 galite susikurti i\u0161 karto, be papildom\u0173 pirkini\u0173.<\/p>\n<p data-start=\"133\" data-end=\"350\"><strong data-start=\"133\" data-end=\"172\">iZEEKER Mini Bluetooth projektorius<\/strong> \u2013 kompakti\u0161kas LED projektorius, skirtas nam\u0173 kinui, prezentacijoms ar lauko pramogoms. Komplekte <strong data-start=\"271\" data-end=\"298\">120&#8243; ne\u0161iojamas ekranas<\/strong> ir trikojis, tod\u0117l visk\u0105 galite naudoti i\u0161 karto.<\/p>\n<p data-start=\"352\" data-end=\"957\">\u2022 <strong data-start=\"354\" data-end=\"382\">Ry\u0161kumas ir rezoliucija:<\/strong> 12 000 Lux, 1080P, maksimalus vaizdas iki 1920 x 1080 px<br data-start=\"439\" data-end=\"442\" \/>\u2022 <strong data-start=\"444\" data-end=\"468\">Ekranas ir trikojis:<\/strong> palaiko iki 250&#8243; vaizd\u0105, 75% priartinimas, \u00b120\u00b0 vaizdo kampo korekcija<br data-start=\"539\" data-end=\"542\" data-is-only-node=\"\" \/>\u2022 <strong data-start=\"544\" data-end=\"567\">Bluetooth 5.2 ry\u0161ys<\/strong> \u2013 belaidis garsas per garsiakalbius ar ausines<br data-start=\"614\" data-end=\"617\" \/>\u2022 <strong data-start=\"619\" data-end=\"644\">Platus suderinamumas:<\/strong> HDMI, USB, AV, Aux; iOS\/Android (per adapterius), PC, TV Stick, PS5, Xbox<br data-start=\"718\" data-end=\"721\" \/>\u2022 <strong data-start=\"723\" data-end=\"738\">LED ekranas<\/strong> \u2013 kompakti\u0161kas ir ne\u0161iojamas, matmenys 19 x 15,8 x 8,6 cm, stalinis montavimas<br data-start=\"817\" data-end=\"820\" \/>\u2022 <strong data-start=\"822\" data-end=\"847\">Aki\u0173 draugi\u0161ka optika<\/strong> \u2013 suma\u017eina m\u0117lynos \u0161viesos poveik\u012f<\/p>\n<p data-start=\"959\" data-end=\"1063\" data-is-last-node=\"\" data-is-only-node=\"\">Puikus sprendimas norintiems greitai ir patogiai m\u0117gautis filmu, \u017eaidim\u0173 ar prezentacij\u0173 vaizdu bet kur.<\/p>","protected":false},"excerpt":{"rendered":"<p><img fetchpriority=\"high\" decoding=\"async\" class=\"alignnone size-medium wp-image-2608\" src=\"https:\/\/bmdprekyba.lt\/wp-content\/uploads\/2025\/12\/IMG_E2717-300x214.jpg\" alt=\"\" width=\"300\" height=\"214\" srcset=\"https:\/\/bmdprekyba.lt\/wp-content\/uploads\/2025\/12\/IMG_E2717-300x214.jpg 300w, https:\/\/bmdprekyba.lt\/wp-content\/uploads\/2025\/12\/IMG_E2717-1024x731.jpg 1024w, https:\/\/bmdprekyba.lt\/wp-content\/uploads\/2025\/12\/IMG_E2717-768x548.jpg 768w, https:\/\/bmdprekyba.lt\/wp-content\/uploads\/2025\/12\/IMG_E2717-1536x1097.jpg 1536w, https:\/\/bmdprekyba.lt\/wp-content\/uploads\/2025\/12\/IMG_E2717-2048x1462.jpg 2048w, https:\/\/bmdprekyba.lt\/wp-content\/uploads\/2025\/12\/IMG_E2717-18x12.jpg 18w, https:\/\/bmdprekyba.lt\/wp-content\/uploads\/2025\/12\/IMG_E2717-640x457.jpg 640w, https:\/\/bmdprekyba.lt\/wp-content\/uploads\/2025\/12\/IMG_E2717-64x46.jpg 64w\" sizes=\"(max-width: 300px) 100vw, 300px\" \/><img decoding=\"async\" class=\"alignnone wp-image-2606 size-medium\" src=\"https:\/\/bmdprekyba.lt\/wp-content\/uploads\/2025\/12\/IMG_E2714-scaled-e1764934943116-300x231.jpg\" alt=\"\" width=\"300\" height=\"231\" srcset=\"https:\/\/bmdprekyba.lt\/wp-content\/uploads\/2025\/12\/IMG_E2714-scaled-e1764934943116-300x231.jpg 300w, https:\/\/bmdprekyba.lt\/wp-content\/uploads\/2025\/12\/IMG_E2714-scaled-e1764934943116-1024x788.jpg 1024w, https:\/\/bmdprekyba.lt\/wp-content\/uploads\/2025\/12\/IMG_E2714-scaled-e1764934943116-768x591.jpg 768w, https:\/\/bmdprekyba.lt\/wp-content\/uploads\/2025\/12\/IMG_E2714-scaled-e1764934943116-1536x1183.jpg 1536w, https:\/\/bmdprekyba.lt\/wp-content\/uploads\/2025\/12\/IMG_E2714-scaled-e1764934943116-2048x1577.jpg 2048w, https:\/\/bmdprekyba.lt\/wp-content\/uploads\/2025\/12\/IMG_E2714-scaled-e1764934943116-16x12.jpg 16w, https:\/\/bmdprekyba.lt\/wp-content\/uploads\/2025\/12\/IMG_E2714-scaled-e1764934943116-640x493.jpg 640w, https:\/\/bmdprekyba.lt\/wp-content\/uploads\/2025\/12\/IMG_E2714-scaled-e1764934943116-64x49.jpg 64w\" sizes=\"(max-width: 300px) 100vw, 300px\" \/><img decoding=\"async\" class=\"alignnone wp-image-2607 size-medium\" src=\"https:\/\/bmdprekyba.lt\/wp-content\/uploads\/2025\/12\/IMG_E2705-scaled-e1764934971858-300x225.jpg\" alt=\"\" width=\"300\" height=\"225\" srcset=\"https:\/\/bmdprekyba.lt\/wp-content\/uploads\/2025\/12\/IMG_E2705-scaled-e1764934971858-300x225.jpg 300w, https:\/\/bmdprekyba.lt\/wp-content\/uploads\/2025\/12\/IMG_E2705-scaled-e1764934971858-1024x768.jpg 1024w, https:\/\/bmdprekyba.lt\/wp-content\/uploads\/2025\/12\/IMG_E2705-scaled-e1764934971858-768x576.jpg 768w, https:\/\/bmdprekyba.lt\/wp-content\/uploads\/2025\/12\/IMG_E2705-scaled-e1764934971858-1536x1152.jpg 1536w, https:\/\/bmdprekyba.lt\/wp-content\/uploads\/2025\/12\/IMG_E2705-scaled-e1764934971858-2048x1536.jpg 2048w, https:\/\/bmdprekyba.lt\/wp-content\/uploads\/2025\/12\/IMG_E2705-scaled-e1764934971858-16x12.jpg 16w, https:\/\/bmdprekyba.lt\/wp-content\/uploads\/2025\/12\/IMG_E2705-scaled-e1764934971858-640x480.jpg 640w, https:\/\/bmdprekyba.lt\/wp-content\/uploads\/2025\/12\/IMG_E2705-scaled-e1764934971858-64x48.jpg 64w\" sizes=\"(max-width: 300px) 100vw, 300px\" \/><\/p>","protected":false},"featured_media":2605,"comment_status":"open","ping_status":"closed","template":"","meta":{"_acf_changed":false,"inline_featured_image":false},"product_brand":[],"product_cat":[44],"product_tag":[],"class_list":{"0":"post-2604","1":"product","2":"type-product","3":"status-publish","4":"has-post-thumbnail","6":"product_cat-elektronika","8":"first","9":"instock","10":"taxable","11":"shipping-taxable","12":"purchasable","13":"product-type-simple"},"acf":[],"_links":{"self":[{"href":"https:\/\/bmdprekyba.lt\/en\/wp-json\/wp\/v2\/product\/2604","targetHints":{"allow":["GET"]}}],"collection":[{"href":"https:\/\/bmdprekyba.lt\/en\/wp-json\/wp\/v2\/product"}],"about":[{"href":"https:\/\/bmdprekyba.lt\/en\/wp-json\/wp\/v2\/types\/product"}],"replies":[{"embeddable":true,"href":"https:\/\/bmdprekyba.lt\/en\/wp-json\/wp\/v2\/comments?post=2604"}],"wp:featuredmedia":[{"embeddable":true,"href":"https:\/\/bmdprekyba.lt\/en\/wp-json\/wp\/v2\/media\/2605"}],"wp:attachment":[{"href":"https:\/\/bmdprekyba.lt\/en\/wp-json\/wp\/v2\/media?parent=2604"}],"wp:term":[{"taxonomy":"product_brand","embeddable":true,"href":"https:\/\/bmdprekyba.lt\/en\/wp-json\/wp\/v2\/product_brand?post=2604"},{"taxonomy":"product_cat","embeddable":true,"href":"https:\/\/bmdprekyba.lt\/en\/wp-json\/wp\/v2\/product_cat?post=2604"},{"taxonomy":"product_tag","embeddable":true,"href":"https:\/\/bmdprekyba.lt\/en\/wp-json\/wp\/v2\/product_tag?post=2604"}],"curies":[{"name":"wp","href":"https:\/\/api.w.org\/{rel}","templated":true}]}}