{"id":2139,"date":"2025-07-31T09:11:28","date_gmt":"2025-07-31T09:11:28","guid":{"rendered":"https:\/\/bmdprekyba.lt\/?post_type=product&#038;p=2139"},"modified":"2025-12-12T16:34:48","modified_gmt":"2025-12-12T16:34:48","slug":"automobilio-stogo-bagazine-425-l-95-x-95-x-46-cm","status":"publish","type":"product","link":"https:\/\/bmdprekyba.lt\/en\/product\/automobilio-stogo-bagazine-425-l-95-x-95-x-46-cm\/","title":{"rendered":"Automobilio stogo baga\u017ein\u0117"},"content":{"rendered":"<p>Automobilio stogo baga\u017ein\u0117, 15 kubini\u0173 p\u0117d\u0173, atspari vandeniui, 425 l, sulankstoma, visoms transporto priemon\u0117ms su stogo baga\u017eine \/ be jos (95 x 95 x 46 cm)<\/p>","protected":false},"excerpt":{"rendered":"<p>Automobilio stogo baga\u017ein\u0117, 15 kubini\u0173 p\u0117d\u0173, atspari vandeniui, 425 l, sulankstoma, visoms transporto priemon\u0117ms su stogo baga\u017eine \/ be jos (95 x 95 x 46 cm)<\/p>","protected":false},"featured_media":2142,"comment_status":"open","ping_status":"closed","template":"","meta":{"_acf_changed":false,"inline_featured_image":false},"product_brand":[],"product_cat":[103,102],"product_tag":[],"class_list":{"0":"post-2139","1":"product","2":"type-product","3":"status-publish","4":"has-post-thumbnail","6":"product_cat-auto-ir-moto-prekes","7":"product_cat-sporto-ir-turizmo-prekes","9":"first","10":"instock","11":"sale","12":"taxable","13":"shipping-taxable","14":"purchasable","15":"product-type-simple"},"acf":[],"_links":{"self":[{"href":"https:\/\/bmdprekyba.lt\/en\/wp-json\/wp\/v2\/product\/2139","targetHints":{"allow":["GET"]}}],"collection":[{"href":"https:\/\/bmdprekyba.lt\/en\/wp-json\/wp\/v2\/product"}],"about":[{"href":"https:\/\/bmdprekyba.lt\/en\/wp-json\/wp\/v2\/types\/product"}],"replies":[{"embeddable":true,"href":"https:\/\/bmdprekyba.lt\/en\/wp-json\/wp\/v2\/comments?post=2139"}],"wp:featuredmedia":[{"embeddable":true,"href":"https:\/\/bmdprekyba.lt\/en\/wp-json\/wp\/v2\/media\/2142"}],"wp:attachment":[{"href":"https:\/\/bmdprekyba.lt\/en\/wp-json\/wp\/v2\/media?parent=2139"}],"wp:term":[{"taxonomy":"product_brand","embeddable":true,"href":"https:\/\/bmdprekyba.lt\/en\/wp-json\/wp\/v2\/product_brand?post=2139"},{"taxonomy":"product_cat","embeddable":true,"href":"https:\/\/bmdprekyba.lt\/en\/wp-json\/wp\/v2\/product_cat?post=2139"},{"taxonomy":"product_tag","embeddable":true,"href":"https:\/\/bmdprekyba.lt\/en\/wp-json\/wp\/v2\/product_tag?post=2139"}],"curies":[{"name":"wp","href":"https:\/\/api.w.org\/{rel}","templated":true}]}}