{"id":2132,"date":"2025-07-31T09:01:09","date_gmt":"2025-07-31T09:01:09","guid":{"rendered":"https:\/\/bmdprekyba.lt\/?post_type=product&#038;p=2132"},"modified":"2026-01-09T12:01:21","modified_gmt":"2026-01-09T12:01:21","slug":"vesios-zonos-saules-bure-4x5-m","status":"publish","type":"product","link":"https:\/\/bmdprekyba.lt\/en\/product\/vesios-zonos-saules-bure-4x5-m\/","title":{"rendered":"V\u0116SIOS ZONOS saul\u0117s bur\u0117 4&#215;5 m"},"content":{"rendered":"<h4>V\u0116SIOS ZONOS saul\u0117s bur\u0117, atspari vandeniui, sta\u010diakamp\u0117, 4&#215;5 m, apsauga nuo saul\u0117s, UV apsauga, apsauga nuo v\u0117jo, tinka lauko erdv\u0117ms, tokioms kaip sodai ir balkonai, terasos, antracito spalvos<\/h4>","protected":false},"excerpt":{"rendered":"<h4>V\u0116SIOS ZONOS saul\u0117s bur\u0117, atspari vandeniui, sta\u010diakamp\u0117, 4&#215;5 m, apsauga nuo saul\u0117s, UV apsauga, apsauga nuo v\u0117jo, tinka lauko erdv\u0117ms, tokioms kaip sodai ir balkonai, terasos, antracito spalvos<\/h4>","protected":false},"featured_media":2134,"comment_status":"open","ping_status":"closed","template":"","meta":{"_acf_changed":false,"inline_featured_image":false},"product_brand":[],"product_cat":[102],"product_tag":[],"class_list":{"0":"post-2132","1":"product","2":"type-product","3":"status-publish","4":"has-post-thumbnail","6":"product_cat-sporto-ir-turizmo-prekes","8":"first","9":"instock","10":"taxable","11":"shipping-taxable","12":"purchasable","13":"product-type-simple"},"acf":[],"_links":{"self":[{"href":"https:\/\/bmdprekyba.lt\/en\/wp-json\/wp\/v2\/product\/2132","targetHints":{"allow":["GET"]}}],"collection":[{"href":"https:\/\/bmdprekyba.lt\/en\/wp-json\/wp\/v2\/product"}],"about":[{"href":"https:\/\/bmdprekyba.lt\/en\/wp-json\/wp\/v2\/types\/product"}],"replies":[{"embeddable":true,"href":"https:\/\/bmdprekyba.lt\/en\/wp-json\/wp\/v2\/comments?post=2132"}],"wp:featuredmedia":[{"embeddable":true,"href":"https:\/\/bmdprekyba.lt\/en\/wp-json\/wp\/v2\/media\/2134"}],"wp:attachment":[{"href":"https:\/\/bmdprekyba.lt\/en\/wp-json\/wp\/v2\/media?parent=2132"}],"wp:term":[{"taxonomy":"product_brand","embeddable":true,"href":"https:\/\/bmdprekyba.lt\/en\/wp-json\/wp\/v2\/product_brand?post=2132"},{"taxonomy":"product_cat","embeddable":true,"href":"https:\/\/bmdprekyba.lt\/en\/wp-json\/wp\/v2\/product_cat?post=2132"},{"taxonomy":"product_tag","embeddable":true,"href":"https:\/\/bmdprekyba.lt\/en\/wp-json\/wp\/v2\/product_tag?post=2132"}],"curies":[{"name":"wp","href":"https:\/\/api.w.org\/{rel}","templated":true}]}}