{"id":2123,"date":"2025-07-31T08:50:58","date_gmt":"2025-07-31T08:50:58","guid":{"rendered":"https:\/\/bmdprekyba.lt\/?post_type=product&#038;p=2123"},"modified":"2025-11-24T07:50:23","modified_gmt":"2025-11-24T07:50:23","slug":"2000-va-itampos-keitiklis-iejimas-110-v-arba-220-v-isejimas-110-v-ir-220-v","status":"publish","type":"product","link":"https:\/\/bmdprekyba.lt\/en\/product\/2000-va-itampos-keitiklis-iejimas-110-v-arba-220-v-isejimas-110-v-ir-220-v\/","title":{"rendered":"2000 VA \u012ftampos keitiklis"},"content":{"rendered":"<p>2000 VA 110 volt\u0173 JAV \u012ftampos keitiklis, toroidinis transformatorius 2000 vat\u0173 \u2013 \u012fvestis: 110 V arba 220 V \/ i\u0161\u0117jimas: 110 V ir 220 V \u2013 Cantonape 2000 W<\/p>","protected":false},"excerpt":{"rendered":"<p>2000VA 110 volt\u0173 JAV \u012ftampos keitiklis, toroidinis transformatorius 2000 vat\u0173 \u2013 \u012fvestis: 110 V arba 220 V \/ i\u0161\u0117jimas: 110 V ir 220 V \u2013 Cantonape 2000 W<\/p>","protected":false},"featured_media":2129,"comment_status":"open","ping_status":"closed","template":"","meta":{"_acf_changed":false,"inline_featured_image":false},"product_brand":[],"product_cat":[44,79],"product_tag":[],"class_list":{"0":"post-2123","1":"product","2":"type-product","3":"status-publish","4":"has-post-thumbnail","6":"product_cat-elektronika","7":"product_cat-irankiai","9":"first","10":"outofstock","11":"taxable","12":"shipping-taxable","13":"purchasable","14":"product-type-simple"},"acf":[],"_links":{"self":[{"href":"https:\/\/bmdprekyba.lt\/en\/wp-json\/wp\/v2\/product\/2123","targetHints":{"allow":["GET"]}}],"collection":[{"href":"https:\/\/bmdprekyba.lt\/en\/wp-json\/wp\/v2\/product"}],"about":[{"href":"https:\/\/bmdprekyba.lt\/en\/wp-json\/wp\/v2\/types\/product"}],"replies":[{"embeddable":true,"href":"https:\/\/bmdprekyba.lt\/en\/wp-json\/wp\/v2\/comments?post=2123"}],"wp:featuredmedia":[{"embeddable":true,"href":"https:\/\/bmdprekyba.lt\/en\/wp-json\/wp\/v2\/media\/2129"}],"wp:attachment":[{"href":"https:\/\/bmdprekyba.lt\/en\/wp-json\/wp\/v2\/media?parent=2123"}],"wp:term":[{"taxonomy":"product_brand","embeddable":true,"href":"https:\/\/bmdprekyba.lt\/en\/wp-json\/wp\/v2\/product_brand?post=2123"},{"taxonomy":"product_cat","embeddable":true,"href":"https:\/\/bmdprekyba.lt\/en\/wp-json\/wp\/v2\/product_cat?post=2123"},{"taxonomy":"product_tag","embeddable":true,"href":"https:\/\/bmdprekyba.lt\/en\/wp-json\/wp\/v2\/product_tag?post=2123"}],"curies":[{"name":"wp","href":"https:\/\/api.w.org\/{rel}","templated":true}]}}