{"id":1986,"date":"2025-07-30T13:26:11","date_gmt":"2025-07-30T13:26:11","guid":{"rendered":"https:\/\/bmdprekyba.lt\/?post_type=product&#038;p=1986"},"modified":"2026-01-09T12:01:22","modified_gmt":"2026-01-09T12:01:22","slug":"stylpro-muzikinis-veidrodis-su-bluetooth-imontuoti-garsiakalbiai-belaidis-telefono-ikrovimas-reguliuojamo-ryskumo-holivudo-apsvietimas-reguliuojamas-ir-neslystantis-pagrindas-kla-2","status":"publish","type":"product","link":"https:\/\/bmdprekyba.lt\/en\/product\/stylpro-muzikinis-veidrodis-su-bluetooth-imontuoti-garsiakalbiai-belaidis-telefono-ikrovimas-reguliuojamo-ryskumo-holivudo-apsvietimas-reguliuojamas-ir-neslystantis-pagrindas-kla-2\/","title":{"rendered":"Bluetooth muzikinis Holivudo veidrodis &#8222;STYLPRO&#8221;"},"content":{"rendered":"<p>STYLPRO muzikinis veidrodis su \u201eBluetooth\u201c funkcija: \u012fmontuoti garsiakalbiai, belaidis telefono \u012fkrovimas, reguliuojamo ry\u0161kumo Holivudo stiliaus ap\u0161vietimas, stabilus ir neslystantis reguliuojamas pagrindas. Puikiai tinka klausytis muzikos ar \u017ei\u016br\u0117ti pamokas.<\/p>","protected":false},"excerpt":{"rendered":"<p>STYLPRO muzikinis veidrodis su \u201eBluetooth\u201c \u012emontuoti garsiakalbiai, belaidis telefono \u012fkrovimas, reguliuojamo ry\u0161kumo Holivudo ap\u0161vietimas, reguliuojamas ir neslystantis pagrindas, klausykit\u0117s muzikos, \u017ei\u016br\u0117kite pamokas,<\/p>","protected":false},"featured_media":1987,"comment_status":"open","ping_status":"closed","template":"","meta":{"_acf_changed":false,"inline_featured_image":false},"product_brand":[],"product_cat":[74],"product_tag":[],"class_list":{"0":"post-1986","1":"product","2":"type-product","3":"status-publish","4":"has-post-thumbnail","6":"product_cat-namu-interjeras","8":"first","9":"instock","10":"taxable","11":"shipping-taxable","12":"purchasable","13":"product-type-simple"},"acf":[],"_links":{"self":[{"href":"https:\/\/bmdprekyba.lt\/en\/wp-json\/wp\/v2\/product\/1986","targetHints":{"allow":["GET"]}}],"collection":[{"href":"https:\/\/bmdprekyba.lt\/en\/wp-json\/wp\/v2\/product"}],"about":[{"href":"https:\/\/bmdprekyba.lt\/en\/wp-json\/wp\/v2\/types\/product"}],"replies":[{"embeddable":true,"href":"https:\/\/bmdprekyba.lt\/en\/wp-json\/wp\/v2\/comments?post=1986"}],"wp:featuredmedia":[{"embeddable":true,"href":"https:\/\/bmdprekyba.lt\/en\/wp-json\/wp\/v2\/media\/1987"}],"wp:attachment":[{"href":"https:\/\/bmdprekyba.lt\/en\/wp-json\/wp\/v2\/media?parent=1986"}],"wp:term":[{"taxonomy":"product_brand","embeddable":true,"href":"https:\/\/bmdprekyba.lt\/en\/wp-json\/wp\/v2\/product_brand?post=1986"},{"taxonomy":"product_cat","embeddable":true,"href":"https:\/\/bmdprekyba.lt\/en\/wp-json\/wp\/v2\/product_cat?post=1986"},{"taxonomy":"product_tag","embeddable":true,"href":"https:\/\/bmdprekyba.lt\/en\/wp-json\/wp\/v2\/product_tag?post=1986"}],"curies":[{"name":"wp","href":"https:\/\/api.w.org\/{rel}","templated":true}]}}