{"id":1978,"date":"2025-07-30T12:55:06","date_gmt":"2025-07-30T12:55:06","guid":{"rendered":"https:\/\/bmdprekyba.lt\/?post_type=product&#038;p=1978"},"modified":"2026-01-09T12:01:21","modified_gmt":"2026-01-09T12:01:21","slug":"lvyuan-500-va-110-voltu-jav-itampos-keitiklis-500-vatu-iejimas-110v-arba-220v-isejimas-110v-ir-220v","status":"publish","type":"product","link":"https:\/\/bmdprekyba.lt\/en\/product\/lvyuan-500-va-110-voltu-jav-itampos-keitiklis-500-vatu-iejimas-110v-arba-220v-isejimas-110v-ir-220v\/","title":{"rendered":"\u012etampos keitiklis &#8222;LVYUAN 500VA&#8221;"},"content":{"rendered":"<p>LVYUAN 500 VA \/ 110 V JAV \u012ftampos keitiklis, 500 W.<br data-start=\"105\" data-end=\"108\" \/>\u012e\u0117jimas: 110 V arba 220 V<br data-start=\"133\" data-end=\"136\" data-is-only-node=\"\" \/>I\u0161\u0117jimas: 110 V ir 220 V<\/p>","protected":false},"excerpt":{"rendered":"<p>LVYUAN 500 VA 110 volt\u0173 JAV \u012ftampos keitiklis, 500 vat\u0173 \u2013 \u012e\u0117jimas: 110V arba 220V \/ I\u0161\u0117jimas: 110V ir 220V<\/p>","protected":false},"featured_media":1979,"comment_status":"open","ping_status":"closed","template":"","meta":{"_acf_changed":false,"inline_featured_image":false},"product_brand":[],"product_cat":[44,79],"product_tag":[],"class_list":{"0":"post-1978","1":"product","2":"type-product","3":"status-publish","4":"has-post-thumbnail","6":"product_cat-elektronika","7":"product_cat-irankiai","9":"first","10":"instock","11":"taxable","12":"shipping-taxable","13":"purchasable","14":"product-type-simple"},"acf":[],"_links":{"self":[{"href":"https:\/\/bmdprekyba.lt\/en\/wp-json\/wp\/v2\/product\/1978","targetHints":{"allow":["GET"]}}],"collection":[{"href":"https:\/\/bmdprekyba.lt\/en\/wp-json\/wp\/v2\/product"}],"about":[{"href":"https:\/\/bmdprekyba.lt\/en\/wp-json\/wp\/v2\/types\/product"}],"replies":[{"embeddable":true,"href":"https:\/\/bmdprekyba.lt\/en\/wp-json\/wp\/v2\/comments?post=1978"}],"wp:featuredmedia":[{"embeddable":true,"href":"https:\/\/bmdprekyba.lt\/en\/wp-json\/wp\/v2\/media\/1979"}],"wp:attachment":[{"href":"https:\/\/bmdprekyba.lt\/en\/wp-json\/wp\/v2\/media?parent=1978"}],"wp:term":[{"taxonomy":"product_brand","embeddable":true,"href":"https:\/\/bmdprekyba.lt\/en\/wp-json\/wp\/v2\/product_brand?post=1978"},{"taxonomy":"product_cat","embeddable":true,"href":"https:\/\/bmdprekyba.lt\/en\/wp-json\/wp\/v2\/product_cat?post=1978"},{"taxonomy":"product_tag","embeddable":true,"href":"https:\/\/bmdprekyba.lt\/en\/wp-json\/wp\/v2\/product_tag?post=1978"}],"curies":[{"name":"wp","href":"https:\/\/api.w.org\/{rel}","templated":true}]}}