{"id":1919,"date":"2025-07-29T16:59:59","date_gmt":"2025-07-29T16:59:59","guid":{"rendered":"https:\/\/bmdprekyba.lt\/?post_type=product&#038;p=1919"},"modified":"2026-01-09T12:01:21","modified_gmt":"2026-01-09T12:01:21","slug":"iceunicorn-basomis-avalyne-zieminiai-batai-vyrams-basomis-avalyne-moterims-085-balta-44-eu","status":"publish","type":"product","link":"https:\/\/bmdprekyba.lt\/en\/product\/iceunicorn-basomis-avalyne-zieminiai-batai-vyrams-basomis-avalyne-moterims-085-balta-44-eu\/","title":{"rendered":"Vyri\u0161ki treniruo\u010di\u0173 batai &#8222;IceUnicorn&#8221; 44d."},"content":{"rendered":"<p>\u201eIceUnicorn\u201c vyri\u0161ki sporto batai \u2013 balti su ruda, dydis 44 EU<\/p>","protected":false},"excerpt":{"rendered":"<p>\u201eIceUnicorn\u201c basomis avalyn\u0117, \u017eieminiai batai vyrams, basomis avalyn\u0117 moterims (085 balta, 44 EU)<\/p>","protected":false},"featured_media":2150,"comment_status":"open","ping_status":"closed","template":"","meta":{"_acf_changed":false,"inline_featured_image":false},"product_brand":[],"product_cat":[104],"product_tag":[],"class_list":{"0":"post-1919","1":"product","2":"type-product","3":"status-publish","4":"has-post-thumbnail","6":"product_cat-batai","8":"first","9":"instock","10":"taxable","11":"shipping-taxable","12":"purchasable","13":"product-type-simple"},"acf":[],"_links":{"self":[{"href":"https:\/\/bmdprekyba.lt\/en\/wp-json\/wp\/v2\/product\/1919","targetHints":{"allow":["GET"]}}],"collection":[{"href":"https:\/\/bmdprekyba.lt\/en\/wp-json\/wp\/v2\/product"}],"about":[{"href":"https:\/\/bmdprekyba.lt\/en\/wp-json\/wp\/v2\/types\/product"}],"replies":[{"embeddable":true,"href":"https:\/\/bmdprekyba.lt\/en\/wp-json\/wp\/v2\/comments?post=1919"}],"wp:featuredmedia":[{"embeddable":true,"href":"https:\/\/bmdprekyba.lt\/en\/wp-json\/wp\/v2\/media\/2150"}],"wp:attachment":[{"href":"https:\/\/bmdprekyba.lt\/en\/wp-json\/wp\/v2\/media?parent=1919"}],"wp:term":[{"taxonomy":"product_brand","embeddable":true,"href":"https:\/\/bmdprekyba.lt\/en\/wp-json\/wp\/v2\/product_brand?post=1919"},{"taxonomy":"product_cat","embeddable":true,"href":"https:\/\/bmdprekyba.lt\/en\/wp-json\/wp\/v2\/product_cat?post=1919"},{"taxonomy":"product_tag","embeddable":true,"href":"https:\/\/bmdprekyba.lt\/en\/wp-json\/wp\/v2\/product_tag?post=1919"}],"curies":[{"name":"wp","href":"https:\/\/api.w.org\/{rel}","templated":true}]}}