{"id":1917,"date":"2025-07-29T16:59:59","date_gmt":"2025-07-29T16:59:59","guid":{"rendered":"https:\/\/bmdprekyba.lt\/?post_type=product&#038;p=1917"},"modified":"2025-12-12T16:56:12","modified_gmt":"2025-12-12T16:56:12","slug":"kelio-masazuoklis-kelio-sildytuvas-3-in-1-kelio-peties-ir-alkunes-itvaras-su-5-sildymo-ir-3-masazo-rezimais-belaidis-sildomas-kelio-itvaras-ikraunamas-reguliuojamo-dydzio-skirtas-skausmui-malsin","status":"publish","type":"product","link":"https:\/\/bmdprekyba.lt\/en\/product\/kelio-masazuoklis-kelio-sildytuvas-3-in-1-kelio-peties-ir-alkunes-itvaras-su-5-sildymo-ir-3-masazo-rezimais-belaidis-sildomas-kelio-itvaras-ikraunamas-reguliuojamo-dydzio-skirtas-skausmui-malsin\/","title":{"rendered":"\u0160ildantis masa\u017euojantis keli\u0173 \u012ftvaras"},"content":{"rendered":"<p>3-in-1 kelio masa\u017euoklis ir \u0161ildytuvas \u2013 \u012ftvaras keliui, petiui ir alk\u016bnei su 5 \u0161ildymo lygiais ir 3 masa\u017eo re\u017eimais.<\/p>\n<p>Belaidis,<\/p>\n<p>\u012fkraunamas,<\/p>\n<p>reguliuojamo dyd\u017eio,<\/p>\n<p>padeda suma\u017einti \u012ftamp\u0105 ir diskomfort\u0105.<\/p>","protected":false},"excerpt":{"rendered":"<p>Kelio masa\u017euoklis-kelio \u0161ildytuvas 3 IN 1, kelio, peties ir alk\u016bn\u0117s \u012ftvaras su 5 \u0161ildymo ir 3 masa\u017eo re\u017eimais, belaidis \u0161ildomas kelio \u012ftvaras, \u012fkraunamas, reguliuojamo dyd\u017eio, skirtas skausmui mal\u0161inti<\/p>","protected":false},"featured_media":2173,"comment_status":"open","ping_status":"closed","template":"","meta":{"_acf_changed":false,"inline_featured_image":false},"product_brand":[],"product_cat":[15],"product_tag":[],"class_list":{"0":"post-1917","1":"product","2":"type-product","3":"status-publish","4":"has-post-thumbnail","6":"product_cat-be-kategorijos","8":"first","9":"instock","10":"sale","11":"taxable","12":"shipping-taxable","13":"purchasable","14":"product-type-simple"},"acf":[],"_links":{"self":[{"href":"https:\/\/bmdprekyba.lt\/en\/wp-json\/wp\/v2\/product\/1917","targetHints":{"allow":["GET"]}}],"collection":[{"href":"https:\/\/bmdprekyba.lt\/en\/wp-json\/wp\/v2\/product"}],"about":[{"href":"https:\/\/bmdprekyba.lt\/en\/wp-json\/wp\/v2\/types\/product"}],"replies":[{"embeddable":true,"href":"https:\/\/bmdprekyba.lt\/en\/wp-json\/wp\/v2\/comments?post=1917"}],"wp:featuredmedia":[{"embeddable":true,"href":"https:\/\/bmdprekyba.lt\/en\/wp-json\/wp\/v2\/media\/2173"}],"wp:attachment":[{"href":"https:\/\/bmdprekyba.lt\/en\/wp-json\/wp\/v2\/media?parent=1917"}],"wp:term":[{"taxonomy":"product_brand","embeddable":true,"href":"https:\/\/bmdprekyba.lt\/en\/wp-json\/wp\/v2\/product_brand?post=1917"},{"taxonomy":"product_cat","embeddable":true,"href":"https:\/\/bmdprekyba.lt\/en\/wp-json\/wp\/v2\/product_cat?post=1917"},{"taxonomy":"product_tag","embeddable":true,"href":"https:\/\/bmdprekyba.lt\/en\/wp-json\/wp\/v2\/product_tag?post=1917"}],"curies":[{"name":"wp","href":"https:\/\/api.w.org\/{rel}","templated":true}]}}