{"id":1916,"date":"2025-07-29T16:59:59","date_gmt":"2025-07-29T16:59:59","guid":{"rendered":"https:\/\/bmdprekyba.lt\/?post_type=product&#038;p=1916"},"modified":"2025-12-12T16:50:02","modified_gmt":"2025-12-12T16:50:02","slug":"cretee-pilvo-preso-volelis-pilvo-ir-liemens-raumenu-lavinimui-pilvo-preso-volelis-su-keliu-pagalvelemis-pilvo-raumenu-lavinimui-pradedantiesiems-ir-pazengusiems-pilvo-liemens-raume","status":"publish","type":"product","link":"https:\/\/bmdprekyba.lt\/en\/product\/cretee-pilvo-preso-volelis-pilvo-ir-liemens-raumenu-lavinimui-pilvo-preso-volelis-su-keliu-pagalvelemis-pilvo-raumenu-lavinimui-pradedantiesiems-ir-pazengusiems-pilvo-liemens-raume\/","title":{"rendered":"Pilvo preso volelis su kelio pagalv\u0117l\u0117mis &#8222;CRETEE&#8221;"},"content":{"rendered":"<p data-start=\"156\" data-end=\"363\"><strong data-start=\"244\" data-end=\"274\">CRETEE pilvo preso volelis<\/strong> \u2013 tai patikimas treniruoklis tiek pradedantiesiems, tiek pa\u017eengusiems sporto m\u0117g\u0117jams.<\/p>\n<h3 data-start=\"365\" data-end=\"395\">Pagrindiniai privalumai:<\/h3>\n<ul data-start=\"396\" data-end=\"798\">\n<li data-start=\"396\" data-end=\"480\">\n<p data-start=\"398\" data-end=\"480\"><strong data-start=\"398\" data-end=\"422\">Stiprina vis\u0105 \u201ecore\u201c<\/strong> \u2013 treniruoja pilvo, liemens, nugaros ir pe\u010di\u0173 raumenis.<\/p>\n<\/li>\n<li data-start=\"481\" data-end=\"559\">\n<p data-start=\"483\" data-end=\"559\"><strong data-start=\"483\" data-end=\"504\">Saugus ir patogus<\/strong> \u2013 neslystantis volelio pavir\u0161ius, patogios rankenos.<\/p>\n<\/li>\n<li data-start=\"626\" data-end=\"701\">\n<p data-start=\"628\" data-end=\"701\"><strong data-start=\"628\" data-end=\"655\">Kompakti\u0161kas ir lengvas<\/strong> \u2013 lengvai telpa namuose ar sporto krep\u0161yje.<\/p>\n<\/li>\n<li data-start=\"702\" data-end=\"798\">\n<p data-start=\"704\" data-end=\"798\"><strong data-start=\"704\" data-end=\"730\">Universalus naudojimas<\/strong> \u2013 tinka tiek vyrams, tiek moterims, \u012fvairaus pasirengimo lygiams.<\/p>\n<\/li>\n<\/ul>\n<h3 data-start=\"907\" data-end=\"926\">Kod\u0117l verta?<\/h3>\n<ul data-start=\"927\" data-end=\"1085\">\n<li data-start=\"927\" data-end=\"976\">\n<p data-start=\"929\" data-end=\"976\">Efektyviai degina kalorijas ir formuoja pres\u0105<\/p>\n<\/li>\n<li data-start=\"977\" data-end=\"1029\">\n<p data-start=\"979\" data-end=\"1029\">Padeda pagerinti laikysen\u0105 bei stuburo stabilum\u0105<\/p>\n<\/li>\n<li data-start=\"1030\" data-end=\"1085\">\n<p data-start=\"1032\" data-end=\"1085\">Puikiai tinka treniruot\u0117ms namuose ar sporto sal\u0117je<\/p>\n<\/li>\n<\/ul>","protected":false},"excerpt":{"rendered":"<p data-start=\"156\" data-end=\"363\"><strong data-start=\"244\" data-end=\"274\">CRETEE pilvo preso volelis<\/strong> \u2013 tai patikimas treniruoklis tiek pradedantiesiems, tiek pa\u017eengusiems sporto m\u0117g\u0117jams.<\/p>\n<h3 data-start=\"365\" data-end=\"395\">Pagrindiniai privalumai:<\/h3>\n<ul data-start=\"927\" data-end=\"1085\">\n<li data-start=\"396\" data-end=\"480\">\n<p data-start=\"398\" data-end=\"480\"><strong data-start=\"398\" data-end=\"422\">Stiprina vis\u0105 \u201ecore\u201c<\/strong> \u2013 treniruoja pilvo, liemens, nugaros ir pe\u010di\u0173 raumenis.<\/p>\n<\/li>\n<li data-start=\"481\" data-end=\"559\">\n<p data-start=\"483\" data-end=\"559\"><strong data-start=\"483\" data-end=\"504\">Saugus ir patogus<\/strong> \u2013 neslystantis volelio pavir\u0161ius, patogios rankenos.<\/p>\n<\/li>\n<li data-start=\"626\" data-end=\"701\">\n<p data-start=\"628\" data-end=\"701\"><strong data-start=\"628\" data-end=\"655\">Kompakti\u0161kas ir lengvas<\/strong> \u2013 lengvai telpa namuose ar sporto krep\u0161yje.<\/p>\n<\/li>\n<li data-start=\"702\" data-end=\"798\">\n<p data-start=\"704\" data-end=\"798\"><strong data-start=\"704\" data-end=\"730\">Universalus naudojimas<\/strong> \u2013 tinka tiek vyrams, tiek moterims, \u012fvairaus pasirengimo lygiams.<\/p>\n<\/li>\n<li data-start=\"927\" data-end=\"976\">\n<p data-start=\"929\" data-end=\"976\">Efektyviai degina kalorijas ir formuoja pres\u0105<\/p>\n<\/li>\n<li data-start=\"977\" data-end=\"1029\">\n<p data-start=\"979\" data-end=\"1029\">Padeda pagerinti laikysen\u0105 bei stuburo stabilum\u0105<\/p>\n<\/li>\n<li data-start=\"1030\" data-end=\"1085\">\n<p data-start=\"1032\" data-end=\"1085\">Puikiai tinka treniruot\u0117ms namuose ar sporto sal\u0117je<\/p>\n<\/li>\n<\/ul>","protected":false},"featured_media":2055,"comment_status":"open","ping_status":"closed","template":"","meta":{"_acf_changed":false,"inline_featured_image":false},"product_brand":[],"product_cat":[102],"product_tag":[],"class_list":{"0":"post-1916","1":"product","2":"type-product","3":"status-publish","4":"has-post-thumbnail","6":"product_cat-sporto-ir-turizmo-prekes","8":"first","9":"instock","10":"sale","11":"taxable","12":"shipping-taxable","13":"purchasable","14":"product-type-simple"},"acf":[],"_links":{"self":[{"href":"https:\/\/bmdprekyba.lt\/en\/wp-json\/wp\/v2\/product\/1916","targetHints":{"allow":["GET"]}}],"collection":[{"href":"https:\/\/bmdprekyba.lt\/en\/wp-json\/wp\/v2\/product"}],"about":[{"href":"https:\/\/bmdprekyba.lt\/en\/wp-json\/wp\/v2\/types\/product"}],"replies":[{"embeddable":true,"href":"https:\/\/bmdprekyba.lt\/en\/wp-json\/wp\/v2\/comments?post=1916"}],"wp:featuredmedia":[{"embeddable":true,"href":"https:\/\/bmdprekyba.lt\/en\/wp-json\/wp\/v2\/media\/2055"}],"wp:attachment":[{"href":"https:\/\/bmdprekyba.lt\/en\/wp-json\/wp\/v2\/media?parent=1916"}],"wp:term":[{"taxonomy":"product_brand","embeddable":true,"href":"https:\/\/bmdprekyba.lt\/en\/wp-json\/wp\/v2\/product_brand?post=1916"},{"taxonomy":"product_cat","embeddable":true,"href":"https:\/\/bmdprekyba.lt\/en\/wp-json\/wp\/v2\/product_cat?post=1916"},{"taxonomy":"product_tag","embeddable":true,"href":"https:\/\/bmdprekyba.lt\/en\/wp-json\/wp\/v2\/product_tag?post=1916"}],"curies":[{"name":"wp","href":"https:\/\/api.w.org\/{rel}","templated":true}]}}