{"id":1915,"date":"2025-07-29T16:59:58","date_gmt":"2025-07-29T16:59:58","guid":{"rendered":"https:\/\/bmdprekyba.lt\/?post_type=product&#038;p=1915"},"modified":"2026-01-09T12:01:21","modified_gmt":"2026-01-09T12:01:21","slug":"sulankstoma-taburete-teleskopine-taburete-sulankstoma-taburete-tvirtesnes-konstrukcijos-skirta-lauko-kempingo-taburetems-kempingo-taburete-maks-maksimali-apkrova-200-kg-raudona","status":"publish","type":"product","link":"https:\/\/bmdprekyba.lt\/en\/product\/sulankstoma-taburete-teleskopine-taburete-sulankstoma-taburete-tvirtesnes-konstrukcijos-skirta-lauko-kempingo-taburetems-kempingo-taburete-maks-maksimali-apkrova-200-kg-raudona\/","title":{"rendered":"Sulankstoma kempingo taburet\u0117"},"content":{"rendered":"<p>Sulankstoma teleskopin\u0117 taburet\u0117 \u2013 tvirtesn\u0117s konstrukcijos, skirta lauko ir kempingo naudojimui, maksimalios apkrovos 200 kg, raudonos spalvos.<\/p>","protected":false},"excerpt":{"rendered":"<p>Sulankstoma taburet\u0117, teleskopin\u0117 taburet\u0117, sulankstoma taburet\u0117, tvirtesn\u0117s konstrukcijos, skirta lauko kempingo taburet\u0117ms, kempingo taburet\u0117, maks. Maksimali apkrova 200 kg, raudona<\/p>","protected":false},"featured_media":2156,"comment_status":"open","ping_status":"closed","template":"","meta":{"_acf_changed":false,"inline_featured_image":false},"product_brand":[],"product_cat":[102],"product_tag":[],"class_list":{"0":"post-1915","1":"product","2":"type-product","3":"status-publish","4":"has-post-thumbnail","6":"product_cat-sporto-ir-turizmo-prekes","8":"first","9":"instock","10":"taxable","11":"shipping-taxable","12":"purchasable","13":"product-type-simple"},"acf":[],"_links":{"self":[{"href":"https:\/\/bmdprekyba.lt\/en\/wp-json\/wp\/v2\/product\/1915","targetHints":{"allow":["GET"]}}],"collection":[{"href":"https:\/\/bmdprekyba.lt\/en\/wp-json\/wp\/v2\/product"}],"about":[{"href":"https:\/\/bmdprekyba.lt\/en\/wp-json\/wp\/v2\/types\/product"}],"replies":[{"embeddable":true,"href":"https:\/\/bmdprekyba.lt\/en\/wp-json\/wp\/v2\/comments?post=1915"}],"wp:featuredmedia":[{"embeddable":true,"href":"https:\/\/bmdprekyba.lt\/en\/wp-json\/wp\/v2\/media\/2156"}],"wp:attachment":[{"href":"https:\/\/bmdprekyba.lt\/en\/wp-json\/wp\/v2\/media?parent=1915"}],"wp:term":[{"taxonomy":"product_brand","embeddable":true,"href":"https:\/\/bmdprekyba.lt\/en\/wp-json\/wp\/v2\/product_brand?post=1915"},{"taxonomy":"product_cat","embeddable":true,"href":"https:\/\/bmdprekyba.lt\/en\/wp-json\/wp\/v2\/product_cat?post=1915"},{"taxonomy":"product_tag","embeddable":true,"href":"https:\/\/bmdprekyba.lt\/en\/wp-json\/wp\/v2\/product_tag?post=1915"}],"curies":[{"name":"wp","href":"https:\/\/api.w.org\/{rel}","templated":true}]}}