{"id":1914,"date":"2025-07-29T16:59:58","date_gmt":"2025-07-29T16:59:58","guid":{"rendered":"https:\/\/bmdprekyba.lt\/?post_type=product&#038;p=1914"},"modified":"2026-01-09T12:01:22","modified_gmt":"2026-01-09T12:01:22","slug":"suformuotas-360-laipsniu-pasukamas-maisytuvo-aeratorius-namams-virtuvei-vonios-kambariui-kriauklei-maisytuvui-su-judanciu-zarnos-adapteriu-auksto-slegio-vonios-antgalis-pasukamas-pakaitinis-2","status":"publish","type":"product","link":"https:\/\/bmdprekyba.lt\/en\/product\/suformuotas-360-laipsniu-pasukamas-maisytuvo-aeratorius-namams-virtuvei-vonios-kambariui-kriauklei-maisytuvui-su-judanciu-zarnos-adapteriu-auksto-slegio-vonios-antgalis-pasukamas-pakaitinis-2\/","title":{"rendered":"Mai\u0161ytuvo aeratorius su adapteriu"},"content":{"rendered":"<p>360\u00b0 pasukamas mai\u0161ytuvo aeratorius \u2013 tinkamas virtuvei ir vonios kambariui, su judan\u010diu \u017earnos adapteriu, auk\u0161to sl\u0117gio vonios antgaliu. Komplekte 2 vnt. pakaitiniai.<\/p>","protected":false},"excerpt":{"rendered":"<p>Suformuotas 360 laipsni\u0173 pasukamas mai\u0161ytuvo aeratorius namams, virtuvei, vonios kambariui, kriauklei, mai\u0161ytuvui (su judan\u010diu \u017earnos adapteriu), auk\u0161to sl\u0117gio vonios antgalis, pasukamas pakaitinis (2 vnt. pakuot\u0117je)<\/p>","protected":false},"featured_media":2168,"comment_status":"open","ping_status":"closed","template":"","meta":{"_acf_changed":false,"inline_featured_image":false},"product_brand":[],"product_cat":[74],"product_tag":[],"class_list":{"0":"post-1914","1":"product","2":"type-product","3":"status-publish","4":"has-post-thumbnail","6":"product_cat-namu-interjeras","8":"first","9":"instock","10":"taxable","11":"shipping-taxable","12":"purchasable","13":"product-type-simple"},"acf":[],"_links":{"self":[{"href":"https:\/\/bmdprekyba.lt\/en\/wp-json\/wp\/v2\/product\/1914","targetHints":{"allow":["GET"]}}],"collection":[{"href":"https:\/\/bmdprekyba.lt\/en\/wp-json\/wp\/v2\/product"}],"about":[{"href":"https:\/\/bmdprekyba.lt\/en\/wp-json\/wp\/v2\/types\/product"}],"replies":[{"embeddable":true,"href":"https:\/\/bmdprekyba.lt\/en\/wp-json\/wp\/v2\/comments?post=1914"}],"wp:featuredmedia":[{"embeddable":true,"href":"https:\/\/bmdprekyba.lt\/en\/wp-json\/wp\/v2\/media\/2168"}],"wp:attachment":[{"href":"https:\/\/bmdprekyba.lt\/en\/wp-json\/wp\/v2\/media?parent=1914"}],"wp:term":[{"taxonomy":"product_brand","embeddable":true,"href":"https:\/\/bmdprekyba.lt\/en\/wp-json\/wp\/v2\/product_brand?post=1914"},{"taxonomy":"product_cat","embeddable":true,"href":"https:\/\/bmdprekyba.lt\/en\/wp-json\/wp\/v2\/product_cat?post=1914"},{"taxonomy":"product_tag","embeddable":true,"href":"https:\/\/bmdprekyba.lt\/en\/wp-json\/wp\/v2\/product_tag?post=1914"}],"curies":[{"name":"wp","href":"https:\/\/api.w.org\/{rel}","templated":true}]}}