{"id":1913,"date":"2025-07-29T16:59:58","date_gmt":"2025-07-29T16:59:58","guid":{"rendered":"https:\/\/bmdprekyba.lt\/?post_type=product&#038;p=1913"},"modified":"2026-01-09T12:01:21","modified_gmt":"2026-01-09T12:01:21","slug":"kunchu-moteriski-dideli-akiniai-moterims-retro-kvadratiniai-madingi-klasikiniai-uv400-apsauga-ultralengvi-apvalus-padengti-milteliniu-budu","status":"publish","type":"product","link":"https:\/\/bmdprekyba.lt\/en\/product\/kunchu-moteriski-dideli-akiniai-moterims-retro-kvadratiniai-madingi-klasikiniai-uv400-apsauga-ultralengvi-apvalus-padengti-milteliniu-budu\/","title":{"rendered":"Retro saul\u0117s akiniai moterims"},"content":{"rendered":"<p>Kunchu\u00ae moteri\u0161ki saul\u0117s akiniai \u2013 dideli, retro stiliaus, apval\u016bs, madingi, klasikiniai, padengti milteliniu b\u016bdu, su UV400 apsauga, ultra-lengvi.<\/p>","protected":false},"excerpt":{"rendered":"<p>Kunchu\u00ae Moteri\u0161ki-dideli-akiniai-moterims-retro-kvadratiniai-madingi-klasikiniai-UV400-apsauga-ultralengvi-apval\u016bs, padengti milteliniu b\u016bdu<\/p>","protected":false},"featured_media":2182,"comment_status":"open","ping_status":"closed","template":"","meta":{"_acf_changed":false,"inline_featured_image":false},"product_brand":[],"product_cat":[101],"product_tag":[],"class_list":{"0":"post-1913","1":"product","2":"type-product","3":"status-publish","4":"has-post-thumbnail","6":"product_cat-drabuziai-batai","8":"first","9":"instock","10":"taxable","11":"shipping-taxable","12":"purchasable","13":"product-type-simple"},"acf":[],"_links":{"self":[{"href":"https:\/\/bmdprekyba.lt\/en\/wp-json\/wp\/v2\/product\/1913","targetHints":{"allow":["GET"]}}],"collection":[{"href":"https:\/\/bmdprekyba.lt\/en\/wp-json\/wp\/v2\/product"}],"about":[{"href":"https:\/\/bmdprekyba.lt\/en\/wp-json\/wp\/v2\/types\/product"}],"replies":[{"embeddable":true,"href":"https:\/\/bmdprekyba.lt\/en\/wp-json\/wp\/v2\/comments?post=1913"}],"wp:featuredmedia":[{"embeddable":true,"href":"https:\/\/bmdprekyba.lt\/en\/wp-json\/wp\/v2\/media\/2182"}],"wp:attachment":[{"href":"https:\/\/bmdprekyba.lt\/en\/wp-json\/wp\/v2\/media?parent=1913"}],"wp:term":[{"taxonomy":"product_brand","embeddable":true,"href":"https:\/\/bmdprekyba.lt\/en\/wp-json\/wp\/v2\/product_brand?post=1913"},{"taxonomy":"product_cat","embeddable":true,"href":"https:\/\/bmdprekyba.lt\/en\/wp-json\/wp\/v2\/product_cat?post=1913"},{"taxonomy":"product_tag","embeddable":true,"href":"https:\/\/bmdprekyba.lt\/en\/wp-json\/wp\/v2\/product_tag?post=1913"}],"curies":[{"name":"wp","href":"https:\/\/api.w.org\/{rel}","templated":true}]}}