{"id":1908,"date":"2025-07-29T16:59:58","date_gmt":"2025-07-29T16:59:58","guid":{"rendered":"https:\/\/bmdprekyba.lt\/?post_type=product&#038;p=1908"},"modified":"2026-01-09T12:01:21","modified_gmt":"2026-01-09T12:01:21","slug":"tazzor-galine-palapine-automobiliui-su-tinkleliu-nuo-uodu-atspari-vejui-apsaugai-nuo-saules-ir-vandeniui-automobilio-palapines-galines-durys-automobilio-tentas-visureigiui-automobilio-tentas-sto","status":"publish","type":"product","link":"https:\/\/bmdprekyba.lt\/en\/product\/tazzor-galine-palapine-automobiliui-su-tinkleliu-nuo-uodu-atspari-vejui-apsaugai-nuo-saules-ir-vandeniui-automobilio-palapines-galines-durys-automobilio-tentas-visureigiui-automobilio-tentas-sto\/","title":{"rendered":"Automobilio palapin\u0117 (chaki spalvos)"},"content":{"rendered":"<p>TAZZOR galin\u0117 automobilio palapin\u0117 \u2013 su uod\u0173 tinkleliu, atspari v\u0117jui, saulei ir vandeniui. Tinka galin\u0117ms durims, visureigiams ir stovyklavimui lauke (chaki spalvos).<\/p>","protected":false},"excerpt":{"rendered":"<p>TAZZOR galin\u0117 palapin\u0117 automobiliui su tinkleliu nuo uod\u0173, atspari v\u0117jui, apsaugai nuo saul\u0117s ir vandeniui &#8211; automobilio palapin\u0117s galin\u0117s durys, automobilio tentas visureigiui, automobilio tentas stovyklavimui ir nuotykiams lauke (chaki spalvos)<\/p>","protected":false},"featured_media":2160,"comment_status":"open","ping_status":"closed","template":"","meta":{"_acf_changed":false,"inline_featured_image":false},"product_brand":[],"product_cat":[103,102],"product_tag":[],"class_list":{"0":"post-1908","1":"product","2":"type-product","3":"status-publish","4":"has-post-thumbnail","6":"product_cat-auto-ir-moto-prekes","7":"product_cat-sporto-ir-turizmo-prekes","9":"first","10":"instock","11":"taxable","12":"shipping-taxable","13":"purchasable","14":"product-type-simple"},"acf":[],"_links":{"self":[{"href":"https:\/\/bmdprekyba.lt\/en\/wp-json\/wp\/v2\/product\/1908","targetHints":{"allow":["GET"]}}],"collection":[{"href":"https:\/\/bmdprekyba.lt\/en\/wp-json\/wp\/v2\/product"}],"about":[{"href":"https:\/\/bmdprekyba.lt\/en\/wp-json\/wp\/v2\/types\/product"}],"replies":[{"embeddable":true,"href":"https:\/\/bmdprekyba.lt\/en\/wp-json\/wp\/v2\/comments?post=1908"}],"wp:featuredmedia":[{"embeddable":true,"href":"https:\/\/bmdprekyba.lt\/en\/wp-json\/wp\/v2\/media\/2160"}],"wp:attachment":[{"href":"https:\/\/bmdprekyba.lt\/en\/wp-json\/wp\/v2\/media?parent=1908"}],"wp:term":[{"taxonomy":"product_brand","embeddable":true,"href":"https:\/\/bmdprekyba.lt\/en\/wp-json\/wp\/v2\/product_brand?post=1908"},{"taxonomy":"product_cat","embeddable":true,"href":"https:\/\/bmdprekyba.lt\/en\/wp-json\/wp\/v2\/product_cat?post=1908"},{"taxonomy":"product_tag","embeddable":true,"href":"https:\/\/bmdprekyba.lt\/en\/wp-json\/wp\/v2\/product_tag?post=1908"}],"curies":[{"name":"wp","href":"https:\/\/api.w.org\/{rel}","templated":true}]}}