{"id":1906,"date":"2025-07-29T16:59:58","date_gmt":"2025-07-29T16:59:58","guid":{"rendered":"https:\/\/bmdprekyba.lt\/?post_type=product&#038;p=1906"},"modified":"2026-01-09T12:01:21","modified_gmt":"2026-01-09T12:01:21","slug":"idoo-viengulis-pripuciamas-ciuzinys-savaime-prisipuciantis-pripuciamas-ciuzinys-1-asmeniui-su-integruotu-oro-pompa-sveciu-lova-greitai-prisipucianti-ir-isleidziama-pripuciamas-kempingo-ciuzinys-10","status":"publish","type":"product","link":"https:\/\/bmdprekyba.lt\/en\/product\/idoo-viengulis-pripuciamas-ciuzinys-savaime-prisipuciantis-pripuciamas-ciuzinys-1-asmeniui-su-integruotu-oro-pompa-sveciu-lova-greitai-prisipucianti-ir-isleidziama-pripuciamas-kempingo-ciuzinys-10\/","title":{"rendered":"iDOO viengulis pripu\u010diamas \u010diu\u017einys, savaime prisipu\u010diantis pripu\u010diamas \u010diu\u017einys 1 asmeniui su integruotu oro pompa, sve\u010di\u0173 lova, greitai prisipu\u010dianti ir i\u0161leid\u017eiama, pripu\u010diamas kempingo \u010diu\u017einys 100x190x46 cm, maks. 250 kg"},"content":{"rendered":"<p>iDOO viengulis pripu\u010diamas \u010diu\u017einys, savaime prisipu\u010diantis pripu\u010diamas \u010diu\u017einys 1 asmeniui su integruotu oro pompa, sve\u010di\u0173 lova, greitai prisipu\u010dianti ir i\u0161leid\u017eiama, pripu\u010diamas kempingo \u010diu\u017einys 100x190x46 cm, maks. 250 kg<\/p>","protected":false},"excerpt":{"rendered":"<p>iDOO viengulis pripu\u010diamas \u010diu\u017einys, savaime prisipu\u010diantis pripu\u010diamas \u010diu\u017einys 1 asmeniui su integruotu oro pompa, sve\u010di\u0173 lova, greitai prisipu\u010dianti ir i\u0161leid\u017eiama, pripu\u010diamas kempingo \u010diu\u017einys 100x190x46 cm, maks. 250 kg<\/p>","protected":false},"featured_media":2061,"comment_status":"open","ping_status":"closed","template":"","meta":{"_acf_changed":false,"inline_featured_image":false},"product_brand":[],"product_cat":[102],"product_tag":[],"class_list":{"0":"post-1906","1":"product","2":"type-product","3":"status-publish","4":"has-post-thumbnail","6":"product_cat-sporto-ir-turizmo-prekes","8":"first","9":"instock","10":"taxable","11":"shipping-taxable","12":"purchasable","13":"product-type-simple"},"acf":[],"_links":{"self":[{"href":"https:\/\/bmdprekyba.lt\/en\/wp-json\/wp\/v2\/product\/1906","targetHints":{"allow":["GET"]}}],"collection":[{"href":"https:\/\/bmdprekyba.lt\/en\/wp-json\/wp\/v2\/product"}],"about":[{"href":"https:\/\/bmdprekyba.lt\/en\/wp-json\/wp\/v2\/types\/product"}],"replies":[{"embeddable":true,"href":"https:\/\/bmdprekyba.lt\/en\/wp-json\/wp\/v2\/comments?post=1906"}],"wp:featuredmedia":[{"embeddable":true,"href":"https:\/\/bmdprekyba.lt\/en\/wp-json\/wp\/v2\/media\/2061"}],"wp:attachment":[{"href":"https:\/\/bmdprekyba.lt\/en\/wp-json\/wp\/v2\/media?parent=1906"}],"wp:term":[{"taxonomy":"product_brand","embeddable":true,"href":"https:\/\/bmdprekyba.lt\/en\/wp-json\/wp\/v2\/product_brand?post=1906"},{"taxonomy":"product_cat","embeddable":true,"href":"https:\/\/bmdprekyba.lt\/en\/wp-json\/wp\/v2\/product_cat?post=1906"},{"taxonomy":"product_tag","embeddable":true,"href":"https:\/\/bmdprekyba.lt\/en\/wp-json\/wp\/v2\/product_tag?post=1906"}],"curies":[{"name":"wp","href":"https:\/\/api.w.org\/{rel}","templated":true}]}}