{"id":1903,"date":"2025-07-29T16:59:58","date_gmt":"2025-07-29T16:59:58","guid":{"rendered":"https:\/\/bmdprekyba.lt\/?post_type=product&#038;p=1903"},"modified":"2026-01-09T12:01:21","modified_gmt":"2026-01-09T12:01:21","slug":"peugeot-207-207cc-porankiai-centrinis-porankis-su-daiktadeze-ir-puodelio-laikikliu-usb-prievadas-automobiliu-priedai-konsoles-porankis-juodas","status":"publish","type":"product","link":"https:\/\/bmdprekyba.lt\/en\/product\/peugeot-207-207cc-porankiai-centrinis-porankis-su-daiktadeze-ir-puodelio-laikikliu-usb-prievadas-automobiliu-priedai-konsoles-porankis-juodas\/","title":{"rendered":"Juodas konsol\u0117s porankis automobiliui"},"content":{"rendered":"<p>Peugeot 207 \/ 207CC centrinis porankis \u2013 su daiktad\u0117\u017ee, puodelio laikikliu ir USB prievadu, automobilio konsol\u0117s priedas, juodos spalvos.<\/p>","protected":false},"excerpt":{"rendered":"<p>Peugeot 207 207CC porankiai, centrinis porankis su daiktad\u0117\u017ee ir puodelio laikikliu, USB prievadas, automobili\u0173 priedai, konsol\u0117s porankis, juodas<\/p>","protected":false},"featured_media":2039,"comment_status":"open","ping_status":"closed","template":"","meta":{"_acf_changed":false,"inline_featured_image":false},"product_brand":[],"product_cat":[103],"product_tag":[],"class_list":{"0":"post-1903","1":"product","2":"type-product","3":"status-publish","4":"has-post-thumbnail","6":"product_cat-auto-ir-moto-prekes","8":"first","9":"instock","10":"taxable","11":"shipping-taxable","12":"purchasable","13":"product-type-simple"},"acf":[],"_links":{"self":[{"href":"https:\/\/bmdprekyba.lt\/en\/wp-json\/wp\/v2\/product\/1903","targetHints":{"allow":["GET"]}}],"collection":[{"href":"https:\/\/bmdprekyba.lt\/en\/wp-json\/wp\/v2\/product"}],"about":[{"href":"https:\/\/bmdprekyba.lt\/en\/wp-json\/wp\/v2\/types\/product"}],"replies":[{"embeddable":true,"href":"https:\/\/bmdprekyba.lt\/en\/wp-json\/wp\/v2\/comments?post=1903"}],"wp:featuredmedia":[{"embeddable":true,"href":"https:\/\/bmdprekyba.lt\/en\/wp-json\/wp\/v2\/media\/2039"}],"wp:attachment":[{"href":"https:\/\/bmdprekyba.lt\/en\/wp-json\/wp\/v2\/media?parent=1903"}],"wp:term":[{"taxonomy":"product_brand","embeddable":true,"href":"https:\/\/bmdprekyba.lt\/en\/wp-json\/wp\/v2\/product_brand?post=1903"},{"taxonomy":"product_cat","embeddable":true,"href":"https:\/\/bmdprekyba.lt\/en\/wp-json\/wp\/v2\/product_cat?post=1903"},{"taxonomy":"product_tag","embeddable":true,"href":"https:\/\/bmdprekyba.lt\/en\/wp-json\/wp\/v2\/product_tag?post=1903"}],"curies":[{"name":"wp","href":"https:\/\/api.w.org\/{rel}","templated":true}]}}