{"id":1901,"date":"2025-07-29T16:59:58","date_gmt":"2025-07-29T16:59:58","guid":{"rendered":"https:\/\/bmdprekyba.lt\/?post_type=product&#038;p=1901"},"modified":"2026-01-09T12:01:21","modified_gmt":"2026-01-09T12:01:21","slug":"megalith-laikrodziai-vyriski-skaitmeniniai-sportiniai-chronografai-vandeniui-atsparus-rankiniai-laikrodziai-vyriski-daugiafunkciai-skaitmeniniai-lauko-laikrodziai-analoginis-chronometras-led-zadi","status":"publish","type":"product","link":"https:\/\/bmdprekyba.lt\/en\/product\/megalith-laikrodziai-vyriski-skaitmeniniai-sportiniai-chronografai-vandeniui-atsparus-rankiniai-laikrodziai-vyriski-daugiafunkciai-skaitmeniniai-lauko-laikrodziai-analoginis-chronometras-led-zadi\/","title":{"rendered":"Sportinis laikrodis \u201eMEGALITH\u201c"},"content":{"rendered":"<p>MEGALITH vyri\u0161kas skaitmeninis sportinis laikrodis \u2013 daugiafunkcis, vandeniui atsparus, su analoginiu chronometru, LED ap\u0161vietimu, \u017eadintuvu ir kalendoriumi.<\/p>","protected":false},"excerpt":{"rendered":"<p>MEGALITH laikrod\u017eiai, vyri\u0161ki skaitmeniniai sportiniai chronografai, vandeniui atspar\u016bs rankiniai laikrod\u017eiai, vyri\u0161ki daugiafunkciai skaitmeniniai lauko laikrod\u017eiai, analoginis chronometras, LED \u017eadintuvas, kalendorius su \u0161vietimu<\/p>","protected":false},"featured_media":2051,"comment_status":"open","ping_status":"closed","template":"","meta":{"_acf_changed":false,"inline_featured_image":false},"product_brand":[],"product_cat":[101],"product_tag":[],"class_list":{"0":"post-1901","1":"product","2":"type-product","3":"status-publish","4":"has-post-thumbnail","6":"product_cat-drabuziai-batai","8":"first","9":"instock","10":"taxable","11":"shipping-taxable","12":"purchasable","13":"product-type-simple"},"acf":[],"_links":{"self":[{"href":"https:\/\/bmdprekyba.lt\/en\/wp-json\/wp\/v2\/product\/1901","targetHints":{"allow":["GET"]}}],"collection":[{"href":"https:\/\/bmdprekyba.lt\/en\/wp-json\/wp\/v2\/product"}],"about":[{"href":"https:\/\/bmdprekyba.lt\/en\/wp-json\/wp\/v2\/types\/product"}],"replies":[{"embeddable":true,"href":"https:\/\/bmdprekyba.lt\/en\/wp-json\/wp\/v2\/comments?post=1901"}],"wp:featuredmedia":[{"embeddable":true,"href":"https:\/\/bmdprekyba.lt\/en\/wp-json\/wp\/v2\/media\/2051"}],"wp:attachment":[{"href":"https:\/\/bmdprekyba.lt\/en\/wp-json\/wp\/v2\/media?parent=1901"}],"wp:term":[{"taxonomy":"product_brand","embeddable":true,"href":"https:\/\/bmdprekyba.lt\/en\/wp-json\/wp\/v2\/product_brand?post=1901"},{"taxonomy":"product_cat","embeddable":true,"href":"https:\/\/bmdprekyba.lt\/en\/wp-json\/wp\/v2\/product_cat?post=1901"},{"taxonomy":"product_tag","embeddable":true,"href":"https:\/\/bmdprekyba.lt\/en\/wp-json\/wp\/v2\/product_tag?post=1901"}],"curies":[{"name":"wp","href":"https:\/\/api.w.org\/{rel}","templated":true}]}}