{"id":1899,"date":"2025-07-29T16:59:58","date_gmt":"2025-07-29T16:59:58","guid":{"rendered":"https:\/\/bmdprekyba.lt\/?post_type=product&#038;p=1899"},"modified":"2026-01-09T12:01:21","modified_gmt":"2026-01-09T12:01:21","slug":"pakavimo-kubeliu-rinkinys-7-daliu-pakavimo-kubeliai-pakavimo-maiseliai-drabuziu-krepsiai-apatiniai-drabuziai-kosmetika-vandeniui-atsparus-kelionems-verslo-kelionems-atostogoms-ir-kemperiams","status":"publish","type":"product","link":"https:\/\/bmdprekyba.lt\/en\/product\/pakavimo-kubeliu-rinkinys-7-daliu-pakavimo-kubeliai-pakavimo-maiseliai-drabuziu-krepsiai-apatiniai-drabuziai-kosmetika-vandeniui-atsparus-kelionems-verslo-kelionems-atostogoms-ir-kemperiams\/","title":{"rendered":"Kelioninis pakavimo rinkinys (m\u0117lyna + raudona)"},"content":{"rendered":"<p>7 dali\u0173 pakavimo kubeli\u0173 rinkinys \u2013 vandeniui atspar\u016bs pakavimo kubeliai ir mai\u0161eliai drabu\u017eiams, apatiniams, kosmetikai. Idealiai tinka kelion\u0117ms, verslo komandiruot\u0117ms, atostogoms ir kemperiams (m\u0117lyna + raudona).<\/p>\n<p>XL pakavimo kubas: 44 x 29 x 10 cm (ilgis \u00d7 plotis \u00d7 auk\u0161tis).<br \/>\nL pakavimo kubas: 37 x 26 x 8 cm (ilgis \u00d7 plotis \u00d7 auk\u0161tis).<br \/>\nM pakavimo kubas: 32 x 22 x 7 cm (ilgis x plotis x auk\u0161tis).<br \/>\nS pakavimo kubas: 25 x 18 x 7 cm (ilgis x plotis x auk\u0161tis).<br \/>\nBat\u0173 mai\u0161elis (2 vnt.): ilgis: 37 x 23 x 12 cm, ma\u017ei: 37 x 23 x 12 cm (ilgis x plotis x auk\u0161tis).<br \/>\nMa\u017eas sandarus pakavimo kubas kosmetikai: 25 x 18 x 7 cm (ilgis x plotis x auk\u0161tis).<\/p>","protected":false},"excerpt":{"rendered":"<p>Pakavimo kubeli\u0173 rinkinys, 7 dali\u0173, pakavimo kubeliai, pakavimo mai\u0161eliai, drabu\u017ei\u0173 krep\u0161iai, apatiniai drabu\u017eiai, kosmetika, vandeniui atspar\u016bs kelion\u0117ms, verslo kelion\u0117ms, atostogoms ir kemperiams (m\u0117lyna + raudona)<\/p>","protected":false},"featured_media":2080,"comment_status":"open","ping_status":"closed","template":"","meta":{"_acf_changed":false,"inline_featured_image":false},"product_brand":[],"product_cat":[102],"product_tag":[],"class_list":{"0":"post-1899","1":"product","2":"type-product","3":"status-publish","4":"has-post-thumbnail","6":"product_cat-sporto-ir-turizmo-prekes","8":"first","9":"instock","10":"taxable","11":"shipping-taxable","12":"purchasable","13":"product-type-simple"},"acf":[],"_links":{"self":[{"href":"https:\/\/bmdprekyba.lt\/en\/wp-json\/wp\/v2\/product\/1899","targetHints":{"allow":["GET"]}}],"collection":[{"href":"https:\/\/bmdprekyba.lt\/en\/wp-json\/wp\/v2\/product"}],"about":[{"href":"https:\/\/bmdprekyba.lt\/en\/wp-json\/wp\/v2\/types\/product"}],"replies":[{"embeddable":true,"href":"https:\/\/bmdprekyba.lt\/en\/wp-json\/wp\/v2\/comments?post=1899"}],"wp:featuredmedia":[{"embeddable":true,"href":"https:\/\/bmdprekyba.lt\/en\/wp-json\/wp\/v2\/media\/2080"}],"wp:attachment":[{"href":"https:\/\/bmdprekyba.lt\/en\/wp-json\/wp\/v2\/media?parent=1899"}],"wp:term":[{"taxonomy":"product_brand","embeddable":true,"href":"https:\/\/bmdprekyba.lt\/en\/wp-json\/wp\/v2\/product_brand?post=1899"},{"taxonomy":"product_cat","embeddable":true,"href":"https:\/\/bmdprekyba.lt\/en\/wp-json\/wp\/v2\/product_cat?post=1899"},{"taxonomy":"product_tag","embeddable":true,"href":"https:\/\/bmdprekyba.lt\/en\/wp-json\/wp\/v2\/product_tag?post=1899"}],"curies":[{"name":"wp","href":"https:\/\/api.w.org\/{rel}","templated":true}]}}