{"id":1880,"date":"2025-07-29T16:59:54","date_gmt":"2025-07-29T16:59:54","guid":{"rendered":"https:\/\/bmdprekyba.lt\/?post_type=product&#038;p=1880"},"modified":"2026-01-09T12:01:21","modified_gmt":"2026-01-09T12:01:21","slug":"kairiyard-575-colio-apvalus-motociklo-priekinis-led-zibintas-100-w-10000-lm-6000-k-3000-k-artimosios-sviesos-tolimosios-sviesos-4-perjungimo-rezimai-9-30-v-itin-zem","status":"publish","type":"product","link":"https:\/\/bmdprekyba.lt\/en\/product\/kairiyard-575-colio-apvalus-motociklo-priekinis-led-zibintas-100-w-10000-lm-6000-k-3000-k-artimosios-sviesos-tolimosios-sviesos-4-perjungimo-rezimai-9-30-v-itin-zem\/","title":{"rendered":"Kairiyard LED \u017eibintas"},"content":{"rendered":"<p data-start=\"117\" data-end=\"260\"><strong data-start=\"117\" data-end=\"174\">\u201eKairiyard\u201c 5,75 colio apvalus motociklo LED \u017eibintas<\/strong> \u2013 galingas ir patikimas \u017eibintas, suteikiantis puik\u0173 matomum\u0105 \u012fvairiomis s\u0105lygomis.<\/p>\n<p data-start=\"262\" data-end=\"732\">\u2022 <strong data-start=\"264\" data-end=\"298\">Galia ir \u0161viesos intensyvumas:<\/strong> 100 W, 10 000 LM<br data-start=\"315\" data-end=\"318\" \/>\u2022 <strong data-start=\"320\" data-end=\"344\">Spalvos temperat\u016bra:<\/strong> 6000 K \/ 3000 K artimosios ir tolimosios \u0161viesos<br data-start=\"393\" data-end=\"396\" data-is-only-node=\"\" \/>\u2022 <strong data-start=\"398\" data-end=\"427\">Keturi perjungimo re\u017eimai<\/strong> \u2013 lengvai pritaikomi skirtingoms situacijoms<br data-start=\"472\" data-end=\"475\" \/>\u2022 <strong data-start=\"477\" data-end=\"488\">\u012etampa:<\/strong> 9\u201330 V, tinka daugeliui motocikl\u0173<br data-start=\"522\" data-end=\"525\" \/>\u2022 <strong data-start=\"527\" data-end=\"557\">Itin \u017eemo spindulio optika<\/strong> \u2013 optimalus matomumas, nesukeliantis akinimo<br data-start=\"602\" data-end=\"605\" \/>\u2022 <strong data-start=\"607\" data-end=\"646\">R\u016bko \u017eibintas su perjungimo laidais<\/strong> \u2013 patogus ir saugus naudojimas<br data-start=\"677\" data-end=\"680\" \/>\u2022 <strong data-start=\"682\" data-end=\"698\">IP67 apsauga<\/strong> \u2013 atsparus dulk\u0117ms ir vandeniui<\/p>\n<p data-start=\"734\" data-end=\"828\" data-is-last-node=\"\" data-is-only-node=\"\">Idealus pasirinkimas motociklininkams, siekiantiems galingo, stilingo ir patikimo LED \u017eibinto.<\/p>","protected":false},"excerpt":{"rendered":"<p>\u201eKairiyard\u201c 5,75 colio apvalus motociklo priekinis LED \u017eibintas, 100 W, 10000 LM, 6000 K \/ 3000 K artimosios \u0161viesos, tolimosios \u0161viesos, 4 perjungimo re\u017eimai, 9\u201330 V, itin \u017eemo spindulio optika, r\u016bko \u017eibintas su perjungimo laidais, IP67.<\/p>","protected":false},"featured_media":2027,"comment_status":"open","ping_status":"closed","template":"","meta":{"_acf_changed":false,"inline_featured_image":false},"product_brand":[],"product_cat":[103],"product_tag":[],"class_list":{"0":"post-1880","1":"product","2":"type-product","3":"status-publish","4":"has-post-thumbnail","6":"product_cat-auto-ir-moto-prekes","8":"first","9":"instock","10":"taxable","11":"shipping-taxable","12":"purchasable","13":"product-type-simple"},"acf":[],"_links":{"self":[{"href":"https:\/\/bmdprekyba.lt\/en\/wp-json\/wp\/v2\/product\/1880","targetHints":{"allow":["GET"]}}],"collection":[{"href":"https:\/\/bmdprekyba.lt\/en\/wp-json\/wp\/v2\/product"}],"about":[{"href":"https:\/\/bmdprekyba.lt\/en\/wp-json\/wp\/v2\/types\/product"}],"replies":[{"embeddable":true,"href":"https:\/\/bmdprekyba.lt\/en\/wp-json\/wp\/v2\/comments?post=1880"}],"wp:featuredmedia":[{"embeddable":true,"href":"https:\/\/bmdprekyba.lt\/en\/wp-json\/wp\/v2\/media\/2027"}],"wp:attachment":[{"href":"https:\/\/bmdprekyba.lt\/en\/wp-json\/wp\/v2\/media?parent=1880"}],"wp:term":[{"taxonomy":"product_brand","embeddable":true,"href":"https:\/\/bmdprekyba.lt\/en\/wp-json\/wp\/v2\/product_brand?post=1880"},{"taxonomy":"product_cat","embeddable":true,"href":"https:\/\/bmdprekyba.lt\/en\/wp-json\/wp\/v2\/product_cat?post=1880"},{"taxonomy":"product_tag","embeddable":true,"href":"https:\/\/bmdprekyba.lt\/en\/wp-json\/wp\/v2\/product_tag?post=1880"}],"curies":[{"name":"wp","href":"https:\/\/api.w.org\/{rel}","templated":true}]}}