{"id":1879,"date":"2025-07-29T16:59:54","date_gmt":"2025-07-29T16:59:54","guid":{"rendered":"https:\/\/bmdprekyba.lt\/?post_type=product&#038;p=1879"},"modified":"2026-01-09T12:01:21","modified_gmt":"2026-01-09T12:01:21","slug":"fitville-diabetiniai-batai-vyrams-ypac-platus-reguliuojami-vaiksciojimo-batai-nuo-pedu-patinimo-prailginto-plocio-batai-su-lipdukais-juodi-45-es","status":"publish","type":"product","link":"https:\/\/bmdprekyba.lt\/en\/product\/fitville-diabetiniai-batai-vyrams-ypac-platus-reguliuojami-vaiksciojimo-batai-nuo-pedu-patinimo-prailginto-plocio-batai-su-lipdukais-juodi-45-es\/","title":{"rendered":"FitVille diabetiniai batai"},"content":{"rendered":"<p data-start=\"121\" data-end=\"261\"><strong data-start=\"121\" data-end=\"160\">\u201eFitVille\u201c diabetiniai batai vyrams<\/strong> \u2013 ypa\u010d plat\u016bs, reguliuojami batai, skirti komforti\u0161kam vaik\u0161\u010diojimui ir p\u0117d\u0173 sveikatos palaikymui.<\/p>\n<p data-start=\"263\" data-end=\"529\">\u2022 <strong data-start=\"265\" data-end=\"297\">Prieinama plo\u010dio reguliacija<\/strong> \u2013 batai prisitaiko prie patinusi\u0173 p\u0117d\u0173<br data-start=\"336\" data-end=\"339\" \/>\u2022 <strong data-start=\"341\" data-end=\"362\">Lipduk\u0173 u\u017esegimas<\/strong> \u2013 lengva u\u017esid\u0117ti ir pritaikyti tinkam\u0105 tvirtum\u0105<br data-start=\"411\" data-end=\"414\" data-is-only-node=\"\" \/>\u2022 <strong data-start=\"416\" data-end=\"438\">Juodi, universal\u016bs<\/strong> \u2013 stilingi ir prakti\u0161ki kasdienai<br data-start=\"472\" data-end=\"475\" \/>\u2022 <strong data-start=\"477\" data-end=\"494\">Dydis 45 (ES)<\/strong> \u2013 patog\u016bs ilgalaikiam ne\u0161iojimui<\/p>\n<p data-start=\"531\" data-end=\"605\" data-is-last-node=\"\" data-is-only-node=\"\">Patikimas pasirinkimas vyrams, kuriems svarbus komfortas ir p\u0117d\u0173 sveikata.<\/p>","protected":false},"excerpt":{"rendered":"<p>\u201eFitVille\u201c diabetiniai batai vyrams, ypa\u010d plat\u016bs, reguliuojami vaik\u0161\u010diojimo batai nuo p\u0117d\u0173 patinimo, prailginto plo\u010dio, batai su lipdukais, juodi, 45, ES<\/p>","protected":false},"featured_media":1990,"comment_status":"open","ping_status":"closed","template":"","meta":{"_acf_changed":false,"inline_featured_image":false},"product_brand":[],"product_cat":[104],"product_tag":[],"class_list":{"0":"post-1879","1":"product","2":"type-product","3":"status-publish","4":"has-post-thumbnail","6":"product_cat-batai","8":"first","9":"instock","10":"taxable","11":"shipping-taxable","12":"purchasable","13":"product-type-simple"},"acf":[],"_links":{"self":[{"href":"https:\/\/bmdprekyba.lt\/en\/wp-json\/wp\/v2\/product\/1879","targetHints":{"allow":["GET"]}}],"collection":[{"href":"https:\/\/bmdprekyba.lt\/en\/wp-json\/wp\/v2\/product"}],"about":[{"href":"https:\/\/bmdprekyba.lt\/en\/wp-json\/wp\/v2\/types\/product"}],"replies":[{"embeddable":true,"href":"https:\/\/bmdprekyba.lt\/en\/wp-json\/wp\/v2\/comments?post=1879"}],"wp:featuredmedia":[{"embeddable":true,"href":"https:\/\/bmdprekyba.lt\/en\/wp-json\/wp\/v2\/media\/1990"}],"wp:attachment":[{"href":"https:\/\/bmdprekyba.lt\/en\/wp-json\/wp\/v2\/media?parent=1879"}],"wp:term":[{"taxonomy":"product_brand","embeddable":true,"href":"https:\/\/bmdprekyba.lt\/en\/wp-json\/wp\/v2\/product_brand?post=1879"},{"taxonomy":"product_cat","embeddable":true,"href":"https:\/\/bmdprekyba.lt\/en\/wp-json\/wp\/v2\/product_cat?post=1879"},{"taxonomy":"product_tag","embeddable":true,"href":"https:\/\/bmdprekyba.lt\/en\/wp-json\/wp\/v2\/product_tag?post=1879"}],"curies":[{"name":"wp","href":"https:\/\/api.w.org\/{rel}","templated":true}]}}