{"id":1878,"date":"2025-07-29T16:59:54","date_gmt":"2025-07-29T16:59:54","guid":{"rendered":"https:\/\/bmdprekyba.lt\/?post_type=product&#038;p=1878"},"modified":"2026-01-09T12:01:21","modified_gmt":"2026-01-09T12:01:21","slug":"odiniai-skirtingu-spalvu-kutu-pakabukai-kutu-amatu-kutu-aksesuarai-2-vnt","status":"publish","type":"product","link":"https:\/\/bmdprekyba.lt\/en\/product\/odiniai-skirtingu-spalvu-kutu-pakabukai-kutu-amatu-kutu-aksesuarai-2-vnt\/","title":{"rendered":"Odiniai kut\u0173 pakabukai"},"content":{"rendered":"<p data-start=\"117\" data-end=\"246\"><strong data-start=\"117\" data-end=\"152\">Odiniai kut\u0173 pakabukai (2 vnt.)<\/strong> \u2013 stilingi ir spalvingi aksesuarai, puikiai tinkantys amatams, papuo\u0161alams ar rankdarbiams.<\/p>\n<p data-start=\"248\" data-end=\"518\">\u2022 <strong data-start=\"250\" data-end=\"272\">Skirtingos spalvos<\/strong> \u2013 pritaikomi \u012fvairiems dizainams<br data-start=\"305\" data-end=\"308\" \/>\u2022 <strong data-start=\"310\" data-end=\"336\">Universalus naudojimas<\/strong> \u2013 ideal\u016bs rankdarbiams, papuo\u0161alams, rakt\u0173 pakaboms<br data-start=\"388\" data-end=\"391\" data-is-only-node=\"\" \/>\u2022 <strong data-start=\"393\" data-end=\"414\">Rinkinys \u2013 2 vnt.<\/strong> \u2013 puikus pasirinkimas k\u016brybi\u0161kiems projektams<br data-start=\"460\" data-end=\"463\" \/>\u2022 <strong data-start=\"465\" data-end=\"488\">Auk\u0161tos kokyb\u0117s oda<\/strong> \u2013 ilgaam\u017eiai ir eleganti\u0161ki<\/p>\n<p data-start=\"520\" data-end=\"599\" data-is-last-node=\"\" data-is-only-node=\"\">Papildykite savo k\u016brybinius projektus spalvingais ir moderniais kut\u0173 akcentais.<\/p>","protected":false},"excerpt":{"rendered":"<p>Odiniai skirtingu spalvu kut\u0173 pakabukai, kut\u0173 amat\u0173 kut\u0173 aksesuarai, 2 vnt.<\/p>","protected":false},"featured_media":1974,"comment_status":"open","ping_status":"closed","template":"","meta":{"_acf_changed":false,"inline_featured_image":false},"product_brand":[],"product_cat":[15],"product_tag":[],"class_list":{"0":"post-1878","1":"product","2":"type-product","3":"status-publish","4":"has-post-thumbnail","6":"product_cat-be-kategorijos","8":"first","9":"instock","10":"taxable","11":"shipping-taxable","12":"purchasable","13":"product-type-simple"},"acf":[],"_links":{"self":[{"href":"https:\/\/bmdprekyba.lt\/en\/wp-json\/wp\/v2\/product\/1878","targetHints":{"allow":["GET"]}}],"collection":[{"href":"https:\/\/bmdprekyba.lt\/en\/wp-json\/wp\/v2\/product"}],"about":[{"href":"https:\/\/bmdprekyba.lt\/en\/wp-json\/wp\/v2\/types\/product"}],"replies":[{"embeddable":true,"href":"https:\/\/bmdprekyba.lt\/en\/wp-json\/wp\/v2\/comments?post=1878"}],"wp:featuredmedia":[{"embeddable":true,"href":"https:\/\/bmdprekyba.lt\/en\/wp-json\/wp\/v2\/media\/1974"}],"wp:attachment":[{"href":"https:\/\/bmdprekyba.lt\/en\/wp-json\/wp\/v2\/media?parent=1878"}],"wp:term":[{"taxonomy":"product_brand","embeddable":true,"href":"https:\/\/bmdprekyba.lt\/en\/wp-json\/wp\/v2\/product_brand?post=1878"},{"taxonomy":"product_cat","embeddable":true,"href":"https:\/\/bmdprekyba.lt\/en\/wp-json\/wp\/v2\/product_cat?post=1878"},{"taxonomy":"product_tag","embeddable":true,"href":"https:\/\/bmdprekyba.lt\/en\/wp-json\/wp\/v2\/product_tag?post=1878"}],"curies":[{"name":"wp","href":"https:\/\/api.w.org\/{rel}","templated":true}]}}