{"id":1876,"date":"2025-07-29T16:59:54","date_gmt":"2025-07-29T16:59:54","guid":{"rendered":"https:\/\/bmdprekyba.lt\/?post_type=product&#038;p=1876"},"modified":"2026-01-09T12:01:21","modified_gmt":"2026-01-09T12:01:21","slug":"joopin-2-daliu-dideli-moteriski-akiniai-nuo-saules-vintaziniai-ir-poliarizuoti-moteriski-akiniai-nuo-saules-dideli-retro-stiliaus-uv400-elegantiski-akiniai-juodi-ir-melyni-gin","status":"publish","type":"product","link":"https:\/\/bmdprekyba.lt\/en\/product\/joopin-2-daliu-dideli-moteriski-akiniai-nuo-saules-vintaziniai-ir-poliarizuoti-moteriski-akiniai-nuo-saules-dideli-retro-stiliaus-uv400-elegantiski-akiniai-juodi-ir-melyni-gin\/","title":{"rendered":"Joopin vinta\u017einiai akiniai"},"content":{"rendered":"<p data-start=\"121\" data-end=\"282\"><strong data-start=\"121\" data-end=\"169\">\u201eJoopin\u201c dideli moteri\u0161ki akiniai nuo saul\u0117s<\/strong> \u2013 stilingi ir eleganti\u0161ki retro stiliaus akiniai, kurie puikiai tinka tiek kasdienai, tiek ypatingoms progoms.<\/p>\n<p data-start=\"284\" data-end=\"547\">\u2022 <strong data-start=\"286\" data-end=\"315\">Vinta\u017einis retro dizainas<\/strong> \u2013 eleganti\u0161kas ir madingas stilius<br data-start=\"350\" data-end=\"353\" \/>\u2022 <strong data-start=\"355\" data-end=\"378\">Poliarizuoti l\u0119\u0161iai<\/strong> \u2013 suma\u017eina atspind\u017eius ir pagerina matomum\u0105<br data-start=\"422\" data-end=\"425\" data-is-only-node=\"\" \/>\u2022 <strong data-start=\"427\" data-end=\"444\">UV400 apsauga<\/strong> \u2013 saugo akis nuo kenksming\u0173 UV spinduli\u0173<br data-start=\"485\" data-end=\"488\" \/>\u2022 <strong data-start=\"490\" data-end=\"509\">Dideli r\u0117meliai<\/strong> \u2013 modernus ir i\u0161rai\u0161kingas \u012fvaizdis<\/p>\n<p data-start=\"549\" data-end=\"630\" data-is-last-node=\"\" data-is-only-node=\"\">Puikus pasirinkimas moterims, kurios nori derinti mad\u0105 ir komfort\u0105 saul\u0117t\u0105 dien\u0105.<\/p>","protected":false},"excerpt":{"rendered":"<p>\u201eJoopin\u201c dideli moteri\u0161ki akiniai nuo saul\u0117s, vinta\u017einiai ir poliarizuoti moteri\u0161ki akiniai nuo saul\u0117s, dideli, retro stiliaus, UV400, eleganti\u0161ki akiniai<\/p>","protected":false},"featured_media":2012,"comment_status":"open","ping_status":"closed","template":"","meta":{"_acf_changed":false,"inline_featured_image":false},"product_brand":[],"product_cat":[101],"product_tag":[],"class_list":{"0":"post-1876","1":"product","2":"type-product","3":"status-publish","4":"has-post-thumbnail","6":"product_cat-drabuziai-batai","8":"first","9":"instock","10":"taxable","11":"shipping-taxable","12":"purchasable","13":"product-type-simple"},"acf":[],"_links":{"self":[{"href":"https:\/\/bmdprekyba.lt\/en\/wp-json\/wp\/v2\/product\/1876","targetHints":{"allow":["GET"]}}],"collection":[{"href":"https:\/\/bmdprekyba.lt\/en\/wp-json\/wp\/v2\/product"}],"about":[{"href":"https:\/\/bmdprekyba.lt\/en\/wp-json\/wp\/v2\/types\/product"}],"replies":[{"embeddable":true,"href":"https:\/\/bmdprekyba.lt\/en\/wp-json\/wp\/v2\/comments?post=1876"}],"wp:featuredmedia":[{"embeddable":true,"href":"https:\/\/bmdprekyba.lt\/en\/wp-json\/wp\/v2\/media\/2012"}],"wp:attachment":[{"href":"https:\/\/bmdprekyba.lt\/en\/wp-json\/wp\/v2\/media?parent=1876"}],"wp:term":[{"taxonomy":"product_brand","embeddable":true,"href":"https:\/\/bmdprekyba.lt\/en\/wp-json\/wp\/v2\/product_brand?post=1876"},{"taxonomy":"product_cat","embeddable":true,"href":"https:\/\/bmdprekyba.lt\/en\/wp-json\/wp\/v2\/product_cat?post=1876"},{"taxonomy":"product_tag","embeddable":true,"href":"https:\/\/bmdprekyba.lt\/en\/wp-json\/wp\/v2\/product_tag?post=1876"}],"curies":[{"name":"wp","href":"https:\/\/api.w.org\/{rel}","templated":true}]}}