{"id":1875,"date":"2025-07-29T16:59:54","date_gmt":"2025-07-29T16:59:54","guid":{"rendered":"https:\/\/bmdprekyba.lt\/?post_type=product&#038;p=1875"},"modified":"2025-12-12T16:54:50","modified_gmt":"2025-12-12T16:54:50","slug":"glarylight-ikraunamas-led-zibintuvelis-500-000-liumenu-itin-ryskus-xhp70-2-led-zibintuvelis-su-5-rezimais-ir-priartinimu-atsparus-vandeniui-taktiniai-zibintuveliai-stovyklavimui","status":"publish","type":"product","link":"https:\/\/bmdprekyba.lt\/en\/product\/glarylight-ikraunamas-led-zibintuvelis-500-000-liumenu-itin-ryskus-xhp70-2-led-zibintuvelis-su-5-rezimais-ir-priartinimu-atsparus-vandeniui-taktiniai-zibintuveliai-stovyklavimui\/","title":{"rendered":"\u201eGlarylight\u201c \u012fkraunamas LED \u017eibintas"},"content":{"rendered":"<p>\u201eGlarylight\u201c \u012fkraunamas LED \u017eibintas \u2013 itin ry\u0161kus XHP70.2 modelis, pasiekiantis iki 500 000 liumen\u0173. \u017dibintas turi 5 veikimo re\u017eimus, priartinimo funkcij\u0105, yra atsparus vandeniui ir tinkamas stovyklavimui, \u017eygiams bei \u012fvairioms avarin\u0117ms situacijoms.<\/p>","protected":false},"excerpt":{"rendered":"<p>\u201eGlarylight\u201c \u012fkraunamas LED \u017eibintas, 500 000 liumen\u0173, itin ry\u0161kus XHP70.2 LED \u017eibintas su 5 re\u017eimais ir priartinimu, atsparus vandeniui, taktiniai \u017eibintuv\u0117liai stovyklavimui, \u017eygiams, avarin\u0117ms situacijoms<\/p>","protected":false},"featured_media":2014,"comment_status":"open","ping_status":"closed","template":"","meta":{"_acf_changed":false,"inline_featured_image":false},"product_brand":[],"product_cat":[102],"product_tag":[],"class_list":{"0":"post-1875","1":"product","2":"type-product","3":"status-publish","4":"has-post-thumbnail","6":"product_cat-sporto-ir-turizmo-prekes","8":"first","9":"instock","10":"sale","11":"taxable","12":"shipping-taxable","13":"purchasable","14":"product-type-simple"},"acf":[],"_links":{"self":[{"href":"https:\/\/bmdprekyba.lt\/en\/wp-json\/wp\/v2\/product\/1875","targetHints":{"allow":["GET"]}}],"collection":[{"href":"https:\/\/bmdprekyba.lt\/en\/wp-json\/wp\/v2\/product"}],"about":[{"href":"https:\/\/bmdprekyba.lt\/en\/wp-json\/wp\/v2\/types\/product"}],"replies":[{"embeddable":true,"href":"https:\/\/bmdprekyba.lt\/en\/wp-json\/wp\/v2\/comments?post=1875"}],"wp:featuredmedia":[{"embeddable":true,"href":"https:\/\/bmdprekyba.lt\/en\/wp-json\/wp\/v2\/media\/2014"}],"wp:attachment":[{"href":"https:\/\/bmdprekyba.lt\/en\/wp-json\/wp\/v2\/media?parent=1875"}],"wp:term":[{"taxonomy":"product_brand","embeddable":true,"href":"https:\/\/bmdprekyba.lt\/en\/wp-json\/wp\/v2\/product_brand?post=1875"},{"taxonomy":"product_cat","embeddable":true,"href":"https:\/\/bmdprekyba.lt\/en\/wp-json\/wp\/v2\/product_cat?post=1875"},{"taxonomy":"product_tag","embeddable":true,"href":"https:\/\/bmdprekyba.lt\/en\/wp-json\/wp\/v2\/product_tag?post=1875"}],"curies":[{"name":"wp","href":"https:\/\/api.w.org\/{rel}","templated":true}]}}