{"id":1874,"date":"2025-07-29T16:59:54","date_gmt":"2025-07-29T16:59:54","guid":{"rendered":"https:\/\/bmdprekyba.lt\/?post_type=product&#038;p=1874"},"modified":"2026-01-09T12:01:22","modified_gmt":"2026-01-09T12:01:22","slug":"asoway-pirsto-pulso-oksimetras-su-led-ekranu-momentiniai-rodmenys-naudojami-pulso-dazniui-pr-ir-deguonies-prisotinimui-spo2-pirsto-pulso-oksimetras-suaugusiems-ir-vaikams","status":"publish","type":"product","link":"https:\/\/bmdprekyba.lt\/en\/product\/asoway-pirsto-pulso-oksimetras-su-led-ekranu-momentiniai-rodmenys-naudojami-pulso-dazniui-pr-ir-deguonies-prisotinimui-spo2-pirsto-pulso-oksimetras-suaugusiems-ir-vaikams\/","title":{"rendered":"Asoway oksimetras"},"content":{"rendered":"<p data-start=\"110\" data-end=\"261\"><strong data-start=\"110\" data-end=\"144\">Asoway pir\u0161to pulso oksimetras<\/strong> \u2013 kompakti\u0161kas ir tikslus prietaisas, skirtas greitam deguonies prisotinimo (SpO\u2082) ir pulso da\u017enio (PR) matavimui.<\/p>\n<p data-start=\"263\" data-end=\"533\">\u2022 <strong data-start=\"265\" data-end=\"287\">Ry\u0161kus LED ekranas<\/strong> \u2013 ai\u0161k\u016bs ir lengvai \u012fskaitomi rodmenys<br data-start=\"326\" data-end=\"329\" \/>\u2022 <strong data-start=\"331\" data-end=\"355\">Momentinis matavimas<\/strong> \u2013 rezultatai per kelias sekundes<br data-start=\"388\" data-end=\"391\" data-is-only-node=\"\" \/>\u2022 <strong data-start=\"393\" data-end=\"425\">Tinka suaugusiems ir vaikams<\/strong> \u2013 universalus pir\u0161to jutiklis<br data-start=\"455\" data-end=\"458\" \/>\u2022 <strong data-start=\"460\" data-end=\"500\">Patogus naudoti namuose ar kelion\u0117se<\/strong> \u2013 ma\u017eas, lengvas ir prakti\u0161kas<\/p>\n<p data-start=\"535\" data-end=\"594\" data-is-last-node=\"\" data-is-only-node=\"\">Patikimas pasirinkimas steb\u0117ti sveikatos rodiklius kasdien.<\/p>","protected":false},"excerpt":{"rendered":"<p>Asoway pir\u0161to pulso oksimetras su LED ekranu, momentiniai rodmenys, naudojami pulso da\u017eniui (PR) ir deguonies prisotinimui (SpO2), pir\u0161to pulso oksimetras suaugusiems ir vaikams<\/p>","protected":false},"featured_media":2003,"comment_status":"open","ping_status":"closed","template":"","meta":{"_acf_changed":false,"inline_featured_image":false},"product_brand":[],"product_cat":[44,79],"product_tag":[],"class_list":{"0":"post-1874","1":"product","2":"type-product","3":"status-publish","4":"has-post-thumbnail","6":"product_cat-elektronika","7":"product_cat-irankiai","9":"first","10":"instock","11":"taxable","12":"shipping-taxable","13":"purchasable","14":"product-type-simple"},"acf":[],"_links":{"self":[{"href":"https:\/\/bmdprekyba.lt\/en\/wp-json\/wp\/v2\/product\/1874","targetHints":{"allow":["GET"]}}],"collection":[{"href":"https:\/\/bmdprekyba.lt\/en\/wp-json\/wp\/v2\/product"}],"about":[{"href":"https:\/\/bmdprekyba.lt\/en\/wp-json\/wp\/v2\/types\/product"}],"replies":[{"embeddable":true,"href":"https:\/\/bmdprekyba.lt\/en\/wp-json\/wp\/v2\/comments?post=1874"}],"wp:featuredmedia":[{"embeddable":true,"href":"https:\/\/bmdprekyba.lt\/en\/wp-json\/wp\/v2\/media\/2003"}],"wp:attachment":[{"href":"https:\/\/bmdprekyba.lt\/en\/wp-json\/wp\/v2\/media?parent=1874"}],"wp:term":[{"taxonomy":"product_brand","embeddable":true,"href":"https:\/\/bmdprekyba.lt\/en\/wp-json\/wp\/v2\/product_brand?post=1874"},{"taxonomy":"product_cat","embeddable":true,"href":"https:\/\/bmdprekyba.lt\/en\/wp-json\/wp\/v2\/product_cat?post=1874"},{"taxonomy":"product_tag","embeddable":true,"href":"https:\/\/bmdprekyba.lt\/en\/wp-json\/wp\/v2\/product_tag?post=1874"}],"curies":[{"name":"wp","href":"https:\/\/api.w.org\/{rel}","templated":true}]}}