{"id":1873,"date":"2025-07-29T16:59:54","date_gmt":"2025-07-29T16:59:54","guid":{"rendered":"https:\/\/bmdprekyba.lt\/?post_type=product&#038;p=1873"},"modified":"2026-01-09T12:01:22","modified_gmt":"2026-01-09T12:01:22","slug":"creworks-itampos-keitiklis-2000-w-transformatorius-su-110-v-220-v-lizdais-5-v-usb-prievadais-automatinis-transformatorius-110-v-220-v-su-automatiniu-issijungimu","status":"publish","type":"product","link":"https:\/\/bmdprekyba.lt\/en\/product\/creworks-itampos-keitiklis-2000-w-transformatorius-su-110-v-220-v-lizdais-5-v-usb-prievadais-automatinis-transformatorius-110-v-220-v-su-automatiniu-issijungimu\/","title":{"rendered":"CREWORKS galios keitiklis"},"content":{"rendered":"<p data-start=\"118\" data-end=\"244\"><strong data-start=\"118\" data-end=\"155\">CREWORKS 2000 W \u012ftampos keitiklis<\/strong> \u2013 universalus transformatorius, tinkantis naudoti tiek su 110 V, tiek su 220 V \u012franga.<\/p>\n<p data-start=\"249\" data-end=\"576\">\u2022 <strong data-start=\"251\" data-end=\"283\">Dvigubi 110 V \/ 220 V lizdai<\/strong> \u2013 patogus prijungimas \u012fvairiems prietaisams<br data-start=\"327\" data-end=\"330\" \/>\u2022 <strong data-start=\"332\" data-end=\"364\">Integruoti 5 V USB prievadai<\/strong> \u2013 telefonams ir kitiems smulkiesiems \u012frenginiams<br data-start=\"413\" data-end=\"416\" data-is-only-node=\"\" \/>\u2022 <strong data-start=\"418\" data-end=\"455\">Automatinio prisitaikymo funkcija<\/strong> \u2013 keitiklis pats parenka reikiam\u0105 \u012ftamp\u0105<br data-start=\"496\" data-end=\"499\" \/>\u2022 <strong data-start=\"501\" data-end=\"537\">I\u0161manus automatinis i\u0161sijungimas<\/strong> \u2013 apsauga nuo perkrov\u0173 ir perkaitimo<\/p>\n<p data-start=\"581\" data-end=\"690\" data-is-last-node=\"\" data-is-only-node=\"\">Tai patikimas sprendimas, u\u017etikrinantis stabil\u0173 ir saug\u0173 j\u016bs\u0173 \u012frengini\u0173 veikim\u0105 tiek namuose, tiek kelion\u0117se.<\/p>","protected":false},"excerpt":{"rendered":"<p>CREWORKS \u012ftampos keitiklis, 2000 W transformatorius su 110 V \/ 220 V lizdais, 5 V USB prievadais, automatinis transformatorius, 110 V\/ 220 V su automatiniu i\u0161sijungimu<\/p>","protected":false},"featured_media":1983,"comment_status":"open","ping_status":"closed","template":"","meta":{"_acf_changed":false,"inline_featured_image":false},"product_brand":[],"product_cat":[44,79],"product_tag":[],"class_list":{"0":"post-1873","1":"product","2":"type-product","3":"status-publish","4":"has-post-thumbnail","6":"product_cat-elektronika","7":"product_cat-irankiai","9":"first","10":"instock","11":"taxable","12":"shipping-taxable","13":"purchasable","14":"product-type-simple"},"acf":[],"_links":{"self":[{"href":"https:\/\/bmdprekyba.lt\/en\/wp-json\/wp\/v2\/product\/1873","targetHints":{"allow":["GET"]}}],"collection":[{"href":"https:\/\/bmdprekyba.lt\/en\/wp-json\/wp\/v2\/product"}],"about":[{"href":"https:\/\/bmdprekyba.lt\/en\/wp-json\/wp\/v2\/types\/product"}],"replies":[{"embeddable":true,"href":"https:\/\/bmdprekyba.lt\/en\/wp-json\/wp\/v2\/comments?post=1873"}],"wp:featuredmedia":[{"embeddable":true,"href":"https:\/\/bmdprekyba.lt\/en\/wp-json\/wp\/v2\/media\/1983"}],"wp:attachment":[{"href":"https:\/\/bmdprekyba.lt\/en\/wp-json\/wp\/v2\/media?parent=1873"}],"wp:term":[{"taxonomy":"product_brand","embeddable":true,"href":"https:\/\/bmdprekyba.lt\/en\/wp-json\/wp\/v2\/product_brand?post=1873"},{"taxonomy":"product_cat","embeddable":true,"href":"https:\/\/bmdprekyba.lt\/en\/wp-json\/wp\/v2\/product_cat?post=1873"},{"taxonomy":"product_tag","embeddable":true,"href":"https:\/\/bmdprekyba.lt\/en\/wp-json\/wp\/v2\/product_tag?post=1873"}],"curies":[{"name":"wp","href":"https:\/\/api.w.org\/{rel}","templated":true}]}}