{"id":1872,"date":"2025-07-29T16:59:54","date_gmt":"2025-07-29T16:59:54","guid":{"rendered":"https:\/\/bmdprekyba.lt\/?post_type=product&#038;p=1872"},"modified":"2026-01-09T12:01:21","modified_gmt":"2026-01-09T12:01:21","slug":"80-uju-sportinis-kostiumas-pop-menas-retro-stilius-045xxxla","status":"publish","type":"product","link":"https:\/\/bmdprekyba.lt\/en\/product\/80-uju-sportinis-kostiumas-pop-menas-retro-stilius-045xxxla\/","title":{"rendered":"Retro 80-\u0173j\u0173 sportinis kostiumas"},"content":{"rendered":"<p><strong data-start=\"91\" data-end=\"145\">80-\u0173j\u0173 retro sportinis kostiumas \u2013 Pop Men stilius<\/strong><br data-start=\"145\" data-end=\"148\" \/>Stilingas retro sportinis kostiumas \u012fkv\u0117ptas 80-\u0173j\u0173 mados ir Pop Men estetikos. Puikus pasirinkimas m\u0117gstantiems i\u0161skirtin\u012f, klasikin\u012f stili\u0173.<\/p>","protected":false},"excerpt":{"rendered":"<p>80-\u0173j\u0173 sportinis kostiumas, pop menas retro stilius, 045XXXLA<\/p>","protected":false},"featured_media":1997,"comment_status":"open","ping_status":"closed","template":"","meta":{"_acf_changed":false,"inline_featured_image":false},"product_brand":[],"product_cat":[101],"product_tag":[],"class_list":{"0":"post-1872","1":"product","2":"type-product","3":"status-publish","4":"has-post-thumbnail","6":"product_cat-drabuziai-batai","8":"first","9":"outofstock","10":"taxable","11":"shipping-taxable","12":"purchasable","13":"product-type-simple"},"acf":[],"_links":{"self":[{"href":"https:\/\/bmdprekyba.lt\/en\/wp-json\/wp\/v2\/product\/1872","targetHints":{"allow":["GET"]}}],"collection":[{"href":"https:\/\/bmdprekyba.lt\/en\/wp-json\/wp\/v2\/product"}],"about":[{"href":"https:\/\/bmdprekyba.lt\/en\/wp-json\/wp\/v2\/types\/product"}],"replies":[{"embeddable":true,"href":"https:\/\/bmdprekyba.lt\/en\/wp-json\/wp\/v2\/comments?post=1872"}],"wp:featuredmedia":[{"embeddable":true,"href":"https:\/\/bmdprekyba.lt\/en\/wp-json\/wp\/v2\/media\/1997"}],"wp:attachment":[{"href":"https:\/\/bmdprekyba.lt\/en\/wp-json\/wp\/v2\/media?parent=1872"}],"wp:term":[{"taxonomy":"product_brand","embeddable":true,"href":"https:\/\/bmdprekyba.lt\/en\/wp-json\/wp\/v2\/product_brand?post=1872"},{"taxonomy":"product_cat","embeddable":true,"href":"https:\/\/bmdprekyba.lt\/en\/wp-json\/wp\/v2\/product_cat?post=1872"},{"taxonomy":"product_tag","embeddable":true,"href":"https:\/\/bmdprekyba.lt\/en\/wp-json\/wp\/v2\/product_tag?post=1872"}],"curies":[{"name":"wp","href":"https:\/\/api.w.org\/{rel}","templated":true}]}}