{"id":1871,"date":"2025-07-29T16:59:54","date_gmt":"2025-07-29T16:59:54","guid":{"rendered":"https:\/\/bmdprekyba.lt\/?post_type=product&#038;p=1871"},"modified":"2026-01-09T12:01:21","modified_gmt":"2026-01-09T12:01:21","slug":"palapines-tentu-laikikliai-rinkiniai-10-vnt-pakuote-su-10-tampriu-virviu-su-kamuoliuku-tvirtais-uzrakinimo-spaustukais-palapiniu-spaustukais-palapinems-baseinu-uzdangalams-nameliams-ant-ratu","status":"publish","type":"product","link":"https:\/\/bmdprekyba.lt\/en\/product\/palapines-tentu-laikikliai-rinkiniai-10-vnt-pakuote-su-10-tampriu-virviu-su-kamuoliuku-tvirtais-uzrakinimo-spaustukais-palapiniu-spaustukais-palapinems-baseinu-uzdangalams-nameliams-ant-ratu\/","title":{"rendered":"Palapini\u0173 laikikli\u0173 rinkinys"},"content":{"rendered":"<p><strong data-start=\"94\" data-end=\"145\">Palapini\u0173 ir tent\u0173 laikikli\u0173 rinkinys.<\/strong><br data-start=\"145\" data-end=\"148\" \/>Pilnas rinkinys tvirt\u0173 laikikli\u0173 su tampriomis virv\u0117mis ir kamuoliukais, patikimais u\u017erakinimo spaustukais. Puikiai tinka palapin\u0117ms, basein\u0173 u\u017edangalams, nameliams ant rat\u0173 ar kitiems tentams. Lengva naudoti ir u\u017etikrina saug\u0173 fiksavim\u0105 bet kurioje situacijoje.<\/p>","protected":false},"excerpt":{"rendered":"<p>Palapin\u0117s tent\u0173 laikikliai Rinkiniai, 10 vnt. pakuot\u0117 su 10 tampri\u0173 virvi\u0173 su kamuoliuku, tvirtais u\u017erakinimo spaustukais, palapini\u0173 spaustukais palapin\u0117ms, basein\u0173 u\u017edangalams, nameliams ant rat\u0173<\/p>","protected":false},"featured_media":1949,"comment_status":"open","ping_status":"closed","template":"","meta":{"_acf_changed":false,"inline_featured_image":false},"product_brand":[],"product_cat":[102],"product_tag":[],"class_list":{"0":"post-1871","1":"product","2":"type-product","3":"status-publish","4":"has-post-thumbnail","6":"product_cat-sporto-ir-turizmo-prekes","8":"first","9":"instock","10":"taxable","11":"shipping-taxable","12":"purchasable","13":"product-type-simple"},"acf":[],"_links":{"self":[{"href":"https:\/\/bmdprekyba.lt\/en\/wp-json\/wp\/v2\/product\/1871","targetHints":{"allow":["GET"]}}],"collection":[{"href":"https:\/\/bmdprekyba.lt\/en\/wp-json\/wp\/v2\/product"}],"about":[{"href":"https:\/\/bmdprekyba.lt\/en\/wp-json\/wp\/v2\/types\/product"}],"replies":[{"embeddable":true,"href":"https:\/\/bmdprekyba.lt\/en\/wp-json\/wp\/v2\/comments?post=1871"}],"wp:featuredmedia":[{"embeddable":true,"href":"https:\/\/bmdprekyba.lt\/en\/wp-json\/wp\/v2\/media\/1949"}],"wp:attachment":[{"href":"https:\/\/bmdprekyba.lt\/en\/wp-json\/wp\/v2\/media?parent=1871"}],"wp:term":[{"taxonomy":"product_brand","embeddable":true,"href":"https:\/\/bmdprekyba.lt\/en\/wp-json\/wp\/v2\/product_brand?post=1871"},{"taxonomy":"product_cat","embeddable":true,"href":"https:\/\/bmdprekyba.lt\/en\/wp-json\/wp\/v2\/product_cat?post=1871"},{"taxonomy":"product_tag","embeddable":true,"href":"https:\/\/bmdprekyba.lt\/en\/wp-json\/wp\/v2\/product_tag?post=1871"}],"curies":[{"name":"wp","href":"https:\/\/api.w.org\/{rel}","templated":true}]}}