{"id":1869,"date":"2025-07-29T16:59:54","date_gmt":"2025-07-29T16:59:54","guid":{"rendered":"https:\/\/bmdprekyba.lt\/?post_type=product&#038;p=1869"},"modified":"2026-01-09T12:01:22","modified_gmt":"2026-01-09T12:01:22","slug":"cantonape-2000-w-didziausia-110-voltu-jav-itampos-keitiklis-toroidinis-transformatorius-2000-vatu-iejimas-110-v-arba-220-v-isejimas-110-v-ir-220-v","status":"publish","type":"product","link":"https:\/\/bmdprekyba.lt\/en\/product\/cantonape-2000-w-didziausia-110-voltu-jav-itampos-keitiklis-toroidinis-transformatorius-2000-vatu-iejimas-110-v-arba-220-v-isejimas-110-v-ir-220-v\/","title":{"rendered":"\u201eCantonape\u201c Toroidinis \u012ftampos keitiklis"},"content":{"rendered":"<p data-start=\"189\" data-end=\"228\"><strong data-start=\"189\" data-end=\"228\">Specifikacijos pagal j\u016bs\u0173 apra\u0161ym\u0105:<\/strong><\/p>\n<ul data-start=\"230\" data-end=\"553\">\n<li data-start=\"230\" data-end=\"261\">\n<p data-start=\"232\" data-end=\"261\"><strong data-start=\"232\" data-end=\"242\">Galia:<\/strong> 2000 W (maksimali)<\/p>\n<\/li>\n<li data-start=\"262\" data-end=\"302\">\n<p data-start=\"264\" data-end=\"302\"><strong data-start=\"264\" data-end=\"274\">Tipas:<\/strong> Toroidinis transformatorius<\/p>\n<\/li>\n<li data-start=\"303\" data-end=\"361\">\n<p data-start=\"305\" data-end=\"361\"><strong data-start=\"305\" data-end=\"317\">\u012e\u0117jimas:<\/strong> 110 V arba 220 V (priklausomai nuo jungimo)<\/p>\n<\/li>\n<li data-start=\"362\" data-end=\"394\">\n<p data-start=\"364\" data-end=\"394\"><strong data-start=\"364\" data-end=\"377\">I\u0161\u0117jimas:<\/strong> 110 V arba 220 V<\/p>\n<\/li>\n<li data-start=\"395\" data-end=\"553\">\n<p data-start=\"397\" data-end=\"553\"><strong data-start=\"397\" data-end=\"411\">Paskirtis:<\/strong> Leid\u017eia naudoti prietaisus, skirtus vienai \u012ftampai (pvz., JAV 110 V) kitose \u0161alyse su kitokia \u012ftampa (pvz., 220 V Europoje) ir atvirk\u0161\u010diai.<\/p>\n<\/li>\n<\/ul>","protected":false},"excerpt":{"rendered":"<p>\u201eCantonape\u201c 2000 W (did\u017eiausia) 110 volt\u0173 JAV \u012ftampos keitiklis, toroidinis transformatorius, 2000 vat\u0173 \u2013 \u012f\u0117jimas: 110 V arba 220 V \/ i\u0161\u0117jimas: 110 V ir 220 V<\/p>","protected":false},"featured_media":1983,"comment_status":"open","ping_status":"closed","template":"","meta":{"_acf_changed":false,"inline_featured_image":false},"product_brand":[],"product_cat":[44,79],"product_tag":[],"class_list":{"0":"post-1869","1":"product","2":"type-product","3":"status-publish","4":"has-post-thumbnail","6":"product_cat-elektronika","7":"product_cat-irankiai","9":"first","10":"instock","11":"taxable","12":"shipping-taxable","13":"purchasable","14":"product-type-simple"},"acf":[],"_links":{"self":[{"href":"https:\/\/bmdprekyba.lt\/en\/wp-json\/wp\/v2\/product\/1869","targetHints":{"allow":["GET"]}}],"collection":[{"href":"https:\/\/bmdprekyba.lt\/en\/wp-json\/wp\/v2\/product"}],"about":[{"href":"https:\/\/bmdprekyba.lt\/en\/wp-json\/wp\/v2\/types\/product"}],"replies":[{"embeddable":true,"href":"https:\/\/bmdprekyba.lt\/en\/wp-json\/wp\/v2\/comments?post=1869"}],"wp:featuredmedia":[{"embeddable":true,"href":"https:\/\/bmdprekyba.lt\/en\/wp-json\/wp\/v2\/media\/1983"}],"wp:attachment":[{"href":"https:\/\/bmdprekyba.lt\/en\/wp-json\/wp\/v2\/media?parent=1869"}],"wp:term":[{"taxonomy":"product_brand","embeddable":true,"href":"https:\/\/bmdprekyba.lt\/en\/wp-json\/wp\/v2\/product_brand?post=1869"},{"taxonomy":"product_cat","embeddable":true,"href":"https:\/\/bmdprekyba.lt\/en\/wp-json\/wp\/v2\/product_cat?post=1869"},{"taxonomy":"product_tag","embeddable":true,"href":"https:\/\/bmdprekyba.lt\/en\/wp-json\/wp\/v2\/product_tag?post=1869"}],"curies":[{"name":"wp","href":"https:\/\/api.w.org\/{rel}","templated":true}]}}