{"id":1866,"date":"2025-07-29T16:59:54","date_gmt":"2025-07-29T16:59:54","guid":{"rendered":"https:\/\/bmdprekyba.lt\/?post_type=product&#038;p=1866"},"modified":"2026-01-09T12:01:21","modified_gmt":"2026-01-09T12:01:21","slug":"staciakampe-4-x-5-m-skersmens-vandeniui-atspari-nuo-saules-apsaugota-bure-lauko-sodo-terasai-pilka","status":"publish","type":"product","link":"https:\/\/bmdprekyba.lt\/en\/product\/staciakampe-4-x-5-m-skersmens-vandeniui-atspari-nuo-saules-apsaugota-bure-lauko-sodo-terasai-pilka\/","title":{"rendered":"Lauko pav\u0117sin\u0117 bur\u0117 4&#215;5 m"},"content":{"rendered":"<p>Sta\u010diakamp\u0117 lauko bur\u0117 \u2013 4 \u00d7 5 m, vandeniui atspari, apsaugota nuo saul\u0117s, skirta sodo ar terasos pav\u0117siui, pilkos spalvos.<\/p>","protected":false},"excerpt":{"rendered":"<p>Sta\u010diakamp\u0117, 4 x 5 m skersmens, vandeniui atspari, nuo saul\u0117s apsaugota bur\u0117 lauko sodo terasai, pilka<\/p>","protected":false},"featured_media":1957,"comment_status":"open","ping_status":"closed","template":"","meta":{"_acf_changed":false,"inline_featured_image":false},"product_brand":[],"product_cat":[102],"product_tag":[],"class_list":{"0":"post-1866","1":"product","2":"type-product","3":"status-publish","4":"has-post-thumbnail","6":"product_cat-sporto-ir-turizmo-prekes","8":"first","9":"instock","10":"taxable","11":"shipping-taxable","12":"purchasable","13":"product-type-simple"},"acf":[],"_links":{"self":[{"href":"https:\/\/bmdprekyba.lt\/en\/wp-json\/wp\/v2\/product\/1866","targetHints":{"allow":["GET"]}}],"collection":[{"href":"https:\/\/bmdprekyba.lt\/en\/wp-json\/wp\/v2\/product"}],"about":[{"href":"https:\/\/bmdprekyba.lt\/en\/wp-json\/wp\/v2\/types\/product"}],"replies":[{"embeddable":true,"href":"https:\/\/bmdprekyba.lt\/en\/wp-json\/wp\/v2\/comments?post=1866"}],"wp:featuredmedia":[{"embeddable":true,"href":"https:\/\/bmdprekyba.lt\/en\/wp-json\/wp\/v2\/media\/1957"}],"wp:attachment":[{"href":"https:\/\/bmdprekyba.lt\/en\/wp-json\/wp\/v2\/media?parent=1866"}],"wp:term":[{"taxonomy":"product_brand","embeddable":true,"href":"https:\/\/bmdprekyba.lt\/en\/wp-json\/wp\/v2\/product_brand?post=1866"},{"taxonomy":"product_cat","embeddable":true,"href":"https:\/\/bmdprekyba.lt\/en\/wp-json\/wp\/v2\/product_cat?post=1866"},{"taxonomy":"product_tag","embeddable":true,"href":"https:\/\/bmdprekyba.lt\/en\/wp-json\/wp\/v2\/product_tag?post=1866"}],"curies":[{"name":"wp","href":"https:\/\/api.w.org\/{rel}","templated":true}]}}