{"id":1865,"date":"2025-07-29T16:59:54","date_gmt":"2025-07-29T16:59:54","guid":{"rendered":"https:\/\/bmdprekyba.lt\/?post_type=product&#038;p=1865"},"modified":"2026-01-09T12:01:21","modified_gmt":"2026-01-09T12:01:21","slug":"2000va-110-voltu-jav-itampos-keitiklis-toroidinis-transformatorius-2000-vatu-iejimas-110v-arba-220v-isejimas-110v-ir-220v-cantonape-2000w","status":"publish","type":"product","link":"https:\/\/bmdprekyba.lt\/en\/product\/2000va-110-voltu-jav-itampos-keitiklis-toroidinis-transformatorius-2000-vatu-iejimas-110v-arba-220v-isejimas-110v-ir-220v-cantonape-2000w\/","title":{"rendered":"LVYUAN 2000VA \u012ftampos keitiklis"},"content":{"rendered":"<p>LVYUAN 2000 VA \/ 2000 W JAV \u012ftampos keitiklis \u2013 su toroidiniu transformatoriumi, \u012f\u0117jimas 110 V arba 220 V, i\u0161\u0117jimas 110 V ir 220 V (Cantonape 2000 W).<\/p>","protected":false},"excerpt":{"rendered":"<p>2000VA 110 volt\u0173 JAV \u012ftampos keitiklis, toroidinis transformatorius, 2000 vat\u0173 \u2013 \u012e\u0117jimas: 110V arba 220V \/ I\u0161\u0117jimas: 110V ir 220V \u2013 Cantonape 2000W<\/p>","protected":false},"featured_media":1936,"comment_status":"open","ping_status":"closed","template":"","meta":{"_acf_changed":false,"inline_featured_image":false},"product_brand":[],"product_cat":[44,79],"product_tag":[],"class_list":{"0":"post-1865","1":"product","2":"type-product","3":"status-publish","4":"has-post-thumbnail","6":"product_cat-elektronika","7":"product_cat-irankiai","9":"first","10":"instock","11":"taxable","12":"shipping-taxable","13":"purchasable","14":"product-type-simple"},"acf":[],"_links":{"self":[{"href":"https:\/\/bmdprekyba.lt\/en\/wp-json\/wp\/v2\/product\/1865","targetHints":{"allow":["GET"]}}],"collection":[{"href":"https:\/\/bmdprekyba.lt\/en\/wp-json\/wp\/v2\/product"}],"about":[{"href":"https:\/\/bmdprekyba.lt\/en\/wp-json\/wp\/v2\/types\/product"}],"replies":[{"embeddable":true,"href":"https:\/\/bmdprekyba.lt\/en\/wp-json\/wp\/v2\/comments?post=1865"}],"wp:featuredmedia":[{"embeddable":true,"href":"https:\/\/bmdprekyba.lt\/en\/wp-json\/wp\/v2\/media\/1936"}],"wp:attachment":[{"href":"https:\/\/bmdprekyba.lt\/en\/wp-json\/wp\/v2\/media?parent=1865"}],"wp:term":[{"taxonomy":"product_brand","embeddable":true,"href":"https:\/\/bmdprekyba.lt\/en\/wp-json\/wp\/v2\/product_brand?post=1865"},{"taxonomy":"product_cat","embeddable":true,"href":"https:\/\/bmdprekyba.lt\/en\/wp-json\/wp\/v2\/product_cat?post=1865"},{"taxonomy":"product_tag","embeddable":true,"href":"https:\/\/bmdprekyba.lt\/en\/wp-json\/wp\/v2\/product_tag?post=1865"}],"curies":[{"name":"wp","href":"https:\/\/api.w.org\/{rel}","templated":true}]}}