{"id":1863,"date":"2025-07-29T16:59:54","date_gmt":"2025-07-29T16:59:54","guid":{"rendered":"https:\/\/bmdprekyba.lt\/?post_type=product&#038;p=1863"},"modified":"2026-01-09T12:01:21","modified_gmt":"2026-01-09T12:01:21","slug":"bzihizo-sieninis-flansinis-jungtis-ventiliacijos-vamzdziui-sienos-jungties-flansas-apvalus-ismetimo-oro-vamzdis-100-mm","status":"publish","type":"product","link":"https:\/\/bmdprekyba.lt\/en\/product\/bzihizo-sieninis-flansinis-jungtis-ventiliacijos-vamzdziui-sienos-jungties-flansas-apvalus-ismetimo-oro-vamzdis-100-mm\/","title":{"rendered":"Sieninis flan\u0161inis ventiliacijos jungtis (100 mm)"},"content":{"rendered":"<p>BZIHIZO sieninis flan\u0161inis jungtis ventiliacijos vamzd\u017eiui \u2013 apvalus sienos jungties flan\u0161as i\u0161metimo oro vamzd\u017eiui, skersmuo 100 mm.<\/p>","protected":false},"excerpt":{"rendered":"<p>BZIHIZO sieninis flan\u0161inis jungtis ventiliacijos vamzd\u017eiui \u2013 sienos jungties flan\u0161as, apvalus i\u0161metimo oro vamzdis (100 mm)<\/p>","protected":false},"featured_media":1946,"comment_status":"open","ping_status":"closed","template":"","meta":{"_acf_changed":false,"inline_featured_image":false},"product_brand":[],"product_cat":[15],"product_tag":[],"class_list":{"0":"post-1863","1":"product","2":"type-product","3":"status-publish","4":"has-post-thumbnail","6":"product_cat-be-kategorijos","8":"first","9":"instock","10":"taxable","11":"shipping-taxable","12":"purchasable","13":"product-type-simple"},"acf":[],"_links":{"self":[{"href":"https:\/\/bmdprekyba.lt\/en\/wp-json\/wp\/v2\/product\/1863","targetHints":{"allow":["GET"]}}],"collection":[{"href":"https:\/\/bmdprekyba.lt\/en\/wp-json\/wp\/v2\/product"}],"about":[{"href":"https:\/\/bmdprekyba.lt\/en\/wp-json\/wp\/v2\/types\/product"}],"replies":[{"embeddable":true,"href":"https:\/\/bmdprekyba.lt\/en\/wp-json\/wp\/v2\/comments?post=1863"}],"wp:featuredmedia":[{"embeddable":true,"href":"https:\/\/bmdprekyba.lt\/en\/wp-json\/wp\/v2\/media\/1946"}],"wp:attachment":[{"href":"https:\/\/bmdprekyba.lt\/en\/wp-json\/wp\/v2\/media?parent=1863"}],"wp:term":[{"taxonomy":"product_brand","embeddable":true,"href":"https:\/\/bmdprekyba.lt\/en\/wp-json\/wp\/v2\/product_brand?post=1863"},{"taxonomy":"product_cat","embeddable":true,"href":"https:\/\/bmdprekyba.lt\/en\/wp-json\/wp\/v2\/product_cat?post=1863"},{"taxonomy":"product_tag","embeddable":true,"href":"https:\/\/bmdprekyba.lt\/en\/wp-json\/wp\/v2\/product_tag?post=1863"}],"curies":[{"name":"wp","href":"https:\/\/api.w.org\/{rel}","templated":true}]}}