{"id":1862,"date":"2025-07-29T16:59:54","date_gmt":"2025-07-29T16:59:54","guid":{"rendered":"https:\/\/bmdprekyba.lt\/?post_type=product&#038;p=1862"},"modified":"2026-01-09T12:01:21","modified_gmt":"2026-01-09T12:01:21","slug":"safeyear-vyriski-kariniai-darbo-batai-sunkios-apkrovos-koviniai-apsauginiai-armijos-batai-platus-minkstas-priekinis-pirstas-atsparus-vandeniui-naturali-oda-suvarstomi-taktiniai-policijos-apsaugo","status":"publish","type":"product","link":"https:\/\/bmdprekyba.lt\/en\/product\/safeyear-vyriski-kariniai-darbo-batai-sunkios-apkrovos-koviniai-apsauginiai-armijos-batai-platus-minkstas-priekinis-pirstas-atsparus-vandeniui-naturali-oda-suvarstomi-taktiniai-policijos-apsaugo\/","title":{"rendered":"Vyri\u0161ki kariniai taktiniai batai"},"content":{"rendered":"<p>SAFEYEAR vyri\u0161ki kariniai darbo batai \u2013 sunkios apkrovos koviniai, su platu mink\u0161tu priekiu, atspar\u016bs vandeniui, pagaminti i\u0161 nat\u016bralios odos, suvarstomi, taktiniai policijos ir armijos batai, su \u0161oniniu auk\u0161tu SRC u\u017etrauktuku.<\/p>\n<p>Dydis 45.<\/p>","protected":false},"excerpt":{"rendered":"<p>SAFEYEAR vyri\u0161ki kariniai darbo batai 45 D, sunkios apkrovos koviniai apsauginiai armijos batai, platus mink\u0161tas priekinis pir\u0161tas, atspar\u016bs vandeniui, nat\u016brali oda, suvarstomi, taktiniai policijos apsaugos batai, auk\u0161tas SRC u\u017etrauktukas \u0161one<\/p>","protected":false},"featured_media":2192,"comment_status":"open","ping_status":"closed","template":"","meta":{"_acf_changed":false,"inline_featured_image":false},"product_brand":[],"product_cat":[104],"product_tag":[],"class_list":{"0":"post-1862","1":"product","2":"type-product","3":"status-publish","4":"has-post-thumbnail","6":"product_cat-batai","8":"first","9":"instock","10":"taxable","11":"shipping-taxable","12":"purchasable","13":"product-type-simple"},"acf":[],"_links":{"self":[{"href":"https:\/\/bmdprekyba.lt\/en\/wp-json\/wp\/v2\/product\/1862","targetHints":{"allow":["GET"]}}],"collection":[{"href":"https:\/\/bmdprekyba.lt\/en\/wp-json\/wp\/v2\/product"}],"about":[{"href":"https:\/\/bmdprekyba.lt\/en\/wp-json\/wp\/v2\/types\/product"}],"replies":[{"embeddable":true,"href":"https:\/\/bmdprekyba.lt\/en\/wp-json\/wp\/v2\/comments?post=1862"}],"wp:featuredmedia":[{"embeddable":true,"href":"https:\/\/bmdprekyba.lt\/en\/wp-json\/wp\/v2\/media\/2192"}],"wp:attachment":[{"href":"https:\/\/bmdprekyba.lt\/en\/wp-json\/wp\/v2\/media?parent=1862"}],"wp:term":[{"taxonomy":"product_brand","embeddable":true,"href":"https:\/\/bmdprekyba.lt\/en\/wp-json\/wp\/v2\/product_brand?post=1862"},{"taxonomy":"product_cat","embeddable":true,"href":"https:\/\/bmdprekyba.lt\/en\/wp-json\/wp\/v2\/product_cat?post=1862"},{"taxonomy":"product_tag","embeddable":true,"href":"https:\/\/bmdprekyba.lt\/en\/wp-json\/wp\/v2\/product_tag?post=1862"}],"curies":[{"name":"wp","href":"https:\/\/api.w.org\/{rel}","templated":true}]}}