{"id":1220,"date":"2025-04-09T00:00:00","date_gmt":"2025-04-09T00:00:00","guid":{"rendered":"https:\/\/bmdprekyba.lt\/?post_type=product&#038;p=1220"},"modified":"2026-01-09T12:01:22","modified_gmt":"2026-01-09T12:01:22","slug":"shall-3-viename-belaidis-elektrinis-segiklis-su-2500-kabiu-segtuku-nuemimu-ir-greitu-ikrovikliu","status":"publish","type":"product","link":"https:\/\/bmdprekyba.lt\/en\/product\/shall-3-viename-belaidis-elektrinis-segiklis-su-2500-kabiu-segtuku-nuemimu-ir-greitu-ikrovikliu\/","title":{"rendered":"belaidis elektrinis segikli &#8222;SHALL 3&#8221; su 2500 kabi\u0173, segtuk\u0173 nu\u0117mimu ir greitu \u012fkrovikliu"},"content":{"rendered":"<div id=\"chat-history\" class=\"chat-history-scroll-container\">\n<div id=\"bc27d4d829344ef7\" class=\"conversation-container message-actions-hover-boundary ng-star-inserted\">\n<div class=\"response-container ng-tns-c4102658575-31 response-container-with-gpi ng-star-inserted response-container-has-multiple-responses\">\n<div class=\"presented-response-container ng-tns-c4102658575-31\">\n<div class=\"response-container-content ng-tns-c4102658575-31\">\n<div class=\"response-content ng-tns-c4102658575-31\">\n<div id=\"model-response-message-contentr_bc27d4d829344ef7\" class=\"markdown markdown-main-panel enable-updated-hr-color\" dir=\"ltr\">\n<h2>3-in-1 Universalumas<\/h2>\n<p>\u0160is elektrinis apmu\u0161al\u0173 segiklis suderinamas su T50 ir JT21 kab\u0117mis (nuo 1\/4\u201d iki 9\/16\u201d) bei 18 dyd\u017eio apdailos vinimis (nuo 9\/16\u201d iki 5\/8\u201d). Jis puikiai tinka \u012fvairiems projektams, \u012fskaitant apmu\u0161alus, med\u017eiag\u0173 remont\u0105, dekoravim\u0105, stali\u0173 darbus ir bald\u0173 gamyb\u0105 \u201epasidaryk pats\u201c principu.<\/p>\n<h2>Ilgas Baterijos Tarnavimo Laikas<\/h2>\n<p>Varomas patobulinta 2500 mAh li\u010dio jon\u0173 baterija, \u0161is belaidis segiklis vienu \u012fkrovimu gali atlikti daugiau nei 1400 \u0161\u016bvi\u0173. Pridedamas 1,5 valandos Type-C greitasis \u012fkroviklis suma\u017eina laukimo laik\u0105.<\/p>\n<h2>3 \u017dingsni\u0173 Saugos Mechanizmas<\/h2>\n<p><span class=\"citation-1 citation-end-1\">Vartotojo saugumui, elektrinis segiklis ir vini\u0173 kaliklis turi trij\u0173 \u017eingsni\u0173 aktyvavimo mechanizm\u0105: \u012fjunkite maitinimo mygtuk\u0105, tada vienu metu prispauskite paleidikl\u012f prie pavir\u0161iaus ir paspauskite gaiduk\u0105.<\/span><\/p>\n<h2>LED Maitinimo Indikatorius<\/h2>\n<p>Normaliai veikiant, \u017ealia LED lemput\u0117 u\u017esidega kiekvien\u0105 kart\u0105, kai atliekamas \u0161\u016bvis. Ji paraudonuoja, kai baterija i\u0161sikrovusi. Nenaudokite vini\u0173 kaliklio, kai jis kraunamas. Kai nenaudojate, i\u0161junkite maitinimo jungikl\u012f \u012f \u201e0\u201c pad\u0117t\u012f.<\/p>\n<h2>Ergonomi\u0161kas ir Lengvas Dizainas<\/h2>\n<p>Sveriantis vos 1,7 svaro (apie 0,77 kg), \u0161is lengvas belaidis segiklis turi ergonomi\u0161k\u0105, neslystan\u010di\u0105 gumin\u0119 ranken\u0105, kuri suma\u017eina vartotojo nuovarg\u012f ilgai naudojant.<\/p>\n<h2>Kas \u012eeina \u012f Komplekt\u0105<\/h2>\n<p>Gausite 4V elektrin\u012f apmu\u0161al\u0173 segikl\u012f, kabu\u010di\u0173 i\u0161\u0117mikl\u012f, 2000 vnt. T50 ir JT21 kabi\u0173 (3\/8\u201d), 500 vnt. 18 dyd\u017eio apdailos vini\u0173 (5\/8\u201d) ir greit\u0105j\u012f \u012fkrovikl\u012f su laidu.<\/p>\n<h2>Pla\u010dios Paskirties Sritys<\/h2>\n<p>\u0160is \u012frankis pla\u010diai naudojamas kam\u0161tienos, bendrosios prie\u017ei\u016bros, \u201epasidaryk pats\u201c rankdarbi\u0173, dekoracij\u0173, izoliacijos, audini\u0173, odos tvirtinimui ir kitoms tvirtinimo reikm\u0117ms.<\/p>\n<\/div>\n<\/div>\n<\/div>\n<\/div>\n<\/div>\n<\/div>\n<\/div>","protected":false},"excerpt":{"rendered":"<p>3-in-1 Universalumas \u0160is elektrinis apmu\u0161al\u0173 segiklis suderinamas su T50 ir JT21 kab\u0117mis (nuo 1\/4\u201d iki 9\/16\u201d) bei 18 dyd\u017eio apdailos vinimis (nuo 9\/16\u201d iki 5\/8\u201d). Jis puikiai tinka \u012fvairiems projektams, \u012fskaitant apmu\u0161alus, med\u017eiag\u0173 remont\u0105, dekoravim\u0105, stali\u0173 darbus ir bald\u0173 gamyb\u0105 \u201epasidaryk pats\u201c principu. Ilgas Baterijos Tarnavimo Laikas Varomas patobulinta 2500 mAh li\u010dio jon\u0173 baterija, \u0161is [&hellip;]<\/p>\n","protected":false},"featured_media":1630,"comment_status":"open","ping_status":"closed","template":"","meta":{"_acf_changed":false,"inline_featured_image":false},"product_brand":[],"product_cat":[79],"product_tag":[],"class_list":{"0":"post-1220","1":"product","2":"type-product","3":"status-publish","4":"has-post-thumbnail","6":"product_cat-irankiai","8":"first","9":"instock","10":"taxable","11":"shipping-taxable","12":"purchasable","13":"product-type-simple"},"acf":[],"_links":{"self":[{"href":"https:\/\/bmdprekyba.lt\/en\/wp-json\/wp\/v2\/product\/1220","targetHints":{"allow":["GET"]}}],"collection":[{"href":"https:\/\/bmdprekyba.lt\/en\/wp-json\/wp\/v2\/product"}],"about":[{"href":"https:\/\/bmdprekyba.lt\/en\/wp-json\/wp\/v2\/types\/product"}],"replies":[{"embeddable":true,"href":"https:\/\/bmdprekyba.lt\/en\/wp-json\/wp\/v2\/comments?post=1220"}],"wp:featuredmedia":[{"embeddable":true,"href":"https:\/\/bmdprekyba.lt\/en\/wp-json\/wp\/v2\/media\/1630"}],"wp:attachment":[{"href":"https:\/\/bmdprekyba.lt\/en\/wp-json\/wp\/v2\/media?parent=1220"}],"wp:term":[{"taxonomy":"product_brand","embeddable":true,"href":"https:\/\/bmdprekyba.lt\/en\/wp-json\/wp\/v2\/product_brand?post=1220"},{"taxonomy":"product_cat","embeddable":true,"href":"https:\/\/bmdprekyba.lt\/en\/wp-json\/wp\/v2\/product_cat?post=1220"},{"taxonomy":"product_tag","embeddable":true,"href":"https:\/\/bmdprekyba.lt\/en\/wp-json\/wp\/v2\/product_tag?post=1220"}],"curies":[{"name":"wp","href":"https:\/\/api.w.org\/{rel}","templated":true}]}}