{"id":1219,"date":"2025-04-09T00:00:00","date_gmt":"2025-04-09T00:00:00","guid":{"rendered":"https:\/\/bmdprekyba.lt\/?post_type=product&#038;p=1219"},"modified":"2026-01-09T12:01:22","modified_gmt":"2026-01-09T12:01:22","slug":"savaime-issilyginantis-linijinis-lazeris-kiprim-lv1d-15m-%c2%b1-02-mm-m-360-perjungiamas-vertikalus-horizontalus-lazeris-ip54-iskaitant-2aa-baterijas-ir-apsaugini-maiseli","status":"publish","type":"product","link":"https:\/\/bmdprekyba.lt\/en\/product\/savaime-issilyginantis-linijinis-lazeris-kiprim-lv1d-15m-%c2%b1-02-mm-m-360-perjungiamas-vertikalus-horizontalus-lazeris-ip54-iskaitant-2aa-baterijas-ir-apsaugini-maiseli\/","title":{"rendered":"Savaime i\u0161silyginantis linijinis lazeris Kiprim LV1D 15M \u00b1 0,2 mm\/m, 360\u00b0 perjungiamas vertikalus\/horizontalus lazeris IP54, \u012fskaitant 2*AA baterijas ir apsaugin\u012f mai\u0161el\u012f"},"content":{"rendered":"<h2>Du Lazeriniai Moduliai<\/h2>\n<p>\u0160is lazerinis nivelyras turi <b>2 lazerinius si\u0173stuvus<\/b> (lazerio lygis: 2), kurie leid\u017eia laisvai perjungti <b>3 projekcijos re\u017eimus<\/b>: kry\u017emin\u0119 linij\u0105, vertikali\u0105 linij\u0105 ir horizontali\u0105 linij\u0105. Labai tinka i\u0161lyginimui ir balansavimui.<\/p>\n<h2>U\u017erakinimo Funkcija<\/h2>\n<p>Kai lazerinis nivelyras yra i\u0161jungtas, paspauskite vir\u0161utin\u012f mygtuk\u0105 ma\u017edaug 3 sekundes, kad <b>u\u017efiksuotum\u0117te 90 laipsni\u0173 kamp\u0105<\/b> ir gautum\u0117te pakreipt\u0105 lazerio linij\u0105. Tinka montuojant plyteles ir sien\u0173 freskas. <span class=\"citation-47\">\u012erenginys yra <\/span><b><span class=\"citation-47\">IP54 atsparumo dulk\u0117ms ir purslams<\/span><\/b><span class=\"citation-47 citation-end-47\">, taip pat atsparus kritimui i\u0161 1 metro auk\u0161\u010dio.<\/span><\/p>\n<h2>Kampo Priminimas<\/h2>\n<p>Vidin\u0117s kair\u0117s ir de\u0161in\u0117s \u017enypl\u0117s u\u017efiksuoja svyravim\u0105, kad u\u017etikrint\u0173 centrin\u012f u\u017erakt\u0105, daugiau ar ma\u017eiau automatin\u012f niveliavim\u0105 <b>3\u00b0\u00b11\u00b0<\/b>.<\/p>\n<h2>Universalumas<\/h2>\n<p>1\/4 colio sriegio anga burbulinio nivelyro apa\u010dioje leid\u017eia <b>\u012frengti nivelyr\u0105 ant trikojo<\/b> ir j\u012f galima laisvai pasukti <b>360\u00b0<\/b>, projektuojant lazerio linij\u0105 \u012f bet kuri\u0105 pozicij\u0105 ar kamp\u0105, arba reguliuoti auk\u0161t\u012f trikoju, o tai yra labai patogu.<\/p>","protected":false},"excerpt":{"rendered":"<p>Du Lazeriniai Moduliai \u0160is lazerinis nivelyras turi 2 lazerinius si\u0173stuvus (lazerio lygis: 2), kurie leid\u017eia laisvai perjungti 3 projekcijos re\u017eimus: kry\u017emin\u0119 linij\u0105, vertikali\u0105 linij\u0105 ir horizontali\u0105 linij\u0105. Labai tinka i\u0161lyginimui ir balansavimui. U\u017erakinimo Funkcija Kai lazerinis nivelyras yra i\u0161jungtas, paspauskite vir\u0161utin\u012f mygtuk\u0105 ma\u017edaug 3 sekundes, kad u\u017efiksuotum\u0117te 90 laipsni\u0173 kamp\u0105 ir gautum\u0117te pakreipt\u0105 lazerio linij\u0105. [&hellip;]<\/p>\n","protected":false},"featured_media":1776,"comment_status":"open","ping_status":"closed","template":"","meta":{"_acf_changed":false,"inline_featured_image":false},"product_brand":[],"product_cat":[79],"product_tag":[],"class_list":{"0":"post-1219","1":"product","2":"type-product","3":"status-publish","4":"has-post-thumbnail","6":"product_cat-irankiai","8":"first","9":"instock","10":"taxable","11":"shipping-taxable","12":"purchasable","13":"product-type-simple"},"acf":[],"_links":{"self":[{"href":"https:\/\/bmdprekyba.lt\/en\/wp-json\/wp\/v2\/product\/1219","targetHints":{"allow":["GET"]}}],"collection":[{"href":"https:\/\/bmdprekyba.lt\/en\/wp-json\/wp\/v2\/product"}],"about":[{"href":"https:\/\/bmdprekyba.lt\/en\/wp-json\/wp\/v2\/types\/product"}],"replies":[{"embeddable":true,"href":"https:\/\/bmdprekyba.lt\/en\/wp-json\/wp\/v2\/comments?post=1219"}],"wp:featuredmedia":[{"embeddable":true,"href":"https:\/\/bmdprekyba.lt\/en\/wp-json\/wp\/v2\/media\/1776"}],"wp:attachment":[{"href":"https:\/\/bmdprekyba.lt\/en\/wp-json\/wp\/v2\/media?parent=1219"}],"wp:term":[{"taxonomy":"product_brand","embeddable":true,"href":"https:\/\/bmdprekyba.lt\/en\/wp-json\/wp\/v2\/product_brand?post=1219"},{"taxonomy":"product_cat","embeddable":true,"href":"https:\/\/bmdprekyba.lt\/en\/wp-json\/wp\/v2\/product_cat?post=1219"},{"taxonomy":"product_tag","embeddable":true,"href":"https:\/\/bmdprekyba.lt\/en\/wp-json\/wp\/v2\/product_tag?post=1219"}],"curies":[{"name":"wp","href":"https:\/\/api.w.org\/{rel}","templated":true}]}}